{"id":125,"date":"2024-02-02T17:00:58","date_gmt":"2024-02-02T16:00:58","guid":{"rendered":"https:\/\/www.votteler.com\/?page_id=125"},"modified":"2024-07-30T09:46:10","modified_gmt":"2024-07-30T07:46:10","slug":"anfrage","status":"publish","type":"page","link":"https:\/\/www.votteler.com\/de\/anfrage\/","title":{"rendered":"Anfrage"},"content":{"rendered":"\n<div class=\"wp-block-columns alignfull anfrageformular no-top-margin has-background is-layout-flex wp-container-core-columns-is-layout-28f84493 wp-block-columns-is-layout-flex\" style=\"background:linear-gradient(71deg,rgb(30,78,157) 0%,rgb(30,78,157) 37%,rgb(73,114,182) 68%,rgb(24,58,113) 100%)\">\n<div class=\"wp-block-column is-vertically-aligned-center has-global-padding is-layout-constrained wp-container-core-column-is-layout-00f579c5 wp-block-column-is-layout-constrained\">\n<div class=\"wp-block-columns is-layout-flex wp-container-core-columns-is-layout-28f84493 wp-block-columns-is-layout-flex\">\n<div class=\"wp-block-column has-global-padding is-layout-constrained wp-container-core-column-is-layout-00f579c5 wp-block-column-is-layout-constrained\" style=\"flex-basis:66%\">\n<p class=\"has-base-color has-text-color has-link-color has-medium-font-size wp-elements-789ec3b0602874ae2bf393eab03aa10c\"><strong>Ja, ich will&#8230;<\/strong><br>&#8230; unbedingt mehr \u00fcber Votteler erfahren? Oder Sie interessieren sich f\u00fcr ein&nbsp;<strong>Produkt<\/strong>, ben\u00f6tigen eine&nbsp;<strong>Beratung<\/strong>&nbsp;oder m\u00f6chten ein&nbsp;<strong>Angebot<\/strong>&nbsp;erhalten? <\/p>\n\n\n\n<p class=\"has-base-color has-text-color has-link-color has-medium-font-size wp-elements-cbb195eaea7cbc5530fd0d15577bd35b\">Einfach Formular vollst\u00e4ndig ausf\u00fcllen, zutreffendes ankreuzen, absenden und sich auf Nachricht von Votteler<br>freuen.<\/p>\n<\/div>\n\n\n\n<div class=\"wp-block-column has-base-color has-text-color has-link-color wp-elements-b887e0fdcdc863ebb7d3f2a175813ddf is-layout-flow wp-block-column-is-layout-flow\" style=\"flex-basis:50%\">\n<div class=\"wpcf7 no-js\" id=\"wpcf7-f124-o1\" lang=\"de-DE\" dir=\"ltr\" data-wpcf7-id=\"124\">\n<div class=\"screen-reader-response\"><p role=\"status\" aria-live=\"polite\" aria-atomic=\"true\"><\/p> <ul><\/ul><\/div>\n<form action=\"\/de\/wp-json\/wp\/v2\/pages\/125#wpcf7-f124-o1\" method=\"post\" class=\"wpcf7-form init\" aria-label=\"Kontaktformular\" novalidate=\"novalidate\" data-status=\"init\">\n<fieldset class=\"hidden-fields-container\"><input type=\"hidden\" name=\"_wpcf7\" value=\"124\" \/><input type=\"hidden\" name=\"_wpcf7_version\" value=\"6.1.5\" \/><input type=\"hidden\" name=\"_wpcf7_locale\" value=\"de_DE\" \/><input type=\"hidden\" name=\"_wpcf7_unit_tag\" value=\"wpcf7-f124-o1\" \/><input type=\"hidden\" name=\"_wpcf7_container_post\" value=\"0\" \/><input type=\"hidden\" name=\"_wpcf7_posted_data_hash\" value=\"\" \/><input type=\"hidden\" name=\"_wpcf7_recaptcha_response\" value=\"\" \/>\n<\/fieldset>\n<table>\n\t<tr>\n\t\t<td colspan=\"2\">\n\t\t\t<p><label> Name des Unternehmens*<br \/>\n<span class=\"wpcf7-form-control-wrap\" data-name=\"company-name\"><input size=\"40\" maxlength=\"400\" class=\"wpcf7-form-control wpcf7-text wpcf7-validates-as-required contact-form-company-name\" aria-required=\"true\" aria-invalid=\"false\" value=\"\" type=\"text\" name=\"company-name\" \/><\/span><\/label>\n\t\t\t<\/p>\n\t\t<\/td>\n\t<\/tr>\n\t<tr>\n\t\t<td colspan=\"2\">\n\t\t\t<p><label> Position<br \/>\n<span class=\"wpcf7-form-control-wrap\" data-name=\"company-position\"><input size=\"40\" maxlength=\"400\" class=\"wpcf7-form-control wpcf7-text\" aria-invalid=\"false\" value=\"\" type=\"text\" name=\"company-position\" \/><\/span><\/label>\n\t\t\t<\/p>\n\t\t<\/td>\n\t<\/tr>\n\t<tr>\n\t\t<td colspan=\"2\">\n\t\t\t<p><label> Vorname \/ Nachname*<br \/>\n<span class=\"wpcf7-form-control-wrap\" data-name=\"your-name\"><input size=\"40\" maxlength=\"400\" class=\"wpcf7-form-control wpcf7-text wpcf7-validates-as-required\" autocomplete=\"name\" aria-required=\"true\" aria-invalid=\"false\" value=\"\" type=\"text\" name=\"your-name\" \/><\/span><\/label>\n\t\t\t<\/p>\n\t\t<\/td>\n\t<\/tr>\n\t<tr>\n\t\t<td colspan=\"1\">\n\t\t\t<p><label> Stra\u00dfe<br \/>\n<span class=\"wpcf7-form-control-wrap\" data-name=\"company-street\"><input size=\"40\" maxlength=\"400\" class=\"wpcf7-form-control wpcf7-text contact-form-street\" aria-invalid=\"false\" value=\"\" type=\"text\" name=\"company-street\" \/><\/span><\/label>\n\t\t\t<\/p>\n\t\t<\/td>\n\t\t<td colspan=\"1\">\n\t\t\t<p><label> Hausnummer<br \/>\n<span class=\"wpcf7-form-control-wrap\" data-name=\"company-street-number\"><input size=\"40\" maxlength=\"400\" class=\"wpcf7-form-control wpcf7-text contact-form-street-number\" aria-invalid=\"false\" value=\"\" type=\"text\" name=\"company-street-number\" \/><\/span><\/label>\n\t\t\t<\/p>\n\t\t<\/td>\n\t<\/tr>\n\t<tr>\n\t\t<td colspan=\"1\">\n\t\t\t<p><label>PLZ<br \/>\n<span class=\"wpcf7-form-control-wrap\" data-name=\"zip-code\"><input size=\"40\" maxlength=\"400\" class=\"wpcf7-form-control wpcf7-text contact-form-zip\" aria-invalid=\"false\" value=\"\" type=\"text\" name=\"zip-code\" \/><\/span><\/label>\n\t\t\t<\/p>\n\t\t<\/td>\n\t\t<td colspan=\"1\">\n\t\t\t<p><label>Ort<br \/>\n<span class=\"wpcf7-form-control-wrap\" data-name=\"company-city\"><input size=\"40\" maxlength=\"400\" class=\"wpcf7-form-control wpcf7-text contact-form-city\" aria-invalid=\"false\" value=\"\" type=\"text\" name=\"company-city\" \/><\/span><\/label>\n\t\t\t<\/p>\n\t\t<\/td>\n\t<\/tr>\n\t<tr>\n\t\t<td colspan=\"2\">\n\t\t\t<p><label> Telefon*<br \/>\n<span class=\"wpcf7-form-control-wrap\" data-name=\"your-phone\"><input size=\"40\" maxlength=\"400\" class=\"wpcf7-form-control wpcf7-tel wpcf7-validates-as-required wpcf7-text wpcf7-validates-as-tel\" aria-required=\"true\" aria-invalid=\"false\" value=\"\" type=\"tel\" name=\"your-phone\" \/><\/span><\/label>\n\t\t\t<\/p>\n\t\t<\/td>\n\t<\/tr>\n\t<tr>\n\t\t<td colspan=\"2\">\n\t\t\t<p><label> E-Mail-Adresse*<br \/>\n<span class=\"wpcf7-form-control-wrap\" data-name=\"your-email\"><input size=\"40\" maxlength=\"400\" class=\"wpcf7-form-control wpcf7-email wpcf7-validates-as-required wpcf7-text wpcf7-validates-as-email\" autocomplete=\"email\" aria-required=\"true\" aria-invalid=\"false\" value=\"\" type=\"email\" name=\"your-email\" \/><\/span> <\/label>\n\t\t\t<\/p>\n\t\t<\/td>\n\t<\/tr>\n\t<tr>\n\t\t<td colspan=\"1\">\n\t\t\t<p><label> Sie erreichen mich am besten am<br \/>\n<span class=\"wpcf7-form-control-wrap\" data-name=\"your-contact-day\"><select class=\"wpcf7-form-control wpcf7-select\" aria-invalid=\"false\" name=\"your-contact-day\"><option value=\"Montag\">Montag<\/option><option value=\"Dienstag\">Dienstag<\/option><option value=\"Mittwoch\">Mittwoch<\/option><option value=\"Donnerstag\">Donnerstag<\/option><option value=\"Freitag\">Freitag<\/option><\/select><\/span><\/label>\n\t\t\t<\/p>\n\t\t<\/td>\n\t\t<td colspan=\"1\">\n\t\t\t<p><label> um die Uhrzeit<br \/>\n<span class=\"wpcf7-form-control-wrap\" data-name=\"your-contact-time\"><select class=\"wpcf7-form-control wpcf7-select\" aria-invalid=\"false\" name=\"your-contact-time\"><option value=\"08:00\">08:00<\/option><option value=\"08:30\">08:30<\/option><option value=\"09:00\">09:00<\/option><option value=\"09:30\">09:30<\/option><option value=\"10:00\">10:00<\/option><option value=\"10:30\">10:30<\/option><option value=\"11:00\">11:00<\/option><option value=\"11:30\">11:30<\/option><option value=\"12:00\">12:00<\/option><option value=\"12:30\">12:30<\/option><option value=\"13:00\">13:00<\/option><option value=\"13:30\">13:30<\/option><option value=\"14:00\">14:00<\/option><option value=\"14:30\">14:30<\/option><option value=\"15:00\">15:00<\/option><option value=\"15:30\">15:30<\/option><option value=\"16:00\">16:00<\/option><\/select><\/span><\/label>\n\t\t\t<\/p>\n\t\t<\/td>\n\t<\/tr>\n\t<tr>\n\t\t<td colspan=\"2\">\n\t\t\t<p><label> Nachricht<br \/>\n<span class=\"wpcf7-form-control-wrap\" data-name=\"your-message\"><textarea cols=\"40\" rows=\"10\" maxlength=\"2000\" class=\"wpcf7-form-control wpcf7-textarea\" aria-invalid=\"false\" name=\"your-message\"><\/textarea><\/span> <\/label>\n\t\t\t<\/p>\n\t\t<\/td>\n\t<\/tr>\n\t<tr>\n\t\t<td colspan=\"2\">\n\t\t\t<p><span class=\"wpcf7-form-control-wrap\" data-name=\"privacy-acceptance\"><span class=\"wpcf7-form-control wpcf7-acceptance\"><span class=\"wpcf7-list-item\"><input type=\"checkbox\" name=\"privacy-acceptance\" value=\"1\" aria-invalid=\"false\" \/><\/span><\/span><\/span> Ich bin damit einverstanden, dass meine pers\u00f6nlichen Daten f\u00fcr die Kontaktaufnahme elektronisch gespeichert werden\n\t\t\t<\/p>\n\t\t<\/td>\n\t<\/tr>\n\t<tr>\n\t\t<td colspan=\"2\">\n\t\t\t<p><input class=\"wpcf7-form-control wpcf7-submit has-spinner send-button\" type=\"submit\" value=\"Absenden\" \/>\n\t\t\t<\/p>\n\t\t<\/td>\n\t<\/tr>\n<\/table><div class=\"wpcf7-response-output\" aria-hidden=\"true\"><\/div>\n<\/form>\n<\/div>\n\n<\/div>\n<\/div>\n<\/div>\n<\/div>\n","protected":false},"excerpt":{"rendered":"<p>Ja, ich will&#8230;&#8230; unbedingt mehr \u00fcber Votteler erfahren? Oder Sie interessieren sich f\u00fcr ein&nbsp;Produkt, ben\u00f6tigen eine&nbsp;Beratung&nbsp;oder m\u00f6chten ein&nbsp;Angebot&nbsp;erhalten? Einfach Formular vollst\u00e4ndig ausf\u00fcllen, zutreffendes ankreuzen, absenden und sich auf Nachricht von Vottelerfreuen.<\/p>\n","protected":false},"author":2,"featured_media":1166,"parent":0,"menu_order":0,"comment_status":"closed","ping_status":"closed","template":"wp-custom-template-seitentemplate-unternehmen","meta":{"_acf_changed":false,"footnotes":""},"class_list":["post-125","page","type-page","status-publish","has-post-thumbnail","hentry"],"acf":[],"_links":{"self":[{"href":"https:\/\/www.votteler.com\/de\/wp-json\/wp\/v2\/pages\/125","targetHints":{"allow":["GET"]}}],"collection":[{"href":"https:\/\/www.votteler.com\/de\/wp-json\/wp\/v2\/pages"}],"about":[{"href":"https:\/\/www.votteler.com\/de\/wp-json\/wp\/v2\/types\/page"}],"author":[{"embeddable":true,"href":"https:\/\/www.votteler.com\/de\/wp-json\/wp\/v2\/users\/2"}],"replies":[{"embeddable":true,"href":"https:\/\/www.votteler.com\/de\/wp-json\/wp\/v2\/comments?post=125"}],"version-history":[{"count":47,"href":"https:\/\/www.votteler.com\/de\/wp-json\/wp\/v2\/pages\/125\/revisions"}],"predecessor-version":[{"id":4002,"href":"https:\/\/www.votteler.com\/de\/wp-json\/wp\/v2\/pages\/125\/revisions\/4002"}],"wp:featuredmedia":[{"embeddable":true,"href":"https:\/\/www.votteler.com\/de\/wp-json\/wp\/v2\/media\/1166"}],"wp:attachment":[{"href":"https:\/\/www.votteler.com\/de\/wp-json\/wp\/v2\/media?parent=125"}],"curies":[{"name":"wp","href":"https:\/\/api.w.org\/{rel}","templated":true}]}}