{"id":2574,"date":"2024-03-22T16:21:52","date_gmt":"2024-03-22T15:21:52","guid":{"rendered":"https:\/\/www.votteler.com\/?page_id=2574"},"modified":"2025-07-25T08:38:42","modified_gmt":"2025-07-25T06:38:42","slug":"downloads","status":"publish","type":"page","link":"https:\/\/www.votteler.com\/de\/downloads\/","title":{"rendered":"Downloads"},"content":{"rendered":"\n<h2 class=\"wp-block-heading\">Downloads<\/h2>\n\n\n\n<p>Die hier zum Download bereitgestellten Flyer bieten Ihnen einen ersten Einblick in unser vielf\u00e4ltiges Produktsortiment. Bitte beachten Sie, dass diese Dokumente nur eine Auswahl unserer umfassenden Produktpalette darstellen. F\u00fcr weitere Informationen und eine vollst\u00e4ndige \u00dcbersicht \u00fcber unsere Produkte, <a href=\"https:\/\/www.votteler.com\/de\/anfrage\/\">kontaktieren<\/a> Sie uns bitte direkt. <\/p>\n\n\n\n<p><\/p>\n\n\n\n<h4 class=\"wp-block-heading .no-underline { text-decoration: none; } has-primary-color has-text-color has-link-color wp-elements-613f70f0d69377fe78eee781aecbe34c\">Holzindustrie, Handwerk und <a href=\"https:\/\/www.votteler.com\/de\/unternehmen\/handelspartner\/\" class=\"no-underline\" target=\"_blank\" rel=\"noreferrer noopener\">Fachhandel<\/a><\/h4>\n\n\n\n<h5 class=\"wp-block-heading\">Wasserverd\u00fcnnbare Systeme<\/h5>\n\n\n\n<p>Unsere innovativen wasserverd\u00fcnnbaren Systeme setzen neue Ma\u00dfst\u00e4be in der Farblackierung. Sie bieten nicht nur herausragende Oberfl\u00e4chenqualit\u00e4t, sondern auch erhebliche Umweltvorteile durch reduzierte VOC-Emissionen. Sie wollen auf Wasserlacke umstellen? <a href=\"https:\/\/www.votteler.com\/de\/anfrage\/\">Melden Sie sich bei uns.<\/a> Gemeinsam finden wir das passende System f\u00fcr Ihre Anforderungen!<\/p>\n\n\n\n<figure class=\"wp-block-table\"><table class=\"has-border-color has-custom-primary-light-gray-border-color has-fixed-layout\" style=\"border-width:1px\"><thead><tr><th>Produkt<\/th><th class=\"has-text-align-center\" data-align=\"center\">Produktflyer<\/th><th>Besonders geeignet f\u00fcr&#8230;<\/th><\/tr><\/thead><tbody><tr><td><strong>VARIOHYDRO\u00ae CORAL<\/strong> ist ein \u00e4u\u00dferst benutzerfreundliches und vielseitig einsetzbares Farblacksystem zur Lackierung hochwertigster Oberfl\u00e4chen. Mit diesem System findet eine unbegrenzte Farbpalette in voller Pracht bei Ihnen Einzug.<\/td><td class=\"has-text-align-center\" data-align=\"center\"><a href=\"https:\/\/www.votteler.com\/wp-content\/uploads\/2024\/07\/VOTTELER_VARIOHYDRO_CORAL_HM600MP_0423.pdf\" target=\"_blank\" rel=\"noreferrer noopener\">VARIOHYDRO\u00ae CORAL<\/a><br>HM600MP<\/td><td><a href=\"https:\/\/www.votteler.com\/de\/branchen\/moebelindustrie\/\" target=\"_blank\" rel=\"noreferrer noopener\">M\u00f6bel und Innenausbau<\/a>, <a href=\"https:\/\/www.votteler.com\/de\/branchen\/tueren\/\" target=\"_blank\" rel=\"noreferrer noopener\">T\u00fcren<\/a> und <a href=\"https:\/\/www.votteler.com\/de\/branchen\/holzhandwerk\/\" target=\"_blank\" rel=\"noreferrer noopener\">Holzhandwerk<\/a><\/td><\/tr><tr><td><strong>VARIOHYDRO\u00ae CLEAR <\/strong>rundet die VARIOHYDRO<strong>\u00ae<\/strong>-Familie mit einem farblosen System gekonnt ab. Insbesondere in der 2K Anwendung wird der Gr\u00fcnverf\u00e4rbung bei inhaltsstoffreichen H\u00f6lzern, wie z.B. Eiche, vorgebeugt.<\/td><td class=\"has-text-align-center\" data-align=\"center\"><strong><a href=\"https:\/\/www.votteler.com\/wp-content\/uploads\/2024\/07\/VOTTELER_VARIOHYDRO_CLEAR_HM600MK.pdf\" target=\"_blank\" rel=\"noreferrer noopener\">VARIOHYDRO\u00ae CLEAR<\/a><\/strong><br>HM600MK<\/td><td><a href=\"https:\/\/www.votteler.com\/de\/branchen\/moebelindustrie\/\" target=\"_blank\" rel=\"noreferrer noopener\">M\u00f6bel und Innenausbau<\/a>, <a href=\"https:\/\/www.votteler.com\/de\/branchen\/tueren\/\" target=\"_blank\" rel=\"noreferrer noopener\">T\u00fcren<\/a> und <a href=\"https:\/\/www.votteler.com\/de\/branchen\/holzhandwerk\/\" target=\"_blank\" rel=\"noreferrer noopener\">Holzhandwerk<\/a><\/td><\/tr><tr><td><strong>HYDROPAL\u00ae CLASSIC<\/strong> ist perfekt f\u00fcr eine unkomplizierte 1K Anwendung und kann direkt aus dem Topf verarbeitet werden. Ein strapazierf\u00e4higer Mehrschichtlack mit guter Abriebfestigkeit und hoher Widerstandsf\u00e4higkeit gegen Wasser sowie angenehmer H\u00e4rte bei hoher Elastizit\u00e4t. <\/td><td class=\"has-text-align-center\" data-align=\"center\"><a href=\"https:\/\/www.votteler.com\/wp-content\/uploads\/2024\/07\/VOTTELER_HYDROPAL_CLASSIC_HC125MK_0423.pdf\" target=\"_blank\" rel=\"noreferrer noopener\">HYDROPAL\u00ae CLASSIC<\/a><br>HC125MK<\/td><td><a href=\"https:\/\/www.votteler.com\/de\/branchen\/moebelindustrie\/\" target=\"_blank\" rel=\"noreferrer noopener\">M\u00f6bel und Innenausbau<\/a>, <a href=\"https:\/\/www.votteler.com\/de\/branchen\/tueren\/\" target=\"_blank\" rel=\"noreferrer noopener\">T\u00fcren<\/a> und <a href=\"https:\/\/www.votteler.com\/de\/branchen\/holzhandwerk\/\" data-type=\"link\" data-id=\"https:\/\/www.votteler.com\/de\/branchen\/holzhandwerk\/\" target=\"_blank\" rel=\"noreferrer noopener\">Holzhandwerk<\/a><\/td><\/tr><tr><td><strong>HYDROPAL\u00ae PLUS<\/strong> eignet sich f\u00fcr Anspr\u00fcche im Premium-Bereich und hebt sich von der Classic-Variante durch eine h\u00f6here Best\u00e4ndigkeit, h\u00f6herer F\u00fclle und ein noch angenehmeres haptisches Ergebnis ab.<\/td><td class=\"has-text-align-center\" data-align=\"center\"><a href=\"https:\/\/www.votteler.com\/wp-content\/uploads\/2024\/07\/VOTTELER_HYDROPAL_PLUS_HC270MK_0423.pdf\" target=\"_blank\" rel=\"noreferrer noopener\">HYDROPAL\u00ae PLUS<\/a><br>HC270MK<\/td><td><a href=\"https:\/\/www.votteler.com\/de\/branchen\/moebelindustrie\/\" target=\"_blank\" rel=\"noreferrer noopener\">M\u00f6bel und Innenausbau<\/a>, <a href=\"https:\/\/www.votteler.com\/de\/branchen\/tueren\/\" target=\"_blank\" rel=\"noreferrer noopener\">T\u00fcren<\/a> und <a href=\"https:\/\/www.votteler.com\/de\/branchen\/holzhandwerk\/\" target=\"_blank\" rel=\"noreferrer noopener\">Holzhandwerk<\/a><\/td><\/tr><tr><td><strong>HYDRO HOLZEFFEKT<\/strong> bewahrt in einfacher Anwendung den nat\u00fcrlichen Holzcharakter des Holzes und gew\u00e4hrleistet gleichzeitig den vollen Schutz der Oberfl\u00e4che. Dank einer Mikrostruktur zeichnet sich eine sch\u00f6ne Porenzeichnung ab und die rustikale Haptik des Holzes bleibt bestehen.<\/td><td class=\"has-text-align-center\" data-align=\"center\"><a href=\"https:\/\/www.votteler.com\/wp-content\/uploads\/2024\/07\/VOTTELER_HYDRO_HOLZEFFEKT_HC079MK_0423.pdf\" target=\"_blank\" rel=\"noreferrer noopener\">HYDRO HOLZEFFEKT<\/a><br>HC079MK<\/td><td><a href=\"https:\/\/www.votteler.com\/de\/branchen\/moebelindustrie\/\" target=\"_blank\" rel=\"noreferrer noopener\">M\u00f6bel und Innenausbau<\/a>, <a href=\"https:\/\/www.votteler.com\/de\/branchen\/tueren\/\" target=\"_blank\" rel=\"noreferrer noopener\">T\u00fcren<\/a> und <a href=\"https:\/\/www.votteler.com\/de\/branchen\/holzhandwerk\/\" target=\"_blank\" rel=\"noreferrer noopener\">Holzhandwerk<\/a><\/td><\/tr><tr><td><strong>HYDRODUR\u00ae HOLZEFFEKT<\/strong> erh\u00e4lt ebenfalls den rustikalen Holzcharakter; kann durch seine 2K Anwendung jedoch mit einer extremen Kratzfestigkeit und samtigen Haptik punkten. Ein System f\u00fcr besonders hochwertige Oberfl\u00e4chen. <\/td><td class=\"has-text-align-center\" data-align=\"center\"><a href=\"https:\/\/www.votteler.com\/wp-content\/uploads\/2024\/07\/VOTTELER_HYDRODUR_HOLZEFFEKT_HD079MK_0423.pdf\" data-type=\"link\" data-id=\"https:\/\/www.votteler.com\/wp-content\/uploads\/2024\/07\/VOTTELER_HYDRODUR_HOLZEFFEKT_HD079MK_0423.pdf\" target=\"_blank\" rel=\"noreferrer noopener\">HYDRODUR\u00ae HOLZEFFEKT<\/a><br>HD079MK<\/td><td><a href=\"https:\/\/www.votteler.com\/de\/branchen\/moebelindustrie\/\" target=\"_blank\" rel=\"noreferrer noopener\">M\u00f6bel und Innenausbau<\/a>, <a href=\"https:\/\/www.votteler.com\/de\/branchen\/tueren\/\" target=\"_blank\" rel=\"noreferrer noopener\">T\u00fcren<\/a> und <a href=\"https:\/\/www.votteler.com\/de\/branchen\/holzhandwerk\/\" target=\"_blank\" rel=\"noreferrer noopener\">Holzhandwerk<\/a><\/td><\/tr><tr><td><strong>HYDROLUX\u00ae VARIO<\/strong> ist ein UV-trocknendes System, das seinen Einsatz in der industriellen Serienlackierung findet. Dabei gestaltet sich die Anwendung schnell und unkompliziert und sichert eine reibungslose Weiter-verarbeitung ohne lange Trocknungszeiten.<\/td><td class=\"has-text-align-center\" data-align=\"center\"><a href=\"https:\/\/www.votteler.com\/wp-content\/uploads\/2024\/07\/VOTTELER_HYDROLUX_VARIO_HL515MK_0423.pdf\" target=\"_blank\" rel=\"noreferrer noopener\">HYDROLUX\u00ae VARIO<\/a><br>HL515MK<\/td><td><a href=\"https:\/\/www.votteler.com\/de\/branchen\/moebelindustrie\/\" target=\"_blank\" rel=\"noreferrer noopener\">M\u00f6bel und Innenausbau<\/a> sowie <a href=\"https:\/\/www.votteler.com\/de\/branchen\/tueren\/\" target=\"_blank\" rel=\"noreferrer noopener\">T\u00fcren<\/a><\/td><\/tr><tr><td><strong>HYDROLUX\u00ae Mehrschichtlack<\/strong> bringt Farbe ins UV-System. Der Farblack gl\u00e4nzt durch eine unbegrenzte Farbauswahl bei kurzer Wiederbeschaffungszeit und schneller Trocknung.<\/td><td class=\"has-text-align-center\" data-align=\"center\"><a href=\"https:\/\/www.votteler.com\/wp-content\/uploads\/2024\/07\/VOTTELER_HYDROLUX_MEHRSCHICHTLACK_HL5xxMPxVxxxxxx_0423.pdf\" target=\"_blank\" rel=\"noreferrer noopener\">HYDROLUX\u00ae Mehrschichtlack pigmentiert<\/a> <br>HL5xxMP<\/td><td><a href=\"https:\/\/www.votteler.com\/de\/branchen\/moebelindustrie\/\" target=\"_blank\" rel=\"noreferrer noopener\">M\u00f6bel und Innenausbau<\/a> sowie <a href=\"https:\/\/www.votteler.com\/de\/branchen\/tueren\/\" target=\"_blank\" rel=\"noreferrer noopener\">T\u00fcren<\/a><\/td><\/tr><tr><td><strong>HYDROLUX\u00ae<\/strong>, das All-in-One System erm\u00f6glicht die Trocknung mit und ohne UV-H\u00e4rtung. So wird sicher-gestellt, dass alle Oberfl\u00e4chen, unabh\u00e4ngig von ihrer Teilgeometrie, mit demselben System beschichtet werden k\u00f6nnen und nahtlos zusammenpassen. <\/td><td class=\"has-text-align-center\" data-align=\"center\"><a href=\"https:\/\/www.votteler.com\/wp-content\/uploads\/2024\/07\/VOTTELER_HYDROLUX_MEHRSCHICHTLACK_HL550MK_0423.pdf\" target=\"_blank\" rel=\"noreferrer noopener\">HYDROLUX\u00ae Mehrschichtlack<\/a><br>HL550MK<\/td><td><a href=\"https:\/\/www.votteler.com\/de\/branchen\/moebelindustrie\/\" target=\"_blank\" rel=\"noreferrer noopener\">M\u00f6bel und Innenausbau<\/a> sowie <a href=\"https:\/\/www.votteler.com\/de\/branchen\/tueren\/\" target=\"_blank\" rel=\"noreferrer noopener\">T\u00fcren<\/a><\/td><\/tr><\/tbody><\/table><\/figure>\n\n\n\n<p><\/p>\n\n\n\n<h5 class=\"wp-block-heading\">L\u00f6semittelhaltige Systeme<\/h5>\n\n\n\n<p>Unsere leistungsstarken l\u00f6semittelhaltigen Lacke bieten eine erstklassige Oberfl\u00e4chenqualit\u00e4t und au\u00dfergew\u00f6hnliche Best\u00e4ndigkeit. Sie sind die ideale Wahl f\u00fcr anspruchsvolle Anwendungen, bei denen h\u00f6chste Haltbarkeit und ein perfektes Finish gefordert sind.<\/p>\n\n\n\n<figure class=\"wp-block-table is-style-regular\"><table class=\"has-border-color has-custom-primary-light-gray-border-color has-fixed-layout\" style=\"border-width:1px\"><thead><tr><th>Produkt<\/th><th class=\"has-text-align-center\" data-align=\"center\">Produktflyer<\/th><th>Besonders geeignet f\u00fcr&#8230;<\/th><\/tr><\/thead><tbody><tr><td><strong>VARIOPUR\u00ae PLUS<\/strong> ist ein anwendungsfreundliches Farblacksystem f\u00fcr alle F\u00e4lle. Optimal eingestellt erm\u00f6glicht es farbenfrohe und leuchtende Oberfl\u00e4chen auf einer Vielzahl von Tr\u00e4germaterialien. <\/td><td class=\"has-text-align-center\" data-align=\"center\"><a href=\"https:\/\/www.votteler.com\/wp-content\/uploads\/2024\/07\/VOTTELER_VARIOHYDRO_CORAL_HM600MP_0423.pdf\" target=\"_blank\" rel=\"noreferrer noopener\">VARIOPUR\u00aePLUS<\/a><br>PU800MP<\/td><td><a href=\"https:\/\/www.votteler.com\/de\/branchen\/moebelindustrie\/\">M\u00f6bel und Innenausbau<\/a>, <a href=\"https:\/\/www.votteler.com\/de\/branchen\/tueren\/\">T\u00fcren<\/a>, <a href=\"https:\/\/www.votteler.com\/de\/branchen\/holzhandwerk\/\">Holzhandwerk<\/a> und <a href=\"https:\/\/www.votteler.com\/de\/branchen\/marine-aircraft\/\">Marine und Aircraft<\/a><\/td><\/tr><tr><td><strong>VARIOPUR\u00ae PRIMO <\/strong>vereint die Eigenschaften von 3 Lacken in 1: Er ist Isoliergrund, F\u00fcller und Farblack gleich-zeitig. Erm\u00f6glicht perfekte Oberfl\u00e4chen in nur einem Tag.  <\/td><td class=\"has-text-align-center\" data-align=\"center\"><a href=\"https:\/\/www.votteler.com\/wp-content\/uploads\/2024\/07\/VOTTELER_VARIOPUR_PRIMO_PU055MP_33055_0423.pdf\" target=\"_blank\" rel=\"noreferrer noopener\">VARIOPUR\u00ae PRIMO<\/a><br>PU055MP<\/td><td><a href=\"https:\/\/www.votteler.com\/de\/branchen\/moebelindustrie\/\">M\u00f6bel und Innenausbau<\/a>, <a href=\"https:\/\/www.votteler.com\/de\/branchen\/tueren\/\">T\u00fcren<\/a> und <a href=\"https:\/\/www.votteler.com\/de\/branchen\/holzhandwerk\/\">Holzhandwerk<\/a><\/td><\/tr><tr><td><strong>PURIDUR\u00ae HOCHGLANZ<\/strong>, die optimale L\u00f6sung f\u00fcr hochgl\u00e4nzende Oberfl\u00e4chen mit Tiefenwirkung. Durch den zudem einwandfreien Verlauf reduziert sich der Schleif- und Polieraufwand erheblich.<\/td><td class=\"has-text-align-center\" data-align=\"center\"><a href=\"https:\/\/www.votteler.com\/wp-content\/uploads\/2024\/07\/VOTTELER_PURIDUR_HG_33320_0423.pdf\" target=\"_blank\" rel=\"noreferrer noopener\">PURIDUR\u00ae HOCHGLANZ<\/a><br>33320<\/td><td><a href=\"https:\/\/www.votteler.com\/de\/branchen\/moebelindustrie\/\">M\u00f6bel und Innenausbau<\/a>, <a href=\"https:\/\/www.votteler.com\/de\/branchen\/tueren\/\">T\u00fcren<\/a>, <a href=\"https:\/\/www.votteler.com\/de\/branchen\/holzhandwerk\/\">Holzhandwerk<\/a> und <a href=\"https:\/\/www.votteler.com\/de\/branchen\/marine-aircraft\/\">Marine und Aircraft<\/a> <\/td><\/tr><tr><td><strong>PURIDUR\u00ae KARAT <\/strong>bietet den perfekten Schutz f\u00fcr Ihre Oberfl\u00e4che und brilliert mit seiner Farbechtheit und H\u00e4rte in unterschiedlichen Glanzgraden.<\/td><td class=\"has-text-align-center\" data-align=\"center\"><a href=\"https:\/\/www.votteler.com\/wp-content\/uploads\/2024\/07\/VOTTELER_PURIDUR_KARAT_33550_0423.pdf\" target=\"_blank\" rel=\"noreferrer noopener\">PURIDUR\u00ae KARAT<\/a><br>33550<\/td><td><a href=\"https:\/\/www.votteler.com\/de\/branchen\/moebelindustrie\/\">M\u00f6bel und Innenausbau<\/a>, <a href=\"https:\/\/www.votteler.com\/de\/branchen\/tueren\/\">T\u00fcren<\/a>, <a href=\"https:\/\/www.votteler.com\/de\/branchen\/holzhandwerk\/\">Holzhandwerk<\/a> und <a href=\"https:\/\/www.votteler.com\/de\/branchen\/marine-aircraft\/\">Marine und Aircraft<\/a> <\/td><\/tr><tr><td><strong>PURIDUR\u00ae HOLZEFFEKT<\/strong> bewahrt die Einzigartigkeit des Holzes mit einer nat\u00fcrlichen Holzoptik und samtiger Haptik. Gew\u00e4hrleistet einen optimalen Schutz f\u00fcr matte Oberfl\u00e4chen.<\/td><td class=\"has-text-align-center\" data-align=\"center\"><a href=\"https:\/\/www.votteler.com\/wp-content\/uploads\/2024\/07\/VOTTELER_PURIDUR_HOLZEFFEKT_33079_0423.pdf\" target=\"_blank\" rel=\"noreferrer noopener\">PURIDUR\u00ae HOLZEFFEKT<\/a><br>33079<\/td><td><a href=\"https:\/\/www.votteler.com\/de\/branchen\/moebelindustrie\/\">M\u00f6bel und Innenausbau<\/a>, <a href=\"https:\/\/www.votteler.com\/de\/branchen\/tueren\/\">T\u00fcren<\/a>, <a href=\"https:\/\/www.votteler.com\/de\/branchen\/holzhandwerk\/\">Holzhandwerk<\/a> und <a href=\"https:\/\/www.votteler.com\/de\/branchen\/marine-aircraft\/\">Marine und Aircraft<\/a> <\/td><\/tr><tr><td><strong>PURIDUR\u00ae HOLZEFFEKT 2.0<\/strong> bewahrt nicht nur die Nat\u00fcrlichkeit des Holzes, sondern ist auch extrem kratzfest. F\u00fcr besonders beanspruchte Oberfl\u00e4chen. <\/td><td class=\"has-text-align-center\" data-align=\"center\"><a href=\"https:\/\/www.votteler.com\/wp-content\/uploads\/2024\/07\/VOTTELER_PURIDUR_HOLZEFFEKT_PU079MK_0423.pdf\" target=\"_blank\" rel=\"noreferrer noopener\">PURIDUR\u00ae HOLZEFFEKT 2.0<\/a><br>PU079MK<\/td><td><a href=\"https:\/\/www.votteler.com\/de\/branchen\/moebelindustrie\/\">M\u00f6bel und Innenausbau<\/a>, <a href=\"https:\/\/www.votteler.com\/de\/branchen\/tueren\/\">T\u00fcren<\/a> und <a href=\"https:\/\/www.votteler.com\/de\/branchen\/holzhandwerk\/\">Holzhandwerk<\/a><\/td><\/tr><tr><td><strong>PURIDUR\u00ae FIREPROTECT ML<\/strong> ist der ideale Topcoat f\u00fcr die Beschichtung heller und farbsensibler Untergr\u00fcnde im exklusiven Schiffs- und Yachtbau. Mit seiner hochgl\u00e4nzenden Oberfl\u00e4che erzeugt er dabei eine beeindruckende Tiefenwirkung.<\/td><td class=\"has-text-align-center\" data-align=\"center\"><a href=\"https:\/\/www.votteler.com\/wp-content\/uploads\/2024\/07\/VOTTELER_PURIDUR_FIREPORTECT_ML_PU325MK_0423.pdf\" target=\"_blank\" rel=\"noreferrer noopener\">PURIDUR\u00ae FIREPROTECT ML<\/a><br>PU325<\/td><td><a href=\"https:\/\/www.votteler.com\/de\/branchen\/marine-aircraft\/\">Marine und Aircraft<\/a> <\/td><\/tr><tr><td><strong>UPE\u00ae FIREPROTECT HT<\/strong> sorgt f\u00fcr Oberfl\u00e4chen h\u00f6chster G\u00fcte im Schiffsinnenausbau. \u00dcber die hohe Trockenschichtst\u00e4rke entstehen einzigartige Oberfl\u00e4chen, die in Glanz und Tiefenwirkung \u00fcberzeugen.<\/td><td class=\"has-text-align-center\" data-align=\"center\"><a href=\"https:\/\/www.votteler.com\/wp-content\/uploads\/2024\/07\/VOTTELER_UPE_FIREPORTECT_HT_UP700GK_0423.pdf\" target=\"_blank\" rel=\"noreferrer noopener\">UPE\u00ae FIREPROTECT HT<\/a><br>UP700<\/td><td><a href=\"https:\/\/www.votteler.com\/de\/branchen\/marine-aircraft\/\">Marine und Aircraft<\/a> <\/td><\/tr><\/tbody><\/table><\/figure>\n\n\n\n<p><\/p>\n\n\n\n<h4 class=\"wp-block-heading has-primary-color has-text-color has-link-color wp-elements-e80faed764b19713c11feba4ce715291\">Zertifizierungen<\/h4>\n\n\n\n<p>Hier finden Sie die ISO-Zertifizierungen unseres Unternehmens zum Download. Diese Dokumente best\u00e4tigen unser Engagement f\u00fcr h\u00f6chste Qualit\u00e4tsstandards und kontinuierliche Verbesserung.<\/p>\n\n\n\n<figure class=\"wp-block-table\"><table class=\"has-border-color has-custom-primary-light-gray-border-color has-fixed-layout\" style=\"border-width:1px\"><tbody><tr><td>ISO 9001-2015 (2024) <\/td><td><a href=\"https:\/\/www.votteler.com\/wp-content\/uploads\/2024\/07\/ISO-9001-2015-deutsch-2024.pdf\" target=\"_blank\" rel=\"noreferrer noopener\">Qualit\u00e4tsmanagement<\/a><\/td><\/tr><tr><td>ISO 14001-2015 (2024) <\/td><td><a href=\"https:\/\/www.votteler.com\/wp-content\/uploads\/2024\/07\/ISO-14001-2015-deutsch-2024.pdf\" target=\"_blank\" rel=\"noreferrer noopener\">Umweltmanagementsystem<\/a><\/td><\/tr><\/tbody><\/table><\/figure>\n","protected":false},"excerpt":{"rendered":"<p>Downloads Die hier zum Download bereitgestellten Flyer bieten Ihnen einen ersten Einblick in unser vielf\u00e4ltiges Produktsortiment. Bitte beachten Sie, dass diese Dokumente nur eine Auswahl unserer umfassenden Produktpalette darstellen. F\u00fcr weitere Informationen und eine vollst\u00e4ndige \u00dcbersicht \u00fcber unsere Produkte, kontaktieren Sie uns bitte direkt. Holzindustrie, Handwerk und Fachhandel Wasserverd\u00fcnnbare Systeme Unsere innovativen wasserverd\u00fcnnbaren Systeme setzen [&hellip;]<\/p>\n","protected":false},"author":2,"featured_media":1595,"parent":0,"menu_order":0,"comment_status":"closed","ping_status":"closed","template":"wp-custom-template-seitentemplate-unternehmen","meta":{"_acf_changed":false,"footnotes":""},"class_list":["post-2574","page","type-page","status-publish","has-post-thumbnail","hentry"],"acf":[],"_links":{"self":[{"href":"https:\/\/www.votteler.com\/de\/wp-json\/wp\/v2\/pages\/2574","targetHints":{"allow":["GET"]}}],"collection":[{"href":"https:\/\/www.votteler.com\/de\/wp-json\/wp\/v2\/pages"}],"about":[{"href":"https:\/\/www.votteler.com\/de\/wp-json\/wp\/v2\/types\/page"}],"author":[{"embeddable":true,"href":"https:\/\/www.votteler.com\/de\/wp-json\/wp\/v2\/users\/2"}],"replies":[{"embeddable":true,"href":"https:\/\/www.votteler.com\/de\/wp-json\/wp\/v2\/comments?post=2574"}],"version-history":[{"count":37,"href":"https:\/\/www.votteler.com\/de\/wp-json\/wp\/v2\/pages\/2574\/revisions"}],"predecessor-version":[{"id":4402,"href":"https:\/\/www.votteler.com\/de\/wp-json\/wp\/v2\/pages\/2574\/revisions\/4402"}],"wp:featuredmedia":[{"embeddable":true,"href":"https:\/\/www.votteler.com\/de\/wp-json\/wp\/v2\/media\/1595"}],"wp:attachment":[{"href":"https:\/\/www.votteler.com\/de\/wp-json\/wp\/v2\/media?parent=2574"}],"curies":[{"name":"wp","href":"https:\/\/api.w.org\/{rel}","templated":true}]}}