{"id":2947,"date":"2024-04-16T07:55:37","date_gmt":"2024-04-16T05:55:37","guid":{"rendered":"https:\/\/www.votteler.com\/?page_id=2947"},"modified":"2024-08-14T16:54:20","modified_gmt":"2024-08-14T14:54:20","slug":"rim","status":"publish","type":"page","link":"https:\/\/www.votteler.com\/de\/branchen\/rim\/","title":{"rendered":"PURIFLOW\u00ae und RIM"},"content":{"rendered":"\n<div class=\"wp-block-columns is-layout-flex wp-container-core-columns-is-layout-28f84493 wp-block-columns-is-layout-flex\">\n<div class=\"wp-block-column is-vertically-aligned-top is-layout-flow wp-block-column-is-layout-flow\">\n<h4 class=\"wp-block-heading\">Was ist Reaction-Injection-Moulding? (RIM)<\/h4>\n\n\n\n<p>Beim Reaction-Injection-Moulding (RIM) handelt es sich um ein Formgebungsverfahren zur Herstellung von Bauteilen mit variablen Substraten. Dabei werden Polyole und Isocyanate in einer (PUR)-Reaktionsmaschine in fl\u00fcssiger Form gemischt. Anschlie\u00dfend wird ein Formwerkzeug mit dieser Reaktionsmasse geflutet. RIM kombiniert dabei die Vorteile des Spritzgie\u00dfens f\u00fcr die Formgebung von Kunststoffbauteilen mit dem gleichzeitigen Beschichten dieser Bauteile. Dies erm\u00f6glicht die Herstellung von Bauteilen mit komplexen Geometrien und unterschiedlichen Oberfl\u00e4chenstrukturen in einem einzigen Produktionsschritt.<\/p>\n\n\n\n<p>So ist es mit fortschrittlichsten RIM-Anlagen m\u00f6glich, Kunststoff-Spritzgussteile in einem einzigen Arbeitsgang mit unserem Lack zu veredeln (Two-In-One-Shot). Dabei wird auf der einen Seite das Substrat in ein Werkzeug gegossen und ausgeh\u00e4rtet und im n\u00e4chsten Schritt direkt mit unserem PURIFLOW<sup>\u00ae<\/sup> Lacksystem geflutet. So kann sich die Endoberfl\u00e4che nicht nur sehr unterschiedlich anf\u00fchlen, sondern auch je nach Werkzeug eine sehr unterschiedliche Oberfl\u00e4chenstruktur aufweisen und Abh\u00e4ngig von der Formulierung des PU-Systems, die fertigen Bauteile eine breite Palette von Eigenschaften aufweisen, beispielsweise von sehr hart bis sehr elastisch und weich. <\/p>\n\n\n\n<div class=\"wp-block-group has-global-padding is-layout-constrained wp-block-group-is-layout-constrained\">\n<div class=\"wp-block-columns is-layout-flex wp-container-core-columns-is-layout-28f84493 wp-block-columns-is-layout-flex\">\n<div class=\"wp-block-column is-layout-flow wp-block-column-is-layout-flow\" style=\"flex-basis:100%\">\n<div class=\"wp-block-group has-global-padding is-layout-constrained wp-block-group-is-layout-constrained\">\n<div class=\"wp-block-group is-vertical is-layout-flex wp-container-core-group-is-layout-fe9cc265 wp-block-group-is-layout-flex\">\n<div class=\"wp-block-group is-nowrap is-layout-flex wp-container-core-group-is-layout-6c531013 wp-block-group-is-layout-flex\">\n<div class=\"wp-block-group is-content-justification-space-between is-nowrap is-layout-flex wp-container-core-group-is-layout-4e2e7437 wp-block-group-is-layout-flex\">\n<div class=\"wp-block-group is-content-justification-center is-nowrap is-layout-flex wp-container-core-group-is-layout-bfbbbc10 wp-block-group-is-layout-flex\">\n<figure class=\"wp-block-image size-large is-resized\"><img loading=\"lazy\" decoding=\"async\" width=\"1024\" height=\"683\" src=\"https:\/\/www.votteler.com\/wp-content\/uploads\/2024\/07\/IMG_7657-1024x683.jpg\" alt=\"\" class=\"wp-image-3665\" style=\"width:330px;height:auto\" srcset=\"https:\/\/www.votteler.com\/wp-content\/uploads\/2024\/07\/IMG_7657-1024x683.jpg 1024w, https:\/\/www.votteler.com\/wp-content\/uploads\/2024\/07\/IMG_7657-300x200.jpg 300w, https:\/\/www.votteler.com\/wp-content\/uploads\/2024\/07\/IMG_7657-768x512.jpg 768w, https:\/\/www.votteler.com\/wp-content\/uploads\/2024\/07\/IMG_7657-1536x1024.jpg 1536w, https:\/\/www.votteler.com\/wp-content\/uploads\/2024\/07\/IMG_7657-2048x1365.jpg 2048w\" sizes=\"auto, (max-width: 1024px) 100vw, 1024px\" \/><\/figure>\n\n\n\n<figure class=\"wp-block-image size-large is-resized\"><img loading=\"lazy\" decoding=\"async\" width=\"1024\" height=\"683\" src=\"https:\/\/www.votteler.com\/wp-content\/uploads\/2024\/07\/IMG_7893-1024x683.jpg\" alt=\"\" class=\"wp-image-3682\" style=\"width:331px;height:auto\" srcset=\"https:\/\/www.votteler.com\/wp-content\/uploads\/2024\/07\/IMG_7893-1024x683.jpg 1024w, https:\/\/www.votteler.com\/wp-content\/uploads\/2024\/07\/IMG_7893-300x200.jpg 300w, https:\/\/www.votteler.com\/wp-content\/uploads\/2024\/07\/IMG_7893-768x512.jpg 768w, https:\/\/www.votteler.com\/wp-content\/uploads\/2024\/07\/IMG_7893-1536x1024.jpg 1536w, https:\/\/www.votteler.com\/wp-content\/uploads\/2024\/07\/IMG_7893-2048x1365.jpg 2048w\" sizes=\"auto, (max-width: 1024px) 100vw, 1024px\" \/><\/figure>\n<\/div>\n<\/div>\n<\/div>\n\n\n\n<div class=\"wp-block-group is-nowrap is-layout-flex wp-container-core-group-is-layout-6c531013 wp-block-group-is-layout-flex\">\n<figure class=\"wp-block-image size-large is-resized\"><img loading=\"lazy\" decoding=\"async\" width=\"1024\" height=\"683\" src=\"https:\/\/www.votteler.com\/wp-content\/uploads\/2024\/07\/IMG_7918-1024x683.jpg\" alt=\"\" class=\"wp-image-3684\" style=\"width:336px;height:auto\" srcset=\"https:\/\/www.votteler.com\/wp-content\/uploads\/2024\/07\/IMG_7918-1024x683.jpg 1024w, https:\/\/www.votteler.com\/wp-content\/uploads\/2024\/07\/IMG_7918-300x200.jpg 300w, https:\/\/www.votteler.com\/wp-content\/uploads\/2024\/07\/IMG_7918-768x512.jpg 768w, https:\/\/www.votteler.com\/wp-content\/uploads\/2024\/07\/IMG_7918-1536x1024.jpg 1536w, https:\/\/www.votteler.com\/wp-content\/uploads\/2024\/07\/IMG_7918-2048x1365.jpg 2048w\" sizes=\"auto, (max-width: 1024px) 100vw, 1024px\" \/><\/figure>\n\n\n\n<figure class=\"wp-block-image size-large is-resized\"><img loading=\"lazy\" decoding=\"async\" width=\"1024\" height=\"683\" src=\"https:\/\/www.votteler.com\/wp-content\/uploads\/2024\/07\/IMG_7707-1024x683.jpg\" alt=\"\" class=\"wp-image-3686\" style=\"width:336px;height:auto\" srcset=\"https:\/\/www.votteler.com\/wp-content\/uploads\/2024\/07\/IMG_7707-1024x683.jpg 1024w, https:\/\/www.votteler.com\/wp-content\/uploads\/2024\/07\/IMG_7707-300x200.jpg 300w, https:\/\/www.votteler.com\/wp-content\/uploads\/2024\/07\/IMG_7707-768x512.jpg 768w, https:\/\/www.votteler.com\/wp-content\/uploads\/2024\/07\/IMG_7707-1536x1024.jpg 1536w, https:\/\/www.votteler.com\/wp-content\/uploads\/2024\/07\/IMG_7707-2048x1365.jpg 2048w\" sizes=\"auto, (max-width: 1024px) 100vw, 1024px\" \/><\/figure>\n<\/div>\n<\/div>\n<\/div>\n<\/div>\n<\/div>\n<\/div>\n<\/div>\n\n\n\n<div class=\"wp-block-column is-vertically-aligned-top is-layout-flow wp-block-column-is-layout-flow\">\n<figure class=\"wp-block-image size-large is-resized has-custom-border\"><img loading=\"lazy\" decoding=\"async\" width=\"1024\" height=\"683\" src=\"https:\/\/www.votteler.com\/wp-content\/uploads\/2024\/04\/Votteler-1017-1024x683.jpg\" alt=\"\" class=\"wp-image-2975\" style=\"border-style:none;border-width:0px;border-radius:0px;width:777px;height:auto\" srcset=\"https:\/\/www.votteler.com\/wp-content\/uploads\/2024\/04\/Votteler-1017-1024x683.jpg 1024w, https:\/\/www.votteler.com\/wp-content\/uploads\/2024\/04\/Votteler-1017-300x200.jpg 300w, https:\/\/www.votteler.com\/wp-content\/uploads\/2024\/04\/Votteler-1017-768x512.jpg 768w, https:\/\/www.votteler.com\/wp-content\/uploads\/2024\/04\/Votteler-1017-1536x1024.jpg 1536w, https:\/\/www.votteler.com\/wp-content\/uploads\/2024\/04\/Votteler-1017-2048x1365.jpg 2048w\" sizes=\"auto, (max-width: 1024px) 100vw, 1024px\" \/><\/figure>\n\n\n\n<p><\/p>\n\n\n\n<h4 class=\"wp-block-heading\">Mit PURIFLOW<sup>\u00ae<\/sup> ungeahnte M\u00f6glichkeiten entdecken<\/h4>\n\n\n\n<p>Von hochgl\u00e4nzenden bis hin zu matten Oberfl\u00e4chen, ein seidiges Satin-Finish oder eine strukturierte Textur &#8211; die Vielfalt der M\u00f6glichkeiten ist mit PURIFLOW<sup>\u00ae<\/sup> enorm. Egal, ob transparent, unifarben oder mit einer Vielzahl von Effekten ausgestattet, den Spielraum den unser PURIFLOW<sup>\u00ae<\/sup> Lacksystem bietet sind keine Grenzen gesetzt. F\u00fcr ganz besondere Designanspr\u00fcche k\u00f6nnen beeindruckende Oberfl\u00e4chenveredelungen erzielt werden: von verschiedensten Farbigkeiten \u00fcber haptische Erlebnisse wie weiche Lederimitationen oder geb\u00fcrstetes Aluminium bis hin zu verbl\u00fcffenden 3D-Effekten. Ganz nach dem Motto &#8222;The look must match the feel&#8220;, gehen Optik und Haptik bei uns immer Hand in Hand. Soft-Touch, raues oder weiches Leder oder aalglatte Geschmeidigkeit &#8211; alles ist m\u00f6glich.<\/p>\n\n\n\n<p>Zudem kann die PURIFLOW<sup>\u00ae<\/sup>-Oberfl\u00e4che mit verschiedensten Folien unterlegt werden, sodass das Endergebnis nicht nur sch\u00f6n aussieht, sondern auch funktional wird. So k\u00f6nnen beispielsweise Lichter, Heizfolien oder Touchscreens integriert und Ihrem Design neue Dimensionen gegeben werden.<\/p>\n<\/div>\n<\/div>\n\n\n\n<div class=\"wp-block-group alignfull has-background has-global-padding is-layout-constrained wp-container-core-group-is-layout-228c4f6c wp-block-group-is-layout-constrained\" style=\"border-style:none;border-width:0px;border-radius:0px;background:linear-gradient(135deg,rgb(223,224,221) 0%,rgb(255,252,245) 52%,rgb(205,194,176) 100%);padding-top:var(--wp--preset--spacing--40);padding-right:0;padding-bottom:var(--wp--preset--spacing--40);padding-left:0\">\n<h3 class=\"wp-block-heading\">PURIFLOW<sup>\u00ae<\/sup> heilt sich selbst<\/h3>\n\n\n\n<p>Ein kleiner Kratzer in der Frontblende? Unbeabsichtigt die gl\u00e4nzende Oberfl\u00e4che angekratzt? Kein Problem. Mit dem &#8222;Selfhealing&#8220;- oder &#8222;Reflow-Effekt&#8220; ist es m\u00f6glich Deformationskratzer in der Oberfl\u00e4che wiederherzustellen. Solange durch die Schramme kein Produkt abgetragen wurde, setzt der &#8222;Selfhealing-Effekt&#8220; nach einer gewissen Zeit ein. Je nach Formulierung des PURIFLOW<sup>\u00ae<\/sup>-Systems kann dies bei Raumtemperatur oder mit Hilfe einer W\u00e4rmequelle, wie F\u00f6n oder Sonnenlicht geschehen.<\/p>\n\n\n\n<p><\/p>\n<\/div>\n\n\n\n<div class=\"wp-block-cover alignfull has-parallax wp-duotone-000000-1e4e9d-1\" style=\"margin-top:0px;margin-bottom:0px;min-height:318px;aspect-ratio:unset;\"><span aria-hidden=\"true\" class=\"wp-block-cover__background has-contrast-background-color has-background-dim-30 has-background-dim\"><\/span><div role=\"img\" aria-label=\"Votteler RIM-Technologie\" class=\"wp-block-cover__image-background wp-image-958 has-parallax\" style=\"background-position:50% 50%;background-image:url(https:\/\/www.votteler.com\/wp-content\/uploads\/2024\/03\/04_Branchen_Automotive.jpg)\"><\/div><div class=\"wp-block-cover__inner-container has-global-padding is-layout-constrained wp-container-core-cover-is-layout-11ffee2b wp-block-cover-is-layout-constrained\">\n<div class=\"wp-block-columns alignwide are-vertically-aligned-center is-layout-flex wp-container-core-columns-is-layout-28f84493 wp-block-columns-is-layout-flex\">\n<div class=\"wp-block-column is-vertically-aligned-center has-global-padding is-layout-constrained wp-container-core-column-is-layout-79ca9124 wp-block-column-is-layout-constrained\">\n<h2 class=\"wp-block-heading has-text-align-left has-white-color has-text-color\" style=\"font-size:clamp(1.976em, 1.976rem + ((1vw - 0.2em) * 2.258), 3.5em);font-style:normal;font-weight:600;letter-spacing:0px;line-height:1.3;text-transform:none\">RIM und PURIFLOW<sup>\u00ae<\/sup> &#8211; ein gutes Team<\/h2>\n<\/div>\n\n\n\n<div class=\"wp-block-column is-vertically-aligned-center is-layout-flow wp-block-column-is-layout-flow\">\n<p style=\"font-style:normal;font-weight:600\">Besonders in der Automobilindustrie erf\u00e4hrt das RIM-Verfahren sowohl f\u00fcr den Interieur- als auch Exterieur-Bereich stetig wachsenden Zuspruch. Aber auch in vielen anderen Bereichen k\u00f6nnen RIM und PURIFLOW<sup>\u00ae<\/sup> die Oberfl\u00e4chenqualit\u00e4t verbessern und die Rentabilit\u00e4t deutlich steigern. Welche Chancen und M\u00f6glichkeiten sich f\u00fcr Sie mit dem Verfahren bieten, k\u00f6nnen wir gerne in einem pers\u00f6nlichen Gespr\u00e4ch gemeinsam herausfinden.<\/p>\n\n\n\n<div class=\"wp-block-buttons is-layout-flex wp-block-buttons-is-layout-flex\">\n<div class=\"wp-block-button\"><a class=\"wp-block-button__link has-base-color has-text-color has-link-color wp-element-button\" href=\"https:\/\/www.votteler.com\/anfrage\/\" target=\"_blank\" rel=\"noreferrer noopener\">Werden Sie Teil der Zukunft<\/a><\/div>\n<\/div>\n<\/div>\n<\/div>\n<\/div><\/div>\n\n\n\n<div class=\"wp-block-columns is-layout-flex wp-container-core-columns-is-layout-28f84493 wp-block-columns-is-layout-flex\">\n<div class=\"wp-block-column is-layout-flow wp-block-column-is-layout-flow\" style=\"flex-basis:100%\">\n<h3 class=\"wp-block-heading\"><mark style=\"background-color:rgba(0, 0, 0, 0)\" class=\"has-inline-color has-custom-primary-blue-color\">PURIFLOW<sup>\u00ae<\/sup> ist die Zukunft<\/mark><\/h3>\n\n\n\n<p>Auch wenn die RIM-Technologie und unser PURIFLOW<sup>\u00ae<\/sup> momentan vor allem in der Automobilbranche eingesetzt werden, sehen wir in vielen weiteren Branchen eine Zukunft. Die Technologie eignet sich f\u00fcr alle Oberfl\u00e4chen, die eine erstklassige Qualit\u00e4t aufweisen sollen und bestimmte Merkmale, wie UV-Best\u00e4ndigkeit und Selbstheilungsm\u00f6glichkeiten bieten. Zudem er\u00f6ffnet PURIFLOW<sup>\u00ae<\/sup> eine gro\u00dfe Designvielfalt f\u00fcr sch\u00f6ne und funktionale Oberfl\u00e4chen.<\/p>\n\n\n\n<div class=\"wp-block-buttons is-layout-flex wp-block-buttons-is-layout-flex\">\n<div class=\"wp-block-button\"><a class=\"wp-block-button__link wp-element-button\" href=\"https:\/\/www.votteler.com\/de\/technikum\/rim-technikum\/\">Zum RIM-Technikum<\/a><\/div>\n<\/div>\n<\/div>\n<\/div>\n","protected":false},"excerpt":{"rendered":"<p>Was ist Reaction-Injection-Moulding? (RIM) Beim Reaction-Injection-Moulding (RIM) handelt es sich um ein Formgebungsverfahren zur Herstellung von Bauteilen mit variablen Substraten. Dabei werden Polyole und Isocyanate in einer (PUR)-Reaktionsmaschine in fl\u00fcssiger Form gemischt. Anschlie\u00dfend wird ein Formwerkzeug mit dieser Reaktionsmasse geflutet. RIM kombiniert dabei die Vorteile des Spritzgie\u00dfens f\u00fcr die Formgebung von Kunststoffbauteilen mit dem gleichzeitigen [&hellip;]<\/p>\n","protected":false},"author":4,"featured_media":3677,"parent":663,"menu_order":7,"comment_status":"closed","ping_status":"closed","template":"wp-custom-template-seitentemplate-branchen","meta":{"_acf_changed":false,"footnotes":""},"class_list":["post-2947","page","type-page","status-publish","has-post-thumbnail","hentry"],"acf":[],"_links":{"self":[{"href":"https:\/\/www.votteler.com\/de\/wp-json\/wp\/v2\/pages\/2947","targetHints":{"allow":["GET"]}}],"collection":[{"href":"https:\/\/www.votteler.com\/de\/wp-json\/wp\/v2\/pages"}],"about":[{"href":"https:\/\/www.votteler.com\/de\/wp-json\/wp\/v2\/types\/page"}],"author":[{"embeddable":true,"href":"https:\/\/www.votteler.com\/de\/wp-json\/wp\/v2\/users\/4"}],"replies":[{"embeddable":true,"href":"https:\/\/www.votteler.com\/de\/wp-json\/wp\/v2\/comments?post=2947"}],"version-history":[{"count":41,"href":"https:\/\/www.votteler.com\/de\/wp-json\/wp\/v2\/pages\/2947\/revisions"}],"predecessor-version":[{"id":4234,"href":"https:\/\/www.votteler.com\/de\/wp-json\/wp\/v2\/pages\/2947\/revisions\/4234"}],"up":[{"embeddable":true,"href":"https:\/\/www.votteler.com\/de\/wp-json\/wp\/v2\/pages\/663"}],"wp:featuredmedia":[{"embeddable":true,"href":"https:\/\/www.votteler.com\/de\/wp-json\/wp\/v2\/media\/3677"}],"wp:attachment":[{"href":"https:\/\/www.votteler.com\/de\/wp-json\/wp\/v2\/media?parent=2947"}],"curies":[{"name":"wp","href":"https:\/\/api.w.org\/{rel}","templated":true}]}}