{"id":663,"date":"2024-02-21T11:29:02","date_gmt":"2024-02-21T10:29:02","guid":{"rendered":"https:\/\/www.votteler.com\/?page_id=663"},"modified":"2024-07-19T12:03:57","modified_gmt":"2024-07-19T10:03:57","slug":"branchen","status":"publish","type":"page","link":"https:\/\/www.votteler.com\/de\/branchen\/","title":{"rendered":"Branchen"},"content":{"rendered":"\n<h2 class=\"wp-block-heading\">Hier kennen wir uns ganz besonders gut aus:<\/h2>\n\n\n\n<p>Sie steigen aus dem Bett, nehmen die Kleider aus dem Schrank, fr\u00fchst\u00fccken gem\u00fctlich am Esstisch aus Mooreiche, schlie\u00dfen die Wohnungst\u00fcr hinter sich und fahren mit dem Auto zum Hafen, um sich ein paar Yachten anzuschauen. Bereits jetzt sind Sie mit f\u00fcnf Branchen in Ber\u00fchrung gekommen, zu denen wir teilweise seit Jahrzehnten intensive Partnerschaften pflegen und deren vollstes Vertrauen wir genie\u00dfen. Denn so bunt wie unsere Lacke sind auch die Einsatzbereiche, in denen sie zur Anwendung kommen. Denn Unternehmen, die richtig was absetzen wollen, setzen bei der Oberfl\u00e4chenveredelung auf die Au\u00dfenseiter von Votteler.<\/p>\n\n\n\n<div class=\"wp-block-group has-global-padding is-layout-constrained wp-container-core-group-is-layout-3da241b1 wp-block-group-is-layout-constrained\" style=\"margin-top:60px;margin-bottom:60px\">\n<div class=\"wp-block-columns is-layout-flex wp-container-core-columns-is-layout-28f84493 wp-block-columns-is-layout-flex\">\n<div class=\"wp-block-column is-layout-flow wp-block-column-is-layout-flow\" style=\"flex-basis:100%\">\n<div data-wp-context=\"{}\" data-wp-interactive=\"core\/query\" data-wp-key=\"13\" data-wp-router-region=\"query-13\" class=\"wp-block-query is-layout-flow wp-block-query-is-layout-flow\"><ul class=\"columns-4 wp-block-post-template is-layout-grid wp-container-core-post-template-is-layout-e7fd85f5 wp-block-post-template-is-layout-grid\"><li data-wp-key=\"post-template-item-665\" class=\"wp-block-post post-665 page type-page status-publish has-post-thumbnail hentry\">\n\n<div class=\"wp-block-group has-global-padding is-layout-constrained wp-block-group-is-layout-constrained\">\n<div class=\"wp-block-columns is-layout-flex wp-container-core-columns-is-layout-28f84493 wp-block-columns-is-layout-flex\">\n<div class=\"wp-block-column has-global-padding is-layout-constrained wp-block-column-is-layout-constrained\" style=\"flex-basis:100%\">\n<div class=\"wp-block-group has-global-padding is-layout-constrained wp-container-core-group-is-layout-19e250f3 wp-block-group-is-layout-constrained\"><figure style=\"aspect-ratio:16\/9;\" class=\"wp-block-post-featured-image\"><a href=\"https:\/\/www.votteler.com\/de\/branchen\/automotive\/\" target=\"_self\"  ><img loading=\"lazy\" decoding=\"async\" width=\"1348\" height=\"540\" src=\"https:\/\/www.votteler.com\/wp-content\/uploads\/2024\/07\/11.png\" class=\"attachment-post-thumbnail size-post-thumbnail wp-post-image\" alt=\"Automotive\" style=\"width:100%;height:100%;object-fit:cover;\" srcset=\"https:\/\/www.votteler.com\/wp-content\/uploads\/2024\/07\/11.png 1348w, https:\/\/www.votteler.com\/wp-content\/uploads\/2024\/07\/11-300x120.png 300w, https:\/\/www.votteler.com\/wp-content\/uploads\/2024\/07\/11-1024x410.png 1024w, https:\/\/www.votteler.com\/wp-content\/uploads\/2024\/07\/11-768x308.png 768w\" sizes=\"auto, (max-width: 1348px) 100vw, 1348px\" \/><\/a><\/figure>\n\n<h5 style=\"padding-top:15px;padding-bottom:30px;\" class=\"has-link-color wp-elements-cd87bb74ccc5eef223ad51c88c62771e wp-block-post-title\"><a href=\"https:\/\/www.votteler.com\/de\/branchen\/automotive\/\" target=\"_self\" >Automotive<\/a><\/h5><\/div>\n<\/div>\n<\/div>\n<\/div>\n\n<\/li><li data-wp-key=\"post-template-item-676\" class=\"wp-block-post post-676 page type-page status-publish has-post-thumbnail hentry\">\n\n<div class=\"wp-block-group has-global-padding is-layout-constrained wp-block-group-is-layout-constrained\">\n<div class=\"wp-block-columns is-layout-flex wp-container-core-columns-is-layout-28f84493 wp-block-columns-is-layout-flex\">\n<div class=\"wp-block-column has-global-padding is-layout-constrained wp-block-column-is-layout-constrained\" style=\"flex-basis:100%\">\n<div class=\"wp-block-group has-global-padding is-layout-constrained wp-container-core-group-is-layout-19e250f3 wp-block-group-is-layout-constrained\"><figure style=\"aspect-ratio:16\/9;\" class=\"wp-block-post-featured-image\"><a href=\"https:\/\/www.votteler.com\/de\/branchen\/holzhandwerk\/\" target=\"_self\"  ><img loading=\"lazy\" decoding=\"async\" width=\"1772\" height=\"1181\" src=\"https:\/\/www.votteler.com\/wp-content\/uploads\/2024\/04\/6.png\" class=\"attachment-post-thumbnail size-post-thumbnail wp-post-image\" alt=\"Holzhandwerk\" style=\"width:100%;height:100%;object-fit:cover;\" srcset=\"https:\/\/www.votteler.com\/wp-content\/uploads\/2024\/04\/6.png 1772w, https:\/\/www.votteler.com\/wp-content\/uploads\/2024\/04\/6-300x200.png 300w, https:\/\/www.votteler.com\/wp-content\/uploads\/2024\/04\/6-1024x682.png 1024w, https:\/\/www.votteler.com\/wp-content\/uploads\/2024\/04\/6-768x512.png 768w, https:\/\/www.votteler.com\/wp-content\/uploads\/2024\/04\/6-1536x1024.png 1536w\" sizes=\"auto, (max-width: 1772px) 100vw, 1772px\" \/><\/a><\/figure>\n\n<h5 style=\"padding-top:15px;padding-bottom:30px;\" class=\"has-link-color wp-elements-cd87bb74ccc5eef223ad51c88c62771e wp-block-post-title\"><a href=\"https:\/\/www.votteler.com\/de\/branchen\/holzhandwerk\/\" target=\"_self\" >Holzhandwerk<\/a><\/h5><\/div>\n<\/div>\n<\/div>\n<\/div>\n\n<\/li><li data-wp-key=\"post-template-item-669\" class=\"wp-block-post post-669 page type-page status-publish has-post-thumbnail hentry\">\n\n<div class=\"wp-block-group has-global-padding is-layout-constrained wp-block-group-is-layout-constrained\">\n<div class=\"wp-block-columns is-layout-flex wp-container-core-columns-is-layout-28f84493 wp-block-columns-is-layout-flex\">\n<div class=\"wp-block-column has-global-padding is-layout-constrained wp-block-column-is-layout-constrained\" style=\"flex-basis:100%\">\n<div class=\"wp-block-group has-global-padding is-layout-constrained wp-container-core-group-is-layout-19e250f3 wp-block-group-is-layout-constrained\"><figure style=\"aspect-ratio:16\/9;\" class=\"wp-block-post-featured-image\"><a href=\"https:\/\/www.votteler.com\/de\/branchen\/marine-aircraft\/\" target=\"_self\"  ><img loading=\"lazy\" decoding=\"async\" width=\"1772\" height=\"1181\" src=\"https:\/\/www.votteler.com\/wp-content\/uploads\/2024\/04\/9.png\" class=\"attachment-post-thumbnail size-post-thumbnail wp-post-image\" alt=\"Marine &#038; Aircraft\" style=\"width:100%;height:100%;object-fit:cover;\" srcset=\"https:\/\/www.votteler.com\/wp-content\/uploads\/2024\/04\/9.png 1772w, https:\/\/www.votteler.com\/wp-content\/uploads\/2024\/04\/9-300x200.png 300w, https:\/\/www.votteler.com\/wp-content\/uploads\/2024\/04\/9-1024x682.png 1024w, https:\/\/www.votteler.com\/wp-content\/uploads\/2024\/04\/9-768x512.png 768w, https:\/\/www.votteler.com\/wp-content\/uploads\/2024\/04\/9-1536x1024.png 1536w\" sizes=\"auto, (max-width: 1772px) 100vw, 1772px\" \/><\/a><\/figure>\n\n<h5 style=\"padding-top:15px;padding-bottom:30px;\" class=\"has-link-color wp-elements-cd87bb74ccc5eef223ad51c88c62771e wp-block-post-title\"><a href=\"https:\/\/www.votteler.com\/de\/branchen\/marine-aircraft\/\" target=\"_self\" >Marine &#038; Aircraft<\/a><\/h5><\/div>\n<\/div>\n<\/div>\n<\/div>\n\n<\/li><li data-wp-key=\"post-template-item-671\" class=\"wp-block-post post-671 page type-page status-publish has-post-thumbnail hentry\">\n\n<div class=\"wp-block-group has-global-padding is-layout-constrained wp-block-group-is-layout-constrained\">\n<div class=\"wp-block-columns is-layout-flex wp-container-core-columns-is-layout-28f84493 wp-block-columns-is-layout-flex\">\n<div class=\"wp-block-column has-global-padding is-layout-constrained wp-block-column-is-layout-constrained\" style=\"flex-basis:100%\">\n<div class=\"wp-block-group has-global-padding is-layout-constrained wp-container-core-group-is-layout-19e250f3 wp-block-group-is-layout-constrained\"><figure style=\"aspect-ratio:16\/9;\" class=\"wp-block-post-featured-image\"><a href=\"https:\/\/www.votteler.com\/de\/branchen\/moebelindustrie\/\" target=\"_self\"  ><img loading=\"lazy\" decoding=\"async\" width=\"1348\" height=\"540\" src=\"https:\/\/www.votteler.com\/wp-content\/uploads\/2024\/04\/Slider_Holzhandwerk.png\" class=\"attachment-post-thumbnail size-post-thumbnail wp-post-image\" alt=\"M\u00f6belindustrie\" style=\"width:100%;height:100%;object-fit:cover;\" srcset=\"https:\/\/www.votteler.com\/wp-content\/uploads\/2024\/04\/Slider_Holzhandwerk.png 1348w, https:\/\/www.votteler.com\/wp-content\/uploads\/2024\/04\/Slider_Holzhandwerk-300x120.png 300w, https:\/\/www.votteler.com\/wp-content\/uploads\/2024\/04\/Slider_Holzhandwerk-1024x410.png 1024w, https:\/\/www.votteler.com\/wp-content\/uploads\/2024\/04\/Slider_Holzhandwerk-768x308.png 768w\" sizes=\"auto, (max-width: 1348px) 100vw, 1348px\" \/><\/a><\/figure>\n\n<h5 style=\"padding-top:15px;padding-bottom:30px;\" class=\"has-link-color wp-elements-cd87bb74ccc5eef223ad51c88c62771e wp-block-post-title\"><a href=\"https:\/\/www.votteler.com\/de\/branchen\/moebelindustrie\/\" target=\"_self\" >M\u00f6belindustrie<\/a><\/h5><\/div>\n<\/div>\n<\/div>\n<\/div>\n\n<\/li><li data-wp-key=\"post-template-item-673\" class=\"wp-block-post post-673 page type-page status-publish has-post-thumbnail hentry\">\n\n<div class=\"wp-block-group has-global-padding is-layout-constrained wp-block-group-is-layout-constrained\">\n<div class=\"wp-block-columns is-layout-flex wp-container-core-columns-is-layout-28f84493 wp-block-columns-is-layout-flex\">\n<div class=\"wp-block-column has-global-padding is-layout-constrained wp-block-column-is-layout-constrained\" style=\"flex-basis:100%\">\n<div class=\"wp-block-group has-global-padding is-layout-constrained wp-container-core-group-is-layout-19e250f3 wp-block-group-is-layout-constrained\"><figure style=\"aspect-ratio:16\/9;\" class=\"wp-block-post-featured-image\"><a href=\"https:\/\/www.votteler.com\/de\/branchen\/tueren\/\" target=\"_self\"  ><img loading=\"lazy\" decoding=\"async\" width=\"1348\" height=\"540\" src=\"https:\/\/www.votteler.com\/wp-content\/uploads\/2024\/07\/20.png\" class=\"attachment-post-thumbnail size-post-thumbnail wp-post-image\" alt=\"T\u00fcren\" style=\"width:100%;height:100%;object-fit:cover;\" srcset=\"https:\/\/www.votteler.com\/wp-content\/uploads\/2024\/07\/20.png 1348w, https:\/\/www.votteler.com\/wp-content\/uploads\/2024\/07\/20-300x120.png 300w, https:\/\/www.votteler.com\/wp-content\/uploads\/2024\/07\/20-1024x410.png 1024w, https:\/\/www.votteler.com\/wp-content\/uploads\/2024\/07\/20-768x308.png 768w\" sizes=\"auto, (max-width: 1348px) 100vw, 1348px\" \/><\/a><\/figure>\n\n<h5 style=\"padding-top:15px;padding-bottom:30px;\" class=\"has-link-color wp-elements-cd87bb74ccc5eef223ad51c88c62771e wp-block-post-title\"><a href=\"https:\/\/www.votteler.com\/de\/branchen\/tueren\/\" target=\"_self\" >T\u00fcren<\/a><\/h5><\/div>\n<\/div>\n<\/div>\n<\/div>\n\n<\/li><li data-wp-key=\"post-template-item-678\" class=\"wp-block-post post-678 page type-page status-publish has-post-thumbnail hentry\">\n\n<div class=\"wp-block-group has-global-padding is-layout-constrained wp-block-group-is-layout-constrained\">\n<div class=\"wp-block-columns is-layout-flex wp-container-core-columns-is-layout-28f84493 wp-block-columns-is-layout-flex\">\n<div class=\"wp-block-column has-global-padding is-layout-constrained wp-block-column-is-layout-constrained\" style=\"flex-basis:100%\">\n<div class=\"wp-block-group has-global-padding is-layout-constrained wp-container-core-group-is-layout-19e250f3 wp-block-group-is-layout-constrained\"><figure style=\"aspect-ratio:16\/9;\" class=\"wp-block-post-featured-image\"><a href=\"https:\/\/www.votteler.com\/de\/branchen\/engineered-ideas\/\" target=\"_self\"  ><img loading=\"lazy\" decoding=\"async\" width=\"1772\" height=\"1181\" src=\"https:\/\/www.votteler.com\/wp-content\/uploads\/2024\/04\/8.png\" class=\"attachment-post-thumbnail size-post-thumbnail wp-post-image\" alt=\"Engineered Ideas\" style=\"width:100%;height:100%;object-fit:cover;\" srcset=\"https:\/\/www.votteler.com\/wp-content\/uploads\/2024\/04\/8.png 1772w, https:\/\/www.votteler.com\/wp-content\/uploads\/2024\/04\/8-300x200.png 300w, https:\/\/www.votteler.com\/wp-content\/uploads\/2024\/04\/8-1024x682.png 1024w, https:\/\/www.votteler.com\/wp-content\/uploads\/2024\/04\/8-768x512.png 768w, https:\/\/www.votteler.com\/wp-content\/uploads\/2024\/04\/8-1536x1024.png 1536w\" sizes=\"auto, (max-width: 1772px) 100vw, 1772px\" \/><\/a><\/figure>\n\n<h5 style=\"padding-top:15px;padding-bottom:30px;\" class=\"has-link-color wp-elements-cd87bb74ccc5eef223ad51c88c62771e wp-block-post-title\"><a href=\"https:\/\/www.votteler.com\/de\/branchen\/engineered-ideas\/\" target=\"_self\" >Engineered Ideas<\/a><\/h5><\/div>\n<\/div>\n<\/div>\n<\/div>\n\n<\/li><li data-wp-key=\"post-template-item-680\" class=\"wp-block-post post-680 page type-page status-publish has-post-thumbnail hentry\">\n\n<div class=\"wp-block-group has-global-padding is-layout-constrained wp-block-group-is-layout-constrained\">\n<div class=\"wp-block-columns is-layout-flex wp-container-core-columns-is-layout-28f84493 wp-block-columns-is-layout-flex\">\n<div class=\"wp-block-column has-global-padding is-layout-constrained wp-block-column-is-layout-constrained\" style=\"flex-basis:100%\">\n<div class=\"wp-block-group has-global-padding is-layout-constrained wp-container-core-group-is-layout-19e250f3 wp-block-group-is-layout-constrained\"><figure style=\"aspect-ratio:16\/9;\" class=\"wp-block-post-featured-image\"><a href=\"https:\/\/www.votteler.com\/de\/branchen\/services\/\" target=\"_self\"  ><img loading=\"lazy\" decoding=\"async\" width=\"1111\" height=\"985\" src=\"https:\/\/www.votteler.com\/wp-content\/uploads\/2024\/03\/02_branchen_holzhandwerk.jpg\" class=\"attachment-post-thumbnail size-post-thumbnail wp-post-image\" alt=\"Services\" style=\"width:100%;height:100%;object-fit:cover;\" srcset=\"https:\/\/www.votteler.com\/wp-content\/uploads\/2024\/03\/02_branchen_holzhandwerk.jpg 1111w, https:\/\/www.votteler.com\/wp-content\/uploads\/2024\/03\/02_branchen_holzhandwerk-300x266.jpg 300w, https:\/\/www.votteler.com\/wp-content\/uploads\/2024\/03\/02_branchen_holzhandwerk-1024x908.jpg 1024w, https:\/\/www.votteler.com\/wp-content\/uploads\/2024\/03\/02_branchen_holzhandwerk-768x681.jpg 768w\" sizes=\"auto, (max-width: 1111px) 100vw, 1111px\" \/><\/a><\/figure>\n\n<h5 style=\"padding-top:15px;padding-bottom:30px;\" class=\"has-link-color wp-elements-cd87bb74ccc5eef223ad51c88c62771e wp-block-post-title\"><a href=\"https:\/\/www.votteler.com\/de\/branchen\/services\/\" target=\"_self\" >Services<\/a><\/h5><\/div>\n<\/div>\n<\/div>\n<\/div>\n\n<\/li><li data-wp-key=\"post-template-item-2947\" class=\"wp-block-post post-2947 page type-page status-publish has-post-thumbnail hentry\">\n\n<div class=\"wp-block-group has-global-padding is-layout-constrained wp-block-group-is-layout-constrained\">\n<div class=\"wp-block-columns is-layout-flex wp-container-core-columns-is-layout-28f84493 wp-block-columns-is-layout-flex\">\n<div class=\"wp-block-column has-global-padding is-layout-constrained wp-block-column-is-layout-constrained\" style=\"flex-basis:100%\">\n<div class=\"wp-block-group has-global-padding is-layout-constrained wp-container-core-group-is-layout-19e250f3 wp-block-group-is-layout-constrained\"><figure style=\"aspect-ratio:16\/9;\" class=\"wp-block-post-featured-image\"><a href=\"https:\/\/www.votteler.com\/de\/branchen\/rim\/\" target=\"_self\"  ><img loading=\"lazy\" decoding=\"async\" width=\"1348\" height=\"540\" src=\"https:\/\/www.votteler.com\/wp-content\/uploads\/2024\/07\/PURI.png\" class=\"attachment-post-thumbnail size-post-thumbnail wp-post-image\" alt=\"PURIFLOW\u00ae und RIM\" style=\"width:100%;height:100%;object-fit:cover;\" srcset=\"https:\/\/www.votteler.com\/wp-content\/uploads\/2024\/07\/PURI.png 1348w, https:\/\/www.votteler.com\/wp-content\/uploads\/2024\/07\/PURI-300x120.png 300w, https:\/\/www.votteler.com\/wp-content\/uploads\/2024\/07\/PURI-1024x410.png 1024w, https:\/\/www.votteler.com\/wp-content\/uploads\/2024\/07\/PURI-768x308.png 768w\" sizes=\"auto, (max-width: 1348px) 100vw, 1348px\" \/><\/a><\/figure>\n\n<h5 style=\"padding-top:15px;padding-bottom:30px;\" class=\"has-link-color wp-elements-cd87bb74ccc5eef223ad51c88c62771e wp-block-post-title\"><a href=\"https:\/\/www.votteler.com\/de\/branchen\/rim\/\" target=\"_self\" >PURIFLOW\u00ae und RIM<\/a><\/h5><\/div>\n<\/div>\n<\/div>\n<\/div>\n\n<\/li><\/ul><\/div>\n<\/div>\n<\/div>\n<\/div>\n\n\n\n<p>Sie fragen sich sicher, was \u201eEngineered Ideas\u201c sind. Ganz einfach: \u00dcber die Jahre haben wir unser K\u00f6nnen in vielen Projekten bewiesen, die sich nicht so einfach einer bestimmten Branche zuordnen lassen. Wir nennen diese Projekte \u201eEngineered Ideas\u201c. Gerne kommen wir pers\u00f6nlich bei Ihnen vorbei und erz\u00e4hlen Ihnen von spannenden Herausforderungen f\u00fcr tolle Kunden auf der ganzen Welt. Und wenn wir dann schon mal da sind, dann h\u00f6ren wir uns nat\u00fcrlich auch gerne Ihre individuellen Herausforderungen an.&nbsp;&nbsp;&nbsp;<\/p>\n\n\n\n<div class=\"wp-block-buttons is-layout-flex wp-block-buttons-is-layout-flex\">\n<div class=\"wp-block-button\"><a class=\"wp-block-button__link has-base-color has-text-color has-link-color wp-element-button\" href=\"https:\/\/www.votteler.com\/branchen\/engineered-ideas\/\">Engineered Ideas entdecken<\/a><\/div>\n<\/div>\n","protected":false},"excerpt":{"rendered":"<p>Hier kennen wir uns ganz besonders gut aus: Sie steigen aus dem Bett, nehmen die Kleider aus dem Schrank, fr\u00fchst\u00fccken gem\u00fctlich am Esstisch aus Mooreiche, schlie\u00dfen die Wohnungst\u00fcr hinter sich und fahren mit dem Auto zum Hafen, um sich ein paar Yachten anzuschauen. Bereits jetzt sind Sie mit f\u00fcnf Branchen in Ber\u00fchrung gekommen, zu denen [&hellip;]<\/p>\n","protected":false},"author":2,"featured_media":2803,"parent":0,"menu_order":0,"comment_status":"closed","ping_status":"closed","template":"wp-custom-template-seitentemplate-branchen","meta":{"_acf_changed":false,"footnotes":""},"class_list":["post-663","page","type-page","status-publish","has-post-thumbnail","hentry"],"acf":[],"_links":{"self":[{"href":"https:\/\/www.votteler.com\/de\/wp-json\/wp\/v2\/pages\/663","targetHints":{"allow":["GET"]}}],"collection":[{"href":"https:\/\/www.votteler.com\/de\/wp-json\/wp\/v2\/pages"}],"about":[{"href":"https:\/\/www.votteler.com\/de\/wp-json\/wp\/v2\/types\/page"}],"author":[{"embeddable":true,"href":"https:\/\/www.votteler.com\/de\/wp-json\/wp\/v2\/users\/2"}],"replies":[{"embeddable":true,"href":"https:\/\/www.votteler.com\/de\/wp-json\/wp\/v2\/comments?post=663"}],"version-history":[{"count":24,"href":"https:\/\/www.votteler.com\/de\/wp-json\/wp\/v2\/pages\/663\/revisions"}],"predecessor-version":[{"id":3775,"href":"https:\/\/www.votteler.com\/de\/wp-json\/wp\/v2\/pages\/663\/revisions\/3775"}],"wp:featuredmedia":[{"embeddable":true,"href":"https:\/\/www.votteler.com\/de\/wp-json\/wp\/v2\/media\/2803"}],"wp:attachment":[{"href":"https:\/\/www.votteler.com\/de\/wp-json\/wp\/v2\/media?parent=663"}],"curies":[{"name":"wp","href":"https:\/\/api.w.org\/{rel}","templated":true}]}}