{"id":665,"date":"2024-02-20T11:30:27","date_gmt":"2024-02-20T10:30:27","guid":{"rendered":"https:\/\/www.votteler.com\/?page_id=665"},"modified":"2024-08-15T08:44:15","modified_gmt":"2024-08-15T06:44:15","slug":"automotive","status":"publish","type":"page","link":"https:\/\/www.votteler.com\/de\/branchen\/automotive\/","title":{"rendered":"Automotive"},"content":{"rendered":"\n<div class=\"wp-block-columns is-layout-flex wp-container-core-columns-is-layout-28f84493 wp-block-columns-is-layout-flex\">\n<div class=\"wp-block-column is-layout-flow wp-block-column-is-layout-flow\" style=\"flex-basis:50%\">\n<h3 class=\"wp-block-heading\">Wir machen den Fahrzeugauftritt au\u00dfergew\u00f6hnlich.<\/h3>\n\n\n\n<p>Seit vielen, vielen Jahren versorgen wir die Gro\u00dfen und die Kleinen der Automobilindustrie mit Lacksystemen und Know-how f\u00fcr beeindruckende Highlights im Fahrzeuginneren \u2013 vorrangig im Bereich der Dekorleisten aus Holz, Carbon und anderen Materialien. Aber auch im Au\u00dfenbereich gl\u00e4nzt Votteler mit L\u00f6sungen, die den Elementen trotzen und vor Witterung, Steinschlag, Dampfstrahlern, Harz, Vogelkot und vielem mehr sch\u00fctzen. Selbst auf extreme klimatische Bedingungen wie hohe Luftfeuchtigkeit, Minusgrade oder gro\u00dfe Hitze, sind unsere Systeme bestens eingestellt.<\/p>\n\n\n\n<p>Als Experte im Automobilbereich bieten wir unseren Kunden ein breites Sortiment an hochwertigsten Materialien. Angefangen bei Produkten zur Verbesserung der UV-Stabilit\u00e4t \u00fcber Beizen auf L\u00f6semittel- oder Wasserbasis bis hin zu matten und hochgl\u00e4nzenden Decklacken. Alles sehr leicht zu verarbeiten f\u00fcr ein beeindruckendes und sch\u00fctzendes Finish.<\/p>\n\n\n\n<p>Den stetig wachsenden Anforderungen an Oberfl\u00e4chen begegnen wir mit einem innovativen Oberfl\u00e4chenkonzept, das alle Eventualit\u00e4ten mit einbezieht. Wie die individuelle L\u00f6sung f\u00fcr Ihr Projekt aussieht, h\u00e4ngt von vielen einzelnen Faktoren, wie z.B. der Holzart, dem Farbton oder den gew\u00fcnschten Effekten, ab.<\/p>\n\n\n\n<p>Auf Wunsch mustern unsere Spezialisten im hauseigenen Farblabor die Oberfl\u00e4chenveredelung Ihrer Tr\u00e4ume aus. Und zwar so lange, bis unsere L\u00f6sung zu 100 Prozent Ihren Vorstellungen entspricht.<\/p>\n<\/div>\n\n\n\n<div class=\"wp-block-column is-layout-flow wp-block-column-is-layout-flow\" style=\"flex-basis:50%\">\n<figure class=\"wp-block-image size-large is-resized\"><img decoding=\"async\" src=\"https:\/\/www.votteler.com\/wp-content\/uploads\/2024\/03\/01_branchen_automotive-1024x912.png\" alt=\"Votteler Automotive\" style=\"aspect-ratio:1;width:680px;height:auto\"\/><\/figure>\n<\/div>\n<\/div>\n\n\n\n<div class=\"wp-block-columns are-vertically-aligned-center is-layout-flex wp-container-core-columns-is-layout-28f84493 wp-block-columns-is-layout-flex\">\n<div class=\"wp-block-column is-vertically-aligned-center is-layout-flow wp-block-column-is-layout-flow\">\n<figure class=\"wp-block-image size-large is-resized\"><img decoding=\"async\" src=\"https:\/\/www.votteler.com\/wp-content\/uploads\/2024\/02\/02_Branchen_Automotive-1024x912.jpg\" alt=\"Votteler Automotive\" style=\"aspect-ratio:1;width:680px;height:auto\"\/><\/figure>\n<\/div>\n\n\n\n<div class=\"wp-block-column is-vertically-aligned-center is-layout-flow wp-block-column-is-layout-flow\">\n<h3 class=\"wp-block-heading\">Wirtschaftliche und nachhaltige L\u00f6sungen mit System.<\/h3>\n\n\n\n<p>Dass Wirtschaftlichkeit und Nachhaltigkeit kein Widerspruch sind, sondern zusammen geh\u00f6ren versteht sich f\u00fcr uns von selbst. Darum entwickeln wir Systeme, die&#8230;<\/p>\n\n\n\n<ul class=\"wp-block-list\">\n<li>Einsparpotenzial hinsichtlich der Prozessschritte und Prozesszeiten aufweisen<\/li>\n\n\n\n<li>den Materialeinsatz m\u00f6glichst gering halten<\/li>\n\n\n\n<li>Ressourcen schonen<\/li>\n\n\n\n<li>eine niedrigere Ausschussrate gew\u00e4hrleisten<\/li>\n\n\n\n<li>geringe Emissionen erzeugen<\/li>\n\n\n\n<li>keine Kennzeichnungspflicht haben<\/li>\n<\/ul>\n<\/div>\n<\/div>\n\n\n\n<div class=\"wp-block-cover alignfull has-parallax wp-duotone-000000-1e4e9d-1\" style=\"margin-top:30px;margin-bottom:30px;min-height:358px;aspect-ratio:unset;\"><span aria-hidden=\"true\" class=\"wp-block-cover__background has-contrast-background-color has-background-dim-30 has-background-dim\"><\/span><div role=\"img\" aria-label=\"Votteler RIM-Technologie\" class=\"wp-block-cover__image-background wp-image-958 has-parallax\" style=\"background-position:50% 50%;background-image:url(https:\/\/www.votteler.com\/wp-content\/uploads\/2024\/03\/04_Branchen_Automotive.jpg)\"><\/div><div class=\"wp-block-cover__inner-container has-global-padding is-layout-constrained wp-container-core-cover-is-layout-aff55d57 wp-block-cover-is-layout-constrained\">\n<div class=\"wp-block-columns is-layout-flex wp-container-core-columns-is-layout-28f84493 wp-block-columns-is-layout-flex\">\n<div class=\"wp-block-column has-global-padding is-layout-constrained wp-container-core-column-is-layout-79ca9124 wp-block-column-is-layout-constrained\">\n<h2 class=\"wp-block-heading has-text-align-left has-white-color has-text-color\" style=\"font-size:clamp(1.976em, 1.976rem + ((1vw - 0.2em) * 2.258), 3.5em);font-style:normal;font-weight:600;letter-spacing:0px;line-height:1.3;text-transform:none\">Profitieren Sie von Oberfl\u00e4chen, die unter die Haut gehen.<\/h2>\n<\/div>\n\n\n\n<div class=\"wp-block-column is-layout-flow wp-block-column-is-layout-flow\">\n<p class=\"has-base-color has-text-color has-link-color wp-elements-75d1ac2e1d73c739173c183595a3c56e\" style=\"font-style:normal;font-weight:600\">Votteler verf\u00fcgt \u00fcber eine der weltweit modernsten Testanlagen f\u00fcr Reaction-Injection-Moulding, kurz RIM. Diese erm\u00f6glicht \u2013 auf Prototypenbasis \u2013 das Erzeugen von Holzzierteilen und Kunststoffteilen inklusive der gew\u00fcnschten Lackierung mit PURIFLOW<sup>\u00ae<\/sup>&nbsp;Speziallacken von Votteler in einem Herstellungsprozess. Dieses Verfahren wird als RIM-Two-in-One bezeichnet.<\/p>\n\n\n\n<p class=\"has-base-color has-text-color has-link-color wp-elements-568006da8073aa9d1d5171623aa9afb0\" style=\"font-style:normal;font-weight:600\">Gro\u00dfer Vorteil gegen\u00fcber dem RIM-Two-Shot-Verfahren: Tr\u00e4ger und \u00dcberlackierung werden in einem Prozessschritt erstellt. Das aufw\u00e4ndige Einbringen des Werkst\u00fccks in ein zweites Werkzeug entf\u00e4llt. Das spart wertvolle Zeit und bares Geld.&nbsp;<\/p>\n<\/div>\n<\/div>\n<\/div><\/div>\n\n\n\n<div class=\"wp-block-columns are-vertically-aligned-center is-layout-flex wp-container-core-columns-is-layout-28f84493 wp-block-columns-is-layout-flex\">\n<div class=\"wp-block-column is-vertically-aligned-center is-layout-flow wp-block-column-is-layout-flow\" style=\"flex-basis:33%\">\n<figure class=\"wp-block-image size-large\"><img decoding=\"async\" src=\"https:\/\/www.votteler.com\/wp-content\/uploads\/2024\/03\/03_Branchen_Automotive-1024x908.jpg\" alt=\"Votteler RIM-Technologie\"\/><\/figure>\n<\/div>\n\n\n\n<div class=\"wp-block-column is-vertically-aligned-center is-layout-flow wp-block-column-is-layout-flow\" style=\"flex-basis:66%\">\n<h3 class=\"wp-block-heading\">Mit RIM kommt einfach mehr rum.<\/h3>\n\n\n\n<p>Bereits heute k\u00f6nnen mit RIM und PURIFLOW\u00ae beeindruckende und bislang nur sehr aufw\u00e4ndig herzustellende 3D-Effekte direkt in der Anlage erzeugt werden. Die vielf\u00e4ltigen M\u00f6glichkeiten mit RIM haben wir fr\u00fch erkannt und sind heute Innovator und Treiber, Prozessversteher und Systemintegrator dieser einzigartigen Technologie. Oder einfach: genau der richtige Ansprechpartner f\u00fcr alle, bei denen mit RIM mehr rumkommen soll.<\/p>\n\n\n\n<p>Unseren Kunden und Partnern bieten wir mit unserem ultramodernen RIM-Technikum vielf\u00e4ltige M\u00f6glichkeiten \u2013 von der Prozessdemonstration und Prozessschulung \u00fcber die Werkzeugabmusterung und Pr\u00fcfmustererstellung bis hin zur Prototypenfertigung mit Material- und Bauteilvalidierung.<\/p>\n\n\n\n<div class=\"wp-block-buttons is-layout-flex wp-block-buttons-is-layout-flex\">\n<div class=\"wp-block-button\"><a class=\"wp-block-button__link has-base-color has-text-color has-link-color wp-element-button\" href=\"https:\/\/www.votteler.com\/branchen\/rim\/\" target=\"_blank\" rel=\"noreferrer noopener\">Mehr zu den Vorteilen von RIM<\/a><\/div>\n<\/div>\n<\/div>\n\n\n\n<div class=\"wp-block-column is-layout-flow wp-block-column-is-layout-flow\"><\/div>\n<\/div>\n\n\n\n<p><\/p>\n","protected":false},"excerpt":{"rendered":"<p>Wir machen den Fahrzeugauftritt au\u00dfergew\u00f6hnlich. Seit vielen, vielen Jahren versorgen wir die Gro\u00dfen und die Kleinen der Automobilindustrie mit Lacksystemen und Know-how f\u00fcr beeindruckende Highlights im Fahrzeuginneren \u2013 vorrangig im Bereich der Dekorleisten aus Holz, Carbon und anderen Materialien. Aber auch im Au\u00dfenbereich gl\u00e4nzt Votteler mit L\u00f6sungen, die den Elementen trotzen und vor Witterung, Steinschlag, [&hellip;]<\/p>\n","protected":false},"author":2,"featured_media":3486,"parent":663,"menu_order":1,"comment_status":"closed","ping_status":"closed","template":"wp-custom-template-seitentemplate-branchen","meta":{"_acf_changed":false,"footnotes":""},"class_list":["post-665","page","type-page","status-publish","has-post-thumbnail","hentry"],"acf":[],"_links":{"self":[{"href":"https:\/\/www.votteler.com\/de\/wp-json\/wp\/v2\/pages\/665","targetHints":{"allow":["GET"]}}],"collection":[{"href":"https:\/\/www.votteler.com\/de\/wp-json\/wp\/v2\/pages"}],"about":[{"href":"https:\/\/www.votteler.com\/de\/wp-json\/wp\/v2\/types\/page"}],"author":[{"embeddable":true,"href":"https:\/\/www.votteler.com\/de\/wp-json\/wp\/v2\/users\/2"}],"replies":[{"embeddable":true,"href":"https:\/\/www.votteler.com\/de\/wp-json\/wp\/v2\/comments?post=665"}],"version-history":[{"count":73,"href":"https:\/\/www.votteler.com\/de\/wp-json\/wp\/v2\/pages\/665\/revisions"}],"predecessor-version":[{"id":4257,"href":"https:\/\/www.votteler.com\/de\/wp-json\/wp\/v2\/pages\/665\/revisions\/4257"}],"up":[{"embeddable":true,"href":"https:\/\/www.votteler.com\/de\/wp-json\/wp\/v2\/pages\/663"}],"wp:featuredmedia":[{"embeddable":true,"href":"https:\/\/www.votteler.com\/de\/wp-json\/wp\/v2\/media\/3486"}],"wp:attachment":[{"href":"https:\/\/www.votteler.com\/de\/wp-json\/wp\/v2\/media?parent=665"}],"curies":[{"name":"wp","href":"https:\/\/api.w.org\/{rel}","templated":true}]}}