{"id":671,"date":"2024-02-26T10:03:27","date_gmt":"2024-02-26T09:03:27","guid":{"rendered":"https:\/\/www.votteler.com\/?page_id=671"},"modified":"2024-07-23T15:10:13","modified_gmt":"2024-07-23T13:10:13","slug":"moebelindustrie","status":"publish","type":"page","link":"https:\/\/www.votteler.com\/de\/branchen\/moebelindustrie\/","title":{"rendered":"M\u00f6belindustrie"},"content":{"rendered":"\n<div class=\"wp-block-columns are-vertically-aligned-center is-layout-flex wp-container-core-columns-is-layout-28f84493 wp-block-columns-is-layout-flex\">\n<div class=\"wp-block-column is-vertically-aligned-center is-layout-flow wp-block-column-is-layout-flow\" style=\"flex-basis:66%\">\n<h3 class=\"wp-block-heading\">Gemeinsam machen wir jedes M\u00f6bel zum Erlebnis.<\/h3>\n\n\n\n<p>Das machen wir bereits seit vielen Jahren und f\u00fcr richtig tolle Kunden, die hochwertigste M\u00f6belst\u00fccke entwickeln und herstellen. Vielleicht sitzen Sie sogar gerade darauf oder lagern Ihre Akten und Andenken darin.&nbsp;<\/p>\n\n\n\n<p>So richtig zu Hause f\u00fchlen wir uns, wenn es dabei um hoch automatisierte Fertigungen unter stetig wechselnden Bedingungen bei gleichzeitig h\u00f6chsten Qualit\u00e4tsanspr\u00fcchen geht. Dem begegnen wir mit Innovationsgeist, Flexibilit\u00e4t und Schnelligkeit \u2013 und mit der Grundeinstellung, dass es f\u00fcr jedes Problem eine L\u00f6sung gibt.<\/p>\n\n\n\n<p>Basierend auf unserem Gesp\u00fcr f\u00fcr Trends und unserer engen Vernetzung zu designorientierten Branchen entwickeln wir in unseren hauseigenen Farblaboren stetig neue Kreationen, die wir unseren Kunden und Partnern gerne zur Verf\u00fcgung stellen. Nat\u00fcrlich mustern wir aber auch ganz nach Ihren W\u00fcnschen und Vorgaben aus. Ob spezielle Metallic-Effektlacke, farblose, funktionelle Lacke oder veredelnde Beizen, ob l\u00f6semittel- oder wasserbasiert. Eben genau so, dass es die Anforderungen Ihrer Branche erf\u00fcllt. Allerdings \u00fcbertreffen wir diese Anforderungen meistens.<\/p>\n<\/div>\n\n\n\n<div class=\"wp-block-column is-vertically-aligned-center is-layout-flow wp-block-column-is-layout-flow\" style=\"flex-basis:33%\">\n<figure class=\"wp-block-image size-large\"><img loading=\"lazy\" decoding=\"async\" width=\"1024\" height=\"912\" src=\"https:\/\/www.votteler.com\/wp-content\/uploads\/2024\/02\/01_branchen_moebelindustrie-1024x912.png\" alt=\"\" class=\"wp-image-912\" srcset=\"https:\/\/www.votteler.com\/wp-content\/uploads\/2024\/02\/01_branchen_moebelindustrie-1024x912.png 1024w, https:\/\/www.votteler.com\/wp-content\/uploads\/2024\/02\/01_branchen_moebelindustrie-300x267.png 300w, https:\/\/www.votteler.com\/wp-content\/uploads\/2024\/02\/01_branchen_moebelindustrie-768x684.png 768w, https:\/\/www.votteler.com\/wp-content\/uploads\/2024\/02\/01_branchen_moebelindustrie.png 1111w\" sizes=\"auto, (max-width: 1024px) 100vw, 1024px\" \/><\/figure>\n<\/div>\n<\/div>\n\n\n\n<p><\/p>\n","protected":false},"excerpt":{"rendered":"<p>Gemeinsam machen wir jedes M\u00f6bel zum Erlebnis. Das machen wir bereits seit vielen Jahren und f\u00fcr richtig tolle Kunden, die hochwertigste M\u00f6belst\u00fccke entwickeln und herstellen. Vielleicht sitzen Sie sogar gerade darauf oder lagern Ihre Akten und Andenken darin.&nbsp; So richtig zu Hause f\u00fchlen wir uns, wenn es dabei um hoch automatisierte Fertigungen unter stetig wechselnden [&hellip;]<\/p>\n","protected":false},"author":4,"featured_media":2920,"parent":663,"menu_order":2,"comment_status":"closed","ping_status":"closed","template":"wp-custom-template-seitentemplate-branchen","meta":{"_acf_changed":false,"footnotes":""},"class_list":["post-671","page","type-page","status-publish","has-post-thumbnail","hentry"],"acf":[],"_links":{"self":[{"href":"https:\/\/www.votteler.com\/de\/wp-json\/wp\/v2\/pages\/671","targetHints":{"allow":["GET"]}}],"collection":[{"href":"https:\/\/www.votteler.com\/de\/wp-json\/wp\/v2\/pages"}],"about":[{"href":"https:\/\/www.votteler.com\/de\/wp-json\/wp\/v2\/types\/page"}],"author":[{"embeddable":true,"href":"https:\/\/www.votteler.com\/de\/wp-json\/wp\/v2\/users\/4"}],"replies":[{"embeddable":true,"href":"https:\/\/www.votteler.com\/de\/wp-json\/wp\/v2\/comments?post=671"}],"version-history":[{"count":15,"href":"https:\/\/www.votteler.com\/de\/wp-json\/wp\/v2\/pages\/671\/revisions"}],"predecessor-version":[{"id":4317,"href":"https:\/\/www.votteler.com\/de\/wp-json\/wp\/v2\/pages\/671\/revisions\/4317"}],"up":[{"embeddable":true,"href":"https:\/\/www.votteler.com\/de\/wp-json\/wp\/v2\/pages\/663"}],"wp:featuredmedia":[{"embeddable":true,"href":"https:\/\/www.votteler.com\/de\/wp-json\/wp\/v2\/media\/2920"}],"wp:attachment":[{"href":"https:\/\/www.votteler.com\/de\/wp-json\/wp\/v2\/media?parent=671"}],"curies":[{"name":"wp","href":"https:\/\/api.w.org\/{rel}","templated":true}]}}