{"id":673,"date":"2024-02-26T10:05:18","date_gmt":"2024-02-26T09:05:18","guid":{"rendered":"https:\/\/www.votteler.com\/?page_id=673"},"modified":"2024-07-23T15:10:14","modified_gmt":"2024-07-23T13:10:14","slug":"tueren","status":"publish","type":"page","link":"https:\/\/www.votteler.com\/de\/branchen\/tueren\/","title":{"rendered":"T\u00fcren"},"content":{"rendered":"\n<div class=\"wp-block-columns are-vertically-aligned-center is-layout-flex wp-container-core-columns-is-layout-28f84493 wp-block-columns-is-layout-flex\">\n<div class=\"wp-block-column is-vertically-aligned-center is-layout-flow wp-block-column-is-layout-flow\" style=\"flex-basis:66%\">\n<h3 class=\"wp-block-heading\">Machen wir es kurz: es gibt keine Lackieranlage, die wir nicht kennen.<\/h3>\n\n\n\n<p>Darum macht uns in der T\u00fcrenindustrie auch garantiert keiner etwas vor. Das liegt aber auch mit daran, dass wir f\u00fcr den anhaltenden Erfolg unserer Kunden so einiges nachmachen. Und zwar in unserem eigenen Technikum, in dem wir s\u00e4mtliche Gegebenheiten Ihres Unternehmens genauestens nachstellen k\u00f6nnen. Luftfeuchtigkeit, Temperatur, Anlagengeschwindigkeit. Wir stellen unsere Anlage exakt auf Ihre Gegebenheiten ein, optimieren s\u00e4mtliche systemrelevanten Komponenten und Vorg\u00e4nge und liefern Ihnen ein optimal eingestelltes Produkt. F\u00fcr Sie hei\u00dft das: mehr Produktionssicherheit, minimierte Ausfallzeiten und eine deutlich h\u00f6here Wirtschaftlichkeit.<\/p>\n\n\n\n<p>Mehr \u00fcber unser Technikum erfahren Sie&nbsp;hier. Noch mehr \u00fcber Ihre individuellen Herausforderungen erl\u00e4utern Sie uns gerne im pers\u00f6nlichen Gespr\u00e4ch. Wir freuen uns darauf Sie kennenzulernen.<\/p>\n<\/div>\n\n\n\n<div class=\"wp-block-column is-vertically-aligned-center is-layout-flow wp-block-column-is-layout-flow\" style=\"flex-basis:33%\">\n<figure class=\"wp-block-image size-large\"><img loading=\"lazy\" decoding=\"async\" width=\"1024\" height=\"912\" src=\"https:\/\/www.votteler.com\/wp-content\/uploads\/2024\/02\/01_branchen_tueren-1024x912.png\" alt=\"Votteler T\u00fcren\" class=\"wp-image-916\" srcset=\"https:\/\/www.votteler.com\/wp-content\/uploads\/2024\/02\/01_branchen_tueren-1024x912.png 1024w, https:\/\/www.votteler.com\/wp-content\/uploads\/2024\/02\/01_branchen_tueren-300x267.png 300w, https:\/\/www.votteler.com\/wp-content\/uploads\/2024\/02\/01_branchen_tueren-768x684.png 768w, https:\/\/www.votteler.com\/wp-content\/uploads\/2024\/02\/01_branchen_tueren.png 1111w\" sizes=\"auto, (max-width: 1024px) 100vw, 1024px\" \/><\/figure>\n<\/div>\n<\/div>\n","protected":false},"excerpt":{"rendered":"<p>Machen wir es kurz: es gibt keine Lackieranlage, die wir nicht kennen. Darum macht uns in der T\u00fcrenindustrie auch garantiert keiner etwas vor. Das liegt aber auch mit daran, dass wir f\u00fcr den anhaltenden Erfolg unserer Kunden so einiges nachmachen. Und zwar in unserem eigenen Technikum, in dem wir s\u00e4mtliche Gegebenheiten Ihres Unternehmens genauestens nachstellen [&hellip;]<\/p>\n","protected":false},"author":4,"featured_media":3488,"parent":663,"menu_order":3,"comment_status":"closed","ping_status":"closed","template":"wp-custom-template-seitentemplate-branchen","meta":{"_acf_changed":false,"footnotes":""},"class_list":["post-673","page","type-page","status-publish","has-post-thumbnail","hentry"],"acf":[],"_links":{"self":[{"href":"https:\/\/www.votteler.com\/de\/wp-json\/wp\/v2\/pages\/673","targetHints":{"allow":["GET"]}}],"collection":[{"href":"https:\/\/www.votteler.com\/de\/wp-json\/wp\/v2\/pages"}],"about":[{"href":"https:\/\/www.votteler.com\/de\/wp-json\/wp\/v2\/types\/page"}],"author":[{"embeddable":true,"href":"https:\/\/www.votteler.com\/de\/wp-json\/wp\/v2\/users\/4"}],"replies":[{"embeddable":true,"href":"https:\/\/www.votteler.com\/de\/wp-json\/wp\/v2\/comments?post=673"}],"version-history":[{"count":10,"href":"https:\/\/www.votteler.com\/de\/wp-json\/wp\/v2\/pages\/673\/revisions"}],"predecessor-version":[{"id":4285,"href":"https:\/\/www.votteler.com\/de\/wp-json\/wp\/v2\/pages\/673\/revisions\/4285"}],"up":[{"embeddable":true,"href":"https:\/\/www.votteler.com\/de\/wp-json\/wp\/v2\/pages\/663"}],"wp:featuredmedia":[{"embeddable":true,"href":"https:\/\/www.votteler.com\/de\/wp-json\/wp\/v2\/media\/3488"}],"wp:attachment":[{"href":"https:\/\/www.votteler.com\/de\/wp-json\/wp\/v2\/media?parent=673"}],"curies":[{"name":"wp","href":"https:\/\/api.w.org\/{rel}","templated":true}]}}