{"id":676,"date":"2024-02-21T10:08:12","date_gmt":"2024-02-21T09:08:12","guid":{"rendered":"https:\/\/www.votteler.com\/?page_id=676"},"modified":"2024-09-09T11:36:15","modified_gmt":"2024-09-09T09:36:15","slug":"holzhandwerk","status":"publish","type":"page","link":"https:\/\/www.votteler.com\/de\/branchen\/holzhandwerk\/","title":{"rendered":"Holzhandwerk"},"content":{"rendered":"\n<div class=\"wp-block-columns are-vertically-aligned-center is-layout-flex wp-container-core-columns-is-layout-28f84493 wp-block-columns-is-layout-flex\">\n<div class=\"wp-block-column is-vertically-aligned-center is-layout-flow wp-block-column-is-layout-flow\" style=\"flex-basis:66%\">\n<h3 class=\"wp-block-heading\">Lacke und Beizen gemacht mit Herz und Verstand \u2013 speziell f\u00fcr das Holzhandwerk<\/h3>\n\n\n\n<p>Darin enthalten ist alles, was das Herz der Schreiner und Tischler h\u00f6herschlagen l\u00e4sst: Eine breite Palette an qualitativ hochwertigen Lacken und Beizen auf Wasser- und L\u00f6semittel Basis, erg\u00e4nzt um hochwertige \u00d6le, H\u00e4rter, Primer und vieles mehr. Alles jederzeit sofort verf\u00fcgbar und schnell geliefert.&nbsp;<\/p>\n\n\n\n<p>\u00dcberdies machen wir uns regelm\u00e4\u00dfig Gedanken \u00fcber aktuelle Trendfarben und beraten hierzu Architekten und Objekteinrichter.&nbsp;<\/p>\n\n\n\n<div class=\"wp-block-buttons is-layout-flex wp-block-buttons-is-layout-flex\">\n<div class=\"wp-block-button\"><a class=\"wp-block-button__link wp-element-button\" href=\"https:\/\/www.votteler.com\/anfrage\/\">Kommen Sie auf uns zu \u2013 unsere Designabteilung hilft Ihnen gerne weiter!<\/a><\/div>\n<\/div>\n<\/div>\n\n\n\n<div class=\"wp-block-column is-vertically-aligned-center is-layout-flow wp-block-column-is-layout-flow\" style=\"flex-basis:33%\">\n<figure class=\"wp-block-image size-large\"><img loading=\"lazy\" decoding=\"async\" width=\"1024\" height=\"881\" src=\"https:\/\/www.votteler.com\/wp-content\/uploads\/2024\/02\/01_branchen_holzhandwerk-1024x881.jpg\" alt=\"Votteler Holzhandwerk\" class=\"wp-image-910\" srcset=\"https:\/\/www.votteler.com\/wp-content\/uploads\/2024\/02\/01_branchen_holzhandwerk-1024x881.jpg 1024w, https:\/\/www.votteler.com\/wp-content\/uploads\/2024\/02\/01_branchen_holzhandwerk-300x258.jpg 300w, https:\/\/www.votteler.com\/wp-content\/uploads\/2024\/02\/01_branchen_holzhandwerk-768x660.jpg 768w, https:\/\/www.votteler.com\/wp-content\/uploads\/2024\/02\/01_branchen_holzhandwerk-1536x1321.jpg 1536w, https:\/\/www.votteler.com\/wp-content\/uploads\/2024\/02\/01_branchen_holzhandwerk-2048x1761.jpg 2048w\" sizes=\"auto, (max-width: 1024px) 100vw, 1024px\" \/><\/figure>\n<\/div>\n<\/div>\n\n\n\n<div class=\"wp-block-columns are-vertically-aligned-center is-layout-flex wp-container-core-columns-is-layout-28f84493 wp-block-columns-is-layout-flex\">\n<div class=\"wp-block-column is-vertically-aligned-center is-layout-flow wp-block-column-is-layout-flow\" style=\"flex-basis:33%\">\n<figure class=\"wp-block-image size-large\"><img loading=\"lazy\" decoding=\"async\" width=\"1024\" height=\"908\" src=\"https:\/\/www.votteler.com\/wp-content\/uploads\/2024\/03\/02_branchen_holzhandwerk-1024x908.jpg\" alt=\"Votteler Holzhandwerk\" class=\"wp-image-941\" srcset=\"https:\/\/www.votteler.com\/wp-content\/uploads\/2024\/03\/02_branchen_holzhandwerk-1024x908.jpg 1024w, https:\/\/www.votteler.com\/wp-content\/uploads\/2024\/03\/02_branchen_holzhandwerk-300x266.jpg 300w, https:\/\/www.votteler.com\/wp-content\/uploads\/2024\/03\/02_branchen_holzhandwerk-768x681.jpg 768w, https:\/\/www.votteler.com\/wp-content\/uploads\/2024\/03\/02_branchen_holzhandwerk.jpg 1111w\" sizes=\"auto, (max-width: 1024px) 100vw, 1024px\" \/><\/figure>\n<\/div>\n\n\n\n<div class=\"wp-block-column is-vertically-aligned-center is-layout-flow wp-block-column-is-layout-flow\" style=\"flex-basis:66%\">\n<h3 class=\"wp-block-heading\">Darf es ein bisschen mehr sein?<\/h3>\n\n\n\n<p>Besondere Herausforderungen bedingen ganz individuelle L\u00f6sungen. Zum Gl\u00fcck blickt man bei Votteler auf weit mehr als 100 Jahre Kompetenz in der Veredelung von Holzoberfl\u00e4chen zur\u00fcck. Und davon profitiert das Holzhandwerk jeden Tag. Also einfach mal anfragen und schon erhalten Sie umfassende Beratung durch unsere Spezialisten, k\u00f6nnen von der Problemanalyse und L\u00f6sungsfindung unseres hauseigenen Technikums partizipieren oder sich spezielle Lacke und Beizen durch unsere Experten im Farblabor ausmustern lassen. Und zwar so lange, bis Sie und Ihre Kunden absolut zufrieden sind.<\/p>\n<\/div>\n<\/div>\n\n\n\n<div class=\"wp-block-buttons is-layout-flex wp-block-buttons-is-layout-flex\">\n<div class=\"wp-block-button\"><a class=\"wp-block-button__link wp-element-button\" href=\"https:\/\/www.votteler.com\/wp-content\/uploads\/2024\/04\/VOTTELER_BEIZENWELT_STANDARD_0323.pdf\" target=\"_blank\" rel=\"noreferrer noopener\">Unsere Beizenwelt<\/a><\/div>\n<\/div>\n","protected":false},"excerpt":{"rendered":"<p>Lacke und Beizen gemacht mit Herz und Verstand \u2013 speziell f\u00fcr das Holzhandwerk Darin enthalten ist alles, was das Herz der Schreiner und Tischler h\u00f6herschlagen l\u00e4sst: Eine breite Palette an qualitativ hochwertigen Lacken und Beizen auf Wasser- und L\u00f6semittel Basis, erg\u00e4nzt um hochwertige \u00d6le, H\u00e4rter, Primer und vieles mehr. Alles jederzeit sofort verf\u00fcgbar und schnell [&hellip;]<\/p>\n","protected":false},"author":4,"featured_media":2902,"parent":663,"menu_order":5,"comment_status":"closed","ping_status":"closed","template":"wp-custom-template-seitentemplate-branchen","meta":{"_acf_changed":false,"footnotes":""},"class_list":["post-676","page","type-page","status-publish","has-post-thumbnail","hentry"],"acf":[],"_links":{"self":[{"href":"https:\/\/www.votteler.com\/de\/wp-json\/wp\/v2\/pages\/676","targetHints":{"allow":["GET"]}}],"collection":[{"href":"https:\/\/www.votteler.com\/de\/wp-json\/wp\/v2\/pages"}],"about":[{"href":"https:\/\/www.votteler.com\/de\/wp-json\/wp\/v2\/types\/page"}],"author":[{"embeddable":true,"href":"https:\/\/www.votteler.com\/de\/wp-json\/wp\/v2\/users\/4"}],"replies":[{"embeddable":true,"href":"https:\/\/www.votteler.com\/de\/wp-json\/wp\/v2\/comments?post=676"}],"version-history":[{"count":13,"href":"https:\/\/www.votteler.com\/de\/wp-json\/wp\/v2\/pages\/676\/revisions"}],"predecessor-version":[{"id":4316,"href":"https:\/\/www.votteler.com\/de\/wp-json\/wp\/v2\/pages\/676\/revisions\/4316"}],"up":[{"embeddable":true,"href":"https:\/\/www.votteler.com\/de\/wp-json\/wp\/v2\/pages\/663"}],"wp:featuredmedia":[{"embeddable":true,"href":"https:\/\/www.votteler.com\/de\/wp-json\/wp\/v2\/media\/2902"}],"wp:attachment":[{"href":"https:\/\/www.votteler.com\/de\/wp-json\/wp\/v2\/media?parent=676"}],"curies":[{"name":"wp","href":"https:\/\/api.w.org\/{rel}","templated":true}]}}