{"id":678,"date":"2024-02-26T10:09:58","date_gmt":"2024-02-26T09:09:58","guid":{"rendered":"https:\/\/www.votteler.com\/?page_id=678"},"modified":"2024-07-31T16:07:32","modified_gmt":"2024-07-31T14:07:32","slug":"engineered-ideas","status":"publish","type":"page","link":"https:\/\/www.votteler.com\/de\/branchen\/engineered-ideas\/","title":{"rendered":"Engineered Ideas"},"content":{"rendered":"\n<div class=\"wp-block-columns are-vertically-aligned-center is-layout-flex wp-container-core-columns-is-layout-28f84493 wp-block-columns-is-layout-flex\">\n<div class=\"wp-block-column is-vertically-aligned-center is-layout-flow wp-block-column-is-layout-flow\">\n<h3 class=\"wp-block-heading\">Bei Votteler tun wir jeden Tag Dinge, die&nbsp;sich nicht so recht in eine&nbsp;Schublade stecken lassen<\/h3>\n\n\n\n<p>Sie ben\u00f6tigen einen Lack f\u00fcr etwas, das sich nicht unbedingt einer der \u00fcblichen Branchen zuordnet? Zum Beispiel einen Speziallack zur Veredelung von Schraubverschl\u00fcssen f\u00fcr einen Getr\u00e4nkehersteller oder Farben f\u00fcr h\u00f6lzernes Kinderspielzeug?  <\/p>\n\n\n\n<p>Ganz gleich mit welchem Gedanken Sie spielen, wenn es um Oberfl\u00e4chenveredelung geht \u2013 wir sind f\u00fcr jede Herausforderung zu haben und bringen unser umfassendes Wissen gerne mit ein.&nbsp;<\/p>\n\n\n\n<p>Wie es sich f\u00fcr echte Au\u00dfenseiter geh\u00f6rt, haben wir unseren ganz eigenen und bew\u00e4hrten Produkt-Entwicklungs-Prozess etabliert. Er versetzt uns in die Lage, Ihnen umgehend eine Einsch\u00e4tzung der Rentabilit\u00e4t unterbreiten zu k\u00f6nnen. So wissen Sie von vornherein, woran Sie sind und k\u00f6nnen Ihr Projekt professionell planen.<\/p>\n\n\n\n<p><\/p>\n<\/div>\n\n\n\n<div class=\"wp-block-column is-vertically-aligned-center is-layout-flow wp-block-column-is-layout-flow\">\n<figure class=\"wp-block-image size-large\"><img loading=\"lazy\" decoding=\"async\" width=\"1024\" height=\"876\" src=\"https:\/\/www.votteler.com\/wp-content\/uploads\/2024\/02\/01_branchen_engineered_ideas-1024x876.jpg\" alt=\"Votteler Engineered Ideas\" class=\"wp-image-911\" srcset=\"https:\/\/www.votteler.com\/wp-content\/uploads\/2024\/02\/01_branchen_engineered_ideas-1024x876.jpg 1024w, https:\/\/www.votteler.com\/wp-content\/uploads\/2024\/02\/01_branchen_engineered_ideas-300x257.jpg 300w, https:\/\/www.votteler.com\/wp-content\/uploads\/2024\/02\/01_branchen_engineered_ideas-768x657.jpg 768w, https:\/\/www.votteler.com\/wp-content\/uploads\/2024\/02\/01_branchen_engineered_ideas-1536x1314.jpg 1536w, https:\/\/www.votteler.com\/wp-content\/uploads\/2024\/02\/01_branchen_engineered_ideas-2048x1752.jpg 2048w\" sizes=\"auto, (max-width: 1024px) 100vw, 1024px\" \/><\/figure>\n<\/div>\n<\/div>\n\n\n\n<div class=\"wp-block-columns are-vertically-aligned-center is-layout-flex wp-container-core-columns-is-layout-28f84493 wp-block-columns-is-layout-flex\">\n<div class=\"wp-block-column is-vertically-aligned-center is-layout-flow wp-block-column-is-layout-flow\" style=\"flex-basis:33%\">\n<figure class=\"wp-block-image size-large\"><img loading=\"lazy\" decoding=\"async\" width=\"1024\" height=\"912\" src=\"https:\/\/www.votteler.com\/wp-content\/uploads\/2024\/02\/02_Branchen_Automotive-1024x912.jpg\" alt=\"Votteler Automotive\" class=\"wp-image-883\" srcset=\"https:\/\/www.votteler.com\/wp-content\/uploads\/2024\/02\/02_Branchen_Automotive-1024x912.jpg 1024w, https:\/\/www.votteler.com\/wp-content\/uploads\/2024\/02\/02_Branchen_Automotive-300x267.jpg 300w, https:\/\/www.votteler.com\/wp-content\/uploads\/2024\/02\/02_Branchen_Automotive-768x684.jpg 768w, https:\/\/www.votteler.com\/wp-content\/uploads\/2024\/02\/02_Branchen_Automotive.jpg 1111w\" sizes=\"auto, (max-width: 1024px) 100vw, 1024px\" \/><\/figure>\n<\/div>\n\n\n\n<div class=\"wp-block-column is-vertically-aligned-center is-layout-flow wp-block-column-is-layout-flow\" style=\"flex-basis:66%\">\n<h3 class=\"wp-block-heading\">Sprechen Sie mit uns \u00fcber Ihre Ideen, W\u00fcnsche und ganz besonderen Herausforderungen<\/h3>\n\n\n\n<p>Wir freuen uns darauf, Teil einer L\u00f6sung zu sein, die sich Sehen, F\u00fchlen und Erleben l\u00e4sst. &nbsp;<\/p>\n\n\n\n<p>Nutzen Sie ganz einfach unser&nbsp;Kontaktformular&nbsp;und wir melden uns mit einem Terminvorschlag f\u00fcr ein pers\u00f6nliches Kennenlernen. In der Zwischenzeit k\u00f6nnen Sie ein wenig mehr dar\u00fcber erfahren, was wir bereits f\u00fcr andere Kunden entwickelt und umgesetzt haben<\/p>\n<\/div>\n<\/div>\n","protected":false},"excerpt":{"rendered":"<p>Bei Votteler tun wir jeden Tag Dinge, die&nbsp;sich nicht so recht in eine&nbsp;Schublade stecken lassen Sie ben\u00f6tigen einen Lack f\u00fcr etwas, das sich nicht unbedingt einer der \u00fcblichen Branchen zuordnet? Zum Beispiel einen Speziallack zur Veredelung von Schraubverschl\u00fcssen f\u00fcr einen Getr\u00e4nkehersteller oder Farben f\u00fcr h\u00f6lzernes Kinderspielzeug? Ganz gleich mit welchem Gedanken Sie spielen, wenn es [&hellip;]<\/p>\n","protected":false},"author":4,"featured_media":2908,"parent":663,"menu_order":4,"comment_status":"closed","ping_status":"closed","template":"wp-custom-template-seitentemplate-branchen","meta":{"_acf_changed":false,"footnotes":""},"class_list":["post-678","page","type-page","status-publish","has-post-thumbnail","hentry"],"acf":[],"_links":{"self":[{"href":"https:\/\/www.votteler.com\/de\/wp-json\/wp\/v2\/pages\/678","targetHints":{"allow":["GET"]}}],"collection":[{"href":"https:\/\/www.votteler.com\/de\/wp-json\/wp\/v2\/pages"}],"about":[{"href":"https:\/\/www.votteler.com\/de\/wp-json\/wp\/v2\/types\/page"}],"author":[{"embeddable":true,"href":"https:\/\/www.votteler.com\/de\/wp-json\/wp\/v2\/users\/4"}],"replies":[{"embeddable":true,"href":"https:\/\/www.votteler.com\/de\/wp-json\/wp\/v2\/comments?post=678"}],"version-history":[{"count":12,"href":"https:\/\/www.votteler.com\/de\/wp-json\/wp\/v2\/pages\/678\/revisions"}],"predecessor-version":[{"id":4136,"href":"https:\/\/www.votteler.com\/de\/wp-json\/wp\/v2\/pages\/678\/revisions\/4136"}],"up":[{"embeddable":true,"href":"https:\/\/www.votteler.com\/de\/wp-json\/wp\/v2\/pages\/663"}],"wp:featuredmedia":[{"embeddable":true,"href":"https:\/\/www.votteler.com\/de\/wp-json\/wp\/v2\/media\/2908"}],"wp:attachment":[{"href":"https:\/\/www.votteler.com\/de\/wp-json\/wp\/v2\/media?parent=678"}],"curies":[{"name":"wp","href":"https:\/\/api.w.org\/{rel}","templated":true}]}}