{"id":680,"date":"2024-02-26T10:11:01","date_gmt":"2024-02-26T09:11:01","guid":{"rendered":"https:\/\/www.votteler.com\/?page_id=680"},"modified":"2024-07-23T15:10:37","modified_gmt":"2024-07-23T13:10:37","slug":"services","status":"publish","type":"page","link":"https:\/\/www.votteler.com\/de\/branchen\/services\/","title":{"rendered":"Services"},"content":{"rendered":"\n<div class=\"wp-block-columns is-layout-flex wp-container-core-columns-is-layout-28f84493 wp-block-columns-is-layout-flex\">\n<div class=\"wp-block-column is-layout-flow wp-block-column-is-layout-flow\">\n<h3 class=\"wp-block-heading\">Lohnt sich f\u00fcr Sie:<br>Lohnfertigung bei Votteler<\/h3>\n\n\n\n<p>Als Au\u00dfenseiter mit Leib und Seele macht uns im Mischen, Abf\u00fcllen und Ausliefern von Lacken, Beizen und \u00d6len so schnell keiner was vor. Und weil wir eben mehr als 100 Jahre Erfahrung in diesen Bereichen haben, stellen wir unsere Kompetenzen gerne auch ganz diskret f\u00fcr Fremdfertigungsauftr\u00e4ge in Ihre Dienste.<\/p>\n\n\n\n<p>Zum Beispiel, wenn Sie mit Ihrer Fertigung an der Kapazit\u00e4tsgrenze sind. Wenn Sie f\u00fcr einen gewissen Zeitraum oder f\u00fcr ein fixes Projekt die Produktion auslagern wollen. Wenn Ihre Fabrikation ungeeignet ist f\u00fcr den Umgang mit l\u00f6semittelhaltigen Stoffen. Und nat\u00fcrlich auch, wenn Sie ganz einfach unsere Fertigungsexpertise ben\u00f6tigen. Gerne nehmen wir uns Ihrer Herausforderung an.<\/p>\n\n\n\n<p>Wir stellen die ben\u00f6tigten Experten und Teile unseres umfangreichen Anlagenparks in Ihre Dienste und r\u00fchren, mischen, dispergieren, mahlen, sieben, komplettieren, pr\u00fcfen, f\u00fcllen ab und um, etikettieren, palettieren, lagern, kommissionieren, versenden und exportieren auf Wunsch auch direkt an Ihre Kunden im In- und Ausland. Nach Ihrer Rezeptur und Ihren Vorgaben, in unsere Gebinde oder Ihren Verpackungen. Logistik weltweit? K\u00f6nnen wir \u00fcbernehmen. Papiere? F\u00fcllen wir f\u00fcr Sie aus.<\/p>\n\n\n\n<p>Gerne beraten wir Sie umfassend \u00fcber die Vorteile einer strategischen Fertigungspartnerschaft mit Votteler.<\/p>\n<\/div>\n\n\n\n<div class=\"wp-block-column is-layout-flow wp-block-column-is-layout-flow\">\n<figure class=\"wp-block-image size-large\"><img loading=\"lazy\" decoding=\"async\" width=\"1024\" height=\"912\" src=\"https:\/\/www.votteler.com\/wp-content\/uploads\/2024\/02\/01_branchen_services-1024x912.jpg\" alt=\"Votteler Services\" class=\"wp-image-915\" srcset=\"https:\/\/www.votteler.com\/wp-content\/uploads\/2024\/02\/01_branchen_services-1024x912.jpg 1024w, https:\/\/www.votteler.com\/wp-content\/uploads\/2024\/02\/01_branchen_services-300x267.jpg 300w, https:\/\/www.votteler.com\/wp-content\/uploads\/2024\/02\/01_branchen_services-768x684.jpg 768w, https:\/\/www.votteler.com\/wp-content\/uploads\/2024\/02\/01_branchen_services.jpg 1111w\" sizes=\"auto, (max-width: 1024px) 100vw, 1024px\" \/><\/figure>\n<\/div>\n<\/div>\n","protected":false},"excerpt":{"rendered":"<p>Lohnt sich f\u00fcr Sie:Lohnfertigung bei Votteler Als Au\u00dfenseiter mit Leib und Seele macht uns im Mischen, Abf\u00fcllen und Ausliefern von Lacken, Beizen und \u00d6len so schnell keiner was vor. Und weil wir eben mehr als 100 Jahre Erfahrung in diesen Bereichen haben, stellen wir unsere Kompetenzen gerne auch ganz diskret f\u00fcr Fremdfertigungsauftr\u00e4ge in Ihre Dienste. [&hellip;]<\/p>\n","protected":false},"author":4,"featured_media":941,"parent":663,"menu_order":8,"comment_status":"closed","ping_status":"closed","template":"wp-custom-template-seitentemplate-branchen","meta":{"_acf_changed":false,"footnotes":""},"class_list":["post-680","page","type-page","status-publish","has-post-thumbnail","hentry"],"acf":[],"_links":{"self":[{"href":"https:\/\/www.votteler.com\/de\/wp-json\/wp\/v2\/pages\/680","targetHints":{"allow":["GET"]}}],"collection":[{"href":"https:\/\/www.votteler.com\/de\/wp-json\/wp\/v2\/pages"}],"about":[{"href":"https:\/\/www.votteler.com\/de\/wp-json\/wp\/v2\/types\/page"}],"author":[{"embeddable":true,"href":"https:\/\/www.votteler.com\/de\/wp-json\/wp\/v2\/users\/4"}],"replies":[{"embeddable":true,"href":"https:\/\/www.votteler.com\/de\/wp-json\/wp\/v2\/comments?post=680"}],"version-history":[{"count":7,"href":"https:\/\/www.votteler.com\/de\/wp-json\/wp\/v2\/pages\/680\/revisions"}],"predecessor-version":[{"id":1891,"href":"https:\/\/www.votteler.com\/de\/wp-json\/wp\/v2\/pages\/680\/revisions\/1891"}],"up":[{"embeddable":true,"href":"https:\/\/www.votteler.com\/de\/wp-json\/wp\/v2\/pages\/663"}],"wp:featuredmedia":[{"embeddable":true,"href":"https:\/\/www.votteler.com\/de\/wp-json\/wp\/v2\/media\/941"}],"wp:attachment":[{"href":"https:\/\/www.votteler.com\/de\/wp-json\/wp\/v2\/media?parent=680"}],"curies":[{"name":"wp","href":"https:\/\/api.w.org\/{rel}","templated":true}]}}