{"id":682,"date":"2024-02-26T10:15:34","date_gmt":"2024-02-26T09:15:34","guid":{"rendered":"https:\/\/www.votteler.com\/?page_id=682"},"modified":"2024-07-19T12:04:36","modified_gmt":"2024-07-19T10:04:36","slug":"technologien","status":"publish","type":"page","link":"https:\/\/www.votteler.com\/de\/technologien\/","title":{"rendered":"Technologien"},"content":{"rendered":"\n<p>In unserem hauseigenem Technikum haben wir die M\u00f6glichkeit die Technologien auszuprobieren, die f\u00fcr unsere Kunden relevant sind. So ist es uns m\u00f6glich Prozesse nachzustellen und Systeme zu entwickeln, die zu 100% funktionieren.<\/p>\n\n\n\n<div class=\"wp-block-columns is-layout-flex wp-container-core-columns-is-layout-28f84493 wp-block-columns-is-layout-flex\">\n<div class=\"wp-block-column is-layout-flow wp-block-column-is-layout-flow\">\n<div class=\"wp-block-query is-layout-flow wp-block-query-is-layout-flow\"><ul class=\"wp-block-post-template is-layout-flow wp-block-post-template-is-layout-flow\"><li class=\"wp-block-post post-690 page type-page status-publish has-post-thumbnail hentry\">\n\n<div class=\"wp-block-columns are-vertically-aligned-top is-layout-flex wp-container-core-columns-is-layout-28f84493 wp-block-columns-is-layout-flex\">\n<div class=\"wp-block-column is-vertically-aligned-top is-layout-flow wp-block-column-is-layout-flow\" style=\"flex-basis:25%\"><figure style=\"aspect-ratio:4\/3;\" class=\"wp-block-post-featured-image\"><a href=\"https:\/\/www.votteler.com\/de\/technologien\/kleben\/\" target=\"_self\"  ><img loading=\"lazy\" decoding=\"async\" width=\"2000\" height=\"1333\" src=\"https:\/\/www.votteler.com\/wp-content\/uploads\/2024\/03\/01_technologien_kleben.png\" class=\"attachment-post-thumbnail size-post-thumbnail wp-post-image\" alt=\"Kleben\" style=\"width:100%;height:100%;object-fit:cover;\" srcset=\"https:\/\/www.votteler.com\/wp-content\/uploads\/2024\/03\/01_technologien_kleben.png 2000w, https:\/\/www.votteler.com\/wp-content\/uploads\/2024\/03\/01_technologien_kleben-300x200.png 300w, https:\/\/www.votteler.com\/wp-content\/uploads\/2024\/03\/01_technologien_kleben-1024x682.png 1024w, https:\/\/www.votteler.com\/wp-content\/uploads\/2024\/03\/01_technologien_kleben-768x512.png 768w, https:\/\/www.votteler.com\/wp-content\/uploads\/2024\/03\/01_technologien_kleben-1536x1024.png 1536w\" sizes=\"auto, (max-width: 2000px) 100vw, 2000px\" \/><\/a><\/figure><\/div>\n\n\n\n<div class=\"wp-block-column is-vertically-aligned-top is-layout-flow wp-block-column-is-layout-flow\" style=\"flex-basis:75%\"><h2 class=\"has-link-color wp-elements-43e71f37dda6f6e5ba2a958a3e63885e wp-block-post-title\"><a href=\"https:\/\/www.votteler.com\/de\/technologien\/kleben\/\" target=\"_self\" >Kleben<\/a><\/h2>\n\n<div class=\"has-link-color wp-elements-6efd4992e8c9a54a497a90decd3c8353 wp-block-post-excerpt\"><p class=\"wp-block-post-excerpt__excerpt\">THERMOSTA\u00ae&nbsp;ist der einzigartigewasserbasierte Kaschierklebstoff f\u00fcrden einseitigen Auftrag. THERMOSTA\u00ae&nbsp;steht f\u00fcr den innovativen Kaschierprozess der Zukunft! THERMOSTA\u00ae&nbsp;verbindet die Vorteile von Hotmelt und&hellip;<\/p><p class=\"wp-block-post-excerpt__more-text\"><a class=\"wp-block-post-excerpt__more-link\" href=\"https:\/\/www.votteler.com\/de\/technologien\/kleben\/\">Mehr dazu<\/a><\/p><\/div><\/div>\n<\/div>\n\n<\/li><li class=\"wp-block-post post-684 page type-page status-publish has-post-thumbnail hentry\">\n\n<div class=\"wp-block-columns are-vertically-aligned-top is-layout-flex wp-container-core-columns-is-layout-28f84493 wp-block-columns-is-layout-flex\">\n<div class=\"wp-block-column is-vertically-aligned-top is-layout-flow wp-block-column-is-layout-flow\" style=\"flex-basis:25%\"><figure style=\"aspect-ratio:4\/3;\" class=\"wp-block-post-featured-image\"><a href=\"https:\/\/www.votteler.com\/de\/technologien\/rim\/\" target=\"_self\"  ><img loading=\"lazy\" decoding=\"async\" width=\"1348\" height=\"540\" src=\"https:\/\/www.votteler.com\/wp-content\/uploads\/2024\/04\/Slider.png\" class=\"attachment-post-thumbnail size-post-thumbnail wp-post-image\" alt=\"PURIFLOW\u00ae und RIM\" style=\"width:100%;height:100%;object-fit:cover;\" srcset=\"https:\/\/www.votteler.com\/wp-content\/uploads\/2024\/04\/Slider.png 1348w, https:\/\/www.votteler.com\/wp-content\/uploads\/2024\/04\/Slider-300x120.png 300w, https:\/\/www.votteler.com\/wp-content\/uploads\/2024\/04\/Slider-1024x410.png 1024w, https:\/\/www.votteler.com\/wp-content\/uploads\/2024\/04\/Slider-768x308.png 768w\" sizes=\"auto, (max-width: 1348px) 100vw, 1348px\" \/><\/a><\/figure><\/div>\n\n\n\n<div class=\"wp-block-column is-vertically-aligned-top is-layout-flow wp-block-column-is-layout-flow\" style=\"flex-basis:75%\"><h2 class=\"has-link-color wp-elements-43e71f37dda6f6e5ba2a958a3e63885e wp-block-post-title\"><a href=\"https:\/\/www.votteler.com\/de\/technologien\/rim\/\" target=\"_self\" >PURIFLOW\u00ae und RIM<\/a><\/h2>\n\n<div class=\"has-link-color wp-elements-6efd4992e8c9a54a497a90decd3c8353 wp-block-post-excerpt\"><p class=\"wp-block-post-excerpt__excerpt\">Reaction-Injection-Moulding (RIM) Beim Reaction-Injection-Moulding (RIM) handelt es sich um ein Formgebungsverfahren zur Herstellung von Bauteilen mit variablen Substraten. Dabei werden&hellip;<\/p><p class=\"wp-block-post-excerpt__more-text\"><a class=\"wp-block-post-excerpt__more-link\" href=\"https:\/\/www.votteler.com\/de\/technologien\/rim\/\">Mehr dazu<\/a><\/p><\/div><\/div>\n<\/div>\n\n<\/li><li class=\"wp-block-post post-686 page type-page status-publish has-post-thumbnail hentry\">\n\n<div class=\"wp-block-columns are-vertically-aligned-top is-layout-flex wp-container-core-columns-is-layout-28f84493 wp-block-columns-is-layout-flex\">\n<div class=\"wp-block-column is-vertically-aligned-top is-layout-flow wp-block-column-is-layout-flow\" style=\"flex-basis:25%\"><figure style=\"aspect-ratio:4\/3;\" class=\"wp-block-post-featured-image\"><a href=\"https:\/\/www.votteler.com\/de\/technologien\/spritzlackierung\/\" target=\"_self\"  ><img loading=\"lazy\" decoding=\"async\" width=\"2560\" height=\"1707\" src=\"https:\/\/www.votteler.com\/wp-content\/uploads\/2024\/07\/Votteler-8816-scaled-e1720177079279.jpg\" class=\"attachment-post-thumbnail size-post-thumbnail wp-post-image\" alt=\"Spritzlackierung\" style=\"width:100%;height:100%;object-fit:cover;\" srcset=\"https:\/\/www.votteler.com\/wp-content\/uploads\/2024\/07\/Votteler-8816-scaled-e1720177079279.jpg 2560w, https:\/\/www.votteler.com\/wp-content\/uploads\/2024\/07\/Votteler-8816-scaled-e1720177079279-300x200.jpg 300w, https:\/\/www.votteler.com\/wp-content\/uploads\/2024\/07\/Votteler-8816-scaled-e1720177079279-1024x683.jpg 1024w, https:\/\/www.votteler.com\/wp-content\/uploads\/2024\/07\/Votteler-8816-scaled-e1720177079279-768x512.jpg 768w, https:\/\/www.votteler.com\/wp-content\/uploads\/2024\/07\/Votteler-8816-scaled-e1720177079279-1536x1024.jpg 1536w, https:\/\/www.votteler.com\/wp-content\/uploads\/2024\/07\/Votteler-8816-scaled-e1720177079279-2048x1366.jpg 2048w\" sizes=\"auto, (max-width: 2560px) 100vw, 2560px\" \/><\/a><\/figure><\/div>\n\n\n\n<div class=\"wp-block-column is-vertically-aligned-top is-layout-flow wp-block-column-is-layout-flow\" style=\"flex-basis:75%\"><h2 class=\"has-link-color wp-elements-43e71f37dda6f6e5ba2a958a3e63885e wp-block-post-title\"><a href=\"https:\/\/www.votteler.com\/de\/technologien\/spritzlackierung\/\" target=\"_self\" >Spritzlackierung<\/a><\/h2>\n\n<div class=\"has-link-color wp-elements-6efd4992e8c9a54a497a90decd3c8353 wp-block-post-excerpt\"><p class=\"wp-block-post-excerpt__excerpt\">Spritzlackierung. Industrielle und handwerkliche Lackierungen werden am h\u00e4ufigsten im Spritzverfahren auf die zu veredelnde Oberfl\u00e4che aufgebracht. Die Attraktivit\u00e4t und die&hellip;<\/p><p class=\"wp-block-post-excerpt__more-text\"><a class=\"wp-block-post-excerpt__more-link\" href=\"https:\/\/www.votteler.com\/de\/technologien\/spritzlackierung\/\">Mehr dazu<\/a><\/p><\/div><\/div>\n<\/div>\n\n<\/li><li class=\"wp-block-post post-688 page type-page status-publish has-post-thumbnail hentry\">\n\n<div class=\"wp-block-columns are-vertically-aligned-top is-layout-flex wp-container-core-columns-is-layout-28f84493 wp-block-columns-is-layout-flex\">\n<div class=\"wp-block-column is-vertically-aligned-top is-layout-flow wp-block-column-is-layout-flow\" style=\"flex-basis:25%\"><figure style=\"aspect-ratio:4\/3;\" class=\"wp-block-post-featured-image\"><a href=\"https:\/\/www.votteler.com\/de\/technologien\/walzlackierung\/\" target=\"_self\"  ><img loading=\"lazy\" decoding=\"async\" width=\"1348\" height=\"540\" src=\"https:\/\/www.votteler.com\/wp-content\/uploads\/2024\/07\/Walzen.png\" class=\"attachment-post-thumbnail size-post-thumbnail wp-post-image\" alt=\"Walzlackierung\" style=\"width:100%;height:100%;object-fit:cover;\" srcset=\"https:\/\/www.votteler.com\/wp-content\/uploads\/2024\/07\/Walzen.png 1348w, https:\/\/www.votteler.com\/wp-content\/uploads\/2024\/07\/Walzen-300x120.png 300w, https:\/\/www.votteler.com\/wp-content\/uploads\/2024\/07\/Walzen-1024x410.png 1024w, https:\/\/www.votteler.com\/wp-content\/uploads\/2024\/07\/Walzen-768x308.png 768w\" sizes=\"auto, (max-width: 1348px) 100vw, 1348px\" \/><\/a><\/figure><\/div>\n\n\n\n<div class=\"wp-block-column is-vertically-aligned-top is-layout-flow wp-block-column-is-layout-flow\" style=\"flex-basis:75%\"><h2 class=\"has-link-color wp-elements-43e71f37dda6f6e5ba2a958a3e63885e wp-block-post-title\"><a href=\"https:\/\/www.votteler.com\/de\/technologien\/walzlackierung\/\" target=\"_self\" >Walzlackierung<\/a><\/h2>\n\n<div class=\"has-link-color wp-elements-6efd4992e8c9a54a497a90decd3c8353 wp-block-post-excerpt\"><p class=\"wp-block-post-excerpt__excerpt\">Walzlackierung. Das Lackieren im Walzverfahren ist eine effiziente Technologie zur Beschichtung von planen und zweidimensionalen Werkst\u00fccken. Durch den Einsatz von&hellip;<\/p><p class=\"wp-block-post-excerpt__more-text\"><a class=\"wp-block-post-excerpt__more-link\" href=\"https:\/\/www.votteler.com\/de\/technologien\/walzlackierung\/\">Mehr dazu<\/a><\/p><\/div><\/div>\n<\/div>\n\n<\/li><\/ul><\/div>\n<\/div>\n<\/div>\n","protected":false},"excerpt":{"rendered":"<p>In unserem hauseigenem Technikum haben wir die M\u00f6glichkeit die Technologien auszuprobieren, die f\u00fcr unsere Kunden relevant sind. So ist es uns m\u00f6glich Prozesse nachzustellen und Systeme zu entwickeln, die zu 100% funktionieren.<\/p>\n","protected":false},"author":4,"featured_media":1292,"parent":0,"menu_order":0,"comment_status":"closed","ping_status":"closed","template":"wp-custom-template-seitentemplate-technikum","meta":{"_acf_changed":false,"footnotes":""},"class_list":["post-682","page","type-page","status-publish","has-post-thumbnail","hentry"],"acf":[],"_links":{"self":[{"href":"https:\/\/www.votteler.com\/de\/wp-json\/wp\/v2\/pages\/682","targetHints":{"allow":["GET"]}}],"collection":[{"href":"https:\/\/www.votteler.com\/de\/wp-json\/wp\/v2\/pages"}],"about":[{"href":"https:\/\/www.votteler.com\/de\/wp-json\/wp\/v2\/types\/page"}],"author":[{"embeddable":true,"href":"https:\/\/www.votteler.com\/de\/wp-json\/wp\/v2\/users\/4"}],"replies":[{"embeddable":true,"href":"https:\/\/www.votteler.com\/de\/wp-json\/wp\/v2\/comments?post=682"}],"version-history":[{"count":10,"href":"https:\/\/www.votteler.com\/de\/wp-json\/wp\/v2\/pages\/682\/revisions"}],"predecessor-version":[{"id":3842,"href":"https:\/\/www.votteler.com\/de\/wp-json\/wp\/v2\/pages\/682\/revisions\/3842"}],"wp:featuredmedia":[{"embeddable":true,"href":"https:\/\/www.votteler.com\/de\/wp-json\/wp\/v2\/media\/1292"}],"wp:attachment":[{"href":"https:\/\/www.votteler.com\/de\/wp-json\/wp\/v2\/media?parent=682"}],"curies":[{"name":"wp","href":"https:\/\/api.w.org\/{rel}","templated":true}]}}