{"id":686,"date":"2024-02-26T10:49:15","date_gmt":"2024-02-26T09:49:15","guid":{"rendered":"https:\/\/www.votteler.com\/?page_id=686"},"modified":"2024-07-19T12:04:43","modified_gmt":"2024-07-19T10:04:43","slug":"spritzlackierung","status":"publish","type":"page","link":"https:\/\/www.votteler.com\/de\/technologien\/spritzlackierung\/","title":{"rendered":"Spritzlackierung"},"content":{"rendered":"\n<div class=\"wp-block-columns are-vertically-aligned-top is-layout-flex wp-container-core-columns-is-layout-28f84493 wp-block-columns-is-layout-flex\">\n<div class=\"wp-block-column is-vertically-aligned-top is-layout-flow wp-block-column-is-layout-flow\">\n<h2 class=\"wp-block-heading\">Spritzlackierung.<\/h2>\n\n\n\n<p>Industrielle und handwerkliche Lackierungen werden am h\u00e4ufigsten im Spritzverfahren auf die zu veredelnde Oberfl\u00e4che aufgebracht. Die Attraktivit\u00e4t und die technische Bedeutung der Spritzlackierung liegen in ihrer Anwendungsvielfalt und dem einfachen und schnellen Lackwechsel.<\/p>\n\n\n\n<p>Die l\u00f6semittel- oder wasserbasierten Lacke k\u00f6nnen mit den verschiedensten Applikationssystemen aufgetragen werden. So lassen sich qualitativ hochwertige Finishes erzielen, die ganz nach Kundenwunsch farbig deckend, hochbest\u00e4ndig, rustikal, positiv, offenporig oder, oder, oder sein k\u00f6nnen.<\/p>\n<\/div>\n\n\n\n<div class=\"wp-block-column is-vertically-aligned-top is-layout-flow wp-block-column-is-layout-flow\">\n<figure class=\"wp-block-image size-large\"><img loading=\"lazy\" decoding=\"async\" width=\"1024\" height=\"982\" src=\"https:\/\/www.votteler.com\/wp-content\/uploads\/2024\/03\/01_technologien_spritzlackierung-1024x982.png\" alt=\"Votteler Spritzlackierung\" class=\"wp-image-1304\" srcset=\"https:\/\/www.votteler.com\/wp-content\/uploads\/2024\/03\/01_technologien_spritzlackierung-1024x982.png 1024w, https:\/\/www.votteler.com\/wp-content\/uploads\/2024\/03\/01_technologien_spritzlackierung-300x288.png 300w, https:\/\/www.votteler.com\/wp-content\/uploads\/2024\/03\/01_technologien_spritzlackierung-768x737.png 768w, https:\/\/www.votteler.com\/wp-content\/uploads\/2024\/03\/01_technologien_spritzlackierung.png 1125w\" sizes=\"auto, (max-width: 1024px) 100vw, 1024px\" \/><\/figure>\n<\/div>\n<\/div>\n","protected":false},"excerpt":{"rendered":"<p>Spritzlackierung. Industrielle und handwerkliche Lackierungen werden am h\u00e4ufigsten im Spritzverfahren auf die zu veredelnde Oberfl\u00e4che aufgebracht. Die Attraktivit\u00e4t und die technische Bedeutung der Spritzlackierung liegen in ihrer Anwendungsvielfalt und dem einfachen und schnellen Lackwechsel. Die l\u00f6semittel- oder wasserbasierten Lacke k\u00f6nnen mit den verschiedensten Applikationssystemen aufgetragen werden. So lassen sich qualitativ hochwertige Finishes erzielen, die ganz [&hellip;]<\/p>\n","protected":false},"author":4,"featured_media":3656,"parent":682,"menu_order":0,"comment_status":"closed","ping_status":"closed","template":"wp-custom-template-seitentemplate-technikum","meta":{"_acf_changed":false,"footnotes":""},"class_list":["post-686","page","type-page","status-publish","has-post-thumbnail","hentry"],"acf":[],"_links":{"self":[{"href":"https:\/\/www.votteler.com\/de\/wp-json\/wp\/v2\/pages\/686","targetHints":{"allow":["GET"]}}],"collection":[{"href":"https:\/\/www.votteler.com\/de\/wp-json\/wp\/v2\/pages"}],"about":[{"href":"https:\/\/www.votteler.com\/de\/wp-json\/wp\/v2\/types\/page"}],"author":[{"embeddable":true,"href":"https:\/\/www.votteler.com\/de\/wp-json\/wp\/v2\/users\/4"}],"replies":[{"embeddable":true,"href":"https:\/\/www.votteler.com\/de\/wp-json\/wp\/v2\/comments?post=686"}],"version-history":[{"count":7,"href":"https:\/\/www.votteler.com\/de\/wp-json\/wp\/v2\/pages\/686\/revisions"}],"predecessor-version":[{"id":3659,"href":"https:\/\/www.votteler.com\/de\/wp-json\/wp\/v2\/pages\/686\/revisions\/3659"}],"up":[{"embeddable":true,"href":"https:\/\/www.votteler.com\/de\/wp-json\/wp\/v2\/pages\/682"}],"wp:featuredmedia":[{"embeddable":true,"href":"https:\/\/www.votteler.com\/de\/wp-json\/wp\/v2\/media\/3656"}],"wp:attachment":[{"href":"https:\/\/www.votteler.com\/de\/wp-json\/wp\/v2\/media?parent=686"}],"curies":[{"name":"wp","href":"https:\/\/api.w.org\/{rel}","templated":true}]}}