{"id":688,"date":"2024-02-26T10:50:21","date_gmt":"2024-02-26T09:50:21","guid":{"rendered":"https:\/\/www.votteler.com\/?page_id=688"},"modified":"2024-07-19T12:04:45","modified_gmt":"2024-07-19T10:04:45","slug":"walzlackierung","status":"publish","type":"page","link":"https:\/\/www.votteler.com\/de\/technologien\/walzlackierung\/","title":{"rendered":"Walzlackierung"},"content":{"rendered":"\n<div class=\"wp-block-columns are-vertically-aligned-center is-layout-flex wp-container-core-columns-is-layout-28f84493 wp-block-columns-is-layout-flex\">\n<div class=\"wp-block-column is-vertically-aligned-center is-layout-flow wp-block-column-is-layout-flow\">\n<h2 class=\"wp-block-heading\">Walzlackierung.<\/h2>\n\n\n\n<p>Das Lackieren im Walzverfahren ist eine effiziente Technologie zur Beschichtung von planen und zweidimensionalen Werkst\u00fccken. Durch den Einsatz von UV-h\u00e4rtenden Lacksystemen lassen sich sehr kurze Trocknungszeiten realisieren.&nbsp;<\/p>\n\n\n\n<p>Dies erm\u00f6glicht eine schnelle Weiterverarbeitung der Werkst\u00fccke \u2013 beispielsweise zum Schleifen oder zum Stapeln. Niedere Lackauftragsmengen, die verlustfrei appliziert werden, sorgen bei gleichzeitig hohem Anlagenvorschub f\u00fcr einen extrem hohen Durchsatz und somit geh\u00f6rt das Walzverfahren zu den wirtschaftlichsten Applikationsarten.&nbsp;<\/p>\n\n\n\n<p>Gewalzte Oberfl\u00e4chen weisen eine anmutige Oberfl\u00e4che mit sehr guter chemischer und mechanischer Best\u00e4ndigkeit auf.<\/p>\n<\/div>\n\n\n\n<div class=\"wp-block-column is-vertically-aligned-center is-layout-flow wp-block-column-is-layout-flow\">\n<figure class=\"wp-block-image size-large\"><img loading=\"lazy\" decoding=\"async\" width=\"1024\" height=\"912\" src=\"https:\/\/www.votteler.com\/wp-content\/uploads\/2024\/03\/1_technologien_walzlackierung-1024x912.png\" alt=\"Votteler Walzlackierung\" class=\"wp-image-1307\" srcset=\"https:\/\/www.votteler.com\/wp-content\/uploads\/2024\/03\/1_technologien_walzlackierung-1024x912.png 1024w, https:\/\/www.votteler.com\/wp-content\/uploads\/2024\/03\/1_technologien_walzlackierung-300x267.png 300w, https:\/\/www.votteler.com\/wp-content\/uploads\/2024\/03\/1_technologien_walzlackierung-768x684.png 768w, https:\/\/www.votteler.com\/wp-content\/uploads\/2024\/03\/1_technologien_walzlackierung.png 1111w\" sizes=\"auto, (max-width: 1024px) 100vw, 1024px\" \/><\/figure>\n<\/div>\n<\/div>\n","protected":false},"excerpt":{"rendered":"<p>Walzlackierung. Das Lackieren im Walzverfahren ist eine effiziente Technologie zur Beschichtung von planen und zweidimensionalen Werkst\u00fccken. Durch den Einsatz von UV-h\u00e4rtenden Lacksystemen lassen sich sehr kurze Trocknungszeiten realisieren.&nbsp; Dies erm\u00f6glicht eine schnelle Weiterverarbeitung der Werkst\u00fccke \u2013 beispielsweise zum Schleifen oder zum Stapeln. Niedere Lackauftragsmengen, die verlustfrei appliziert werden, sorgen bei gleichzeitig hohem Anlagenvorschub f\u00fcr einen [&hellip;]<\/p>\n","protected":false},"author":4,"featured_media":3660,"parent":682,"menu_order":0,"comment_status":"closed","ping_status":"closed","template":"wp-custom-template-seitentemplate-technikum","meta":{"_acf_changed":false,"footnotes":""},"class_list":["post-688","page","type-page","status-publish","has-post-thumbnail","hentry"],"acf":[],"_links":{"self":[{"href":"https:\/\/www.votteler.com\/de\/wp-json\/wp\/v2\/pages\/688","targetHints":{"allow":["GET"]}}],"collection":[{"href":"https:\/\/www.votteler.com\/de\/wp-json\/wp\/v2\/pages"}],"about":[{"href":"https:\/\/www.votteler.com\/de\/wp-json\/wp\/v2\/types\/page"}],"author":[{"embeddable":true,"href":"https:\/\/www.votteler.com\/de\/wp-json\/wp\/v2\/users\/4"}],"replies":[{"embeddable":true,"href":"https:\/\/www.votteler.com\/de\/wp-json\/wp\/v2\/comments?post=688"}],"version-history":[{"count":5,"href":"https:\/\/www.votteler.com\/de\/wp-json\/wp\/v2\/pages\/688\/revisions"}],"predecessor-version":[{"id":1899,"href":"https:\/\/www.votteler.com\/de\/wp-json\/wp\/v2\/pages\/688\/revisions\/1899"}],"up":[{"embeddable":true,"href":"https:\/\/www.votteler.com\/de\/wp-json\/wp\/v2\/pages\/682"}],"wp:featuredmedia":[{"embeddable":true,"href":"https:\/\/www.votteler.com\/de\/wp-json\/wp\/v2\/media\/3660"}],"wp:attachment":[{"href":"https:\/\/www.votteler.com\/de\/wp-json\/wp\/v2\/media?parent=688"}],"curies":[{"name":"wp","href":"https:\/\/api.w.org\/{rel}","templated":true}]}}