{"id":694,"date":"2024-02-26T10:55:56","date_gmt":"2024-02-26T09:55:56","guid":{"rendered":"https:\/\/www.votteler.com\/?page_id=694"},"modified":"2024-08-14T16:57:09","modified_gmt":"2024-08-14T14:57:09","slug":"rim-technikum","status":"publish","type":"page","link":"https:\/\/www.votteler.com\/de\/technikum\/rim-technikum\/","title":{"rendered":"RIM-Technikum"},"content":{"rendered":"\n<div class=\"wp-block-columns are-vertically-aligned-center is-layout-flex wp-container-core-columns-is-layout-28f84493 wp-block-columns-is-layout-flex\">\n<div class=\"wp-block-column is-vertically-aligned-center is-layout-flow wp-block-column-is-layout-flow\">\n<h3 class=\"wp-block-heading\">Nach vielen Jahren Forschung und Entwicklung steht uns und unseren Kunden eine RIM-Anlage zur Verf\u00fcgung, die weltweit ihresgleichen sucht.<\/h3>\n\n\n\n<p>In der Anlage lassen sich Kunststoff-Spritzgussteile inklusive vielf\u00e4ltigster Oberfl\u00e4chenveredelungen im Two-in-One-Verfahren erzeugen. Und Sie k\u00f6nnen unser Technikum vollumf\u00e4nglich nutzen \u2013 f\u00fcr Produkttests, Kleinserien, Sonderauftr\u00e4ge, sowie Forschungs- und Entwicklungsarbeiten. Die Werkzeugaufnahme ist so gro\u00dfz\u00fcgig dimensioniert, dass unterschiedlichste Werkzeuge eingesetzt werden k\u00f6nnen. Zudem erm\u00f6glichen zwei separate Einspritzd\u00fcsen \u00e4u\u00dferst variable Einspritzmengen. Bei Ihrem zu testenden Produktionsprozess m\u00fcssen zus\u00e4tzliche Wende- und\/oder Schiebewerkzeuge zum Einsatz kommen? Kein Problem. Unsere RIM-Anlage ist auf nahezu alle Eventualit\u00e4ten vorbereitet. Kurzum: Wir sind bereit, wenn Sie es sind.&nbsp;<\/p>\n\n\n\n<p>Nutzen Sie unser RIM-Technikum f\u00fcr:<\/p>\n\n\n\n<ul class=\"wp-block-list\">\n<li>Prozessdemonstrationen&nbsp;<\/li>\n\n\n\n<li>Prozessschulungen<\/li>\n\n\n\n<li>Werkzeugabmusterungen<\/li>\n\n\n\n<li>Werkzeugtests<\/li>\n\n\n\n<li>Pr\u00fcfmustererstellungen<\/li>\n\n\n\n<li>Prototypenfertigung<\/li>\n\n\n\n<li>Vorserienteile<\/li>\n\n\n\n<li>Entwicklung von neuen Systemkombinationen<\/li>\n\n\n\n<li>Material- und Bauteilvalidierungen<\/li>\n<\/ul>\n<\/div>\n\n\n\n<div class=\"wp-block-column is-vertically-aligned-center is-layout-flow wp-block-column-is-layout-flow\">\n<figure class=\"wp-block-image size-large\"><img loading=\"lazy\" decoding=\"async\" width=\"816\" height=\"1024\" src=\"https:\/\/www.votteler.com\/wp-content\/uploads\/2024\/03\/01_technikum_RIM_technikum-816x1024.jpg\" alt=\"Votteler RIM Technikum\" class=\"wp-image-1338\" srcset=\"https:\/\/www.votteler.com\/wp-content\/uploads\/2024\/03\/01_technikum_RIM_technikum-816x1024.jpg 816w, https:\/\/www.votteler.com\/wp-content\/uploads\/2024\/03\/01_technikum_RIM_technikum-239x300.jpg 239w, https:\/\/www.votteler.com\/wp-content\/uploads\/2024\/03\/01_technikum_RIM_technikum-768x964.jpg 768w, https:\/\/www.votteler.com\/wp-content\/uploads\/2024\/03\/01_technikum_RIM_technikum.jpg 1115w\" sizes=\"auto, (max-width: 816px) 100vw, 816px\" \/><\/figure>\n<\/div>\n<\/div>\n\n\n\n<div class=\"wp-block-columns are-vertically-aligned-center is-layout-flex wp-container-core-columns-is-layout-28f84493 wp-block-columns-is-layout-flex\">\n<div class=\"wp-block-column is-vertically-aligned-center is-layout-flow wp-block-column-is-layout-flow\">\n<p>Zur <a href=\"https:\/\/www.votteler.com\/branchen\/rim\/\" data-type=\"page\" data-id=\"2947\">RIM-Technologie und PURIFLOW<\/a>\u00ae<\/p>\n<\/div>\n<\/div>\n\n\n\n<p><\/p>\n","protected":false},"excerpt":{"rendered":"<p>Nach vielen Jahren Forschung und Entwicklung steht uns und unseren Kunden eine RIM-Anlage zur Verf\u00fcgung, die weltweit ihresgleichen sucht. In der Anlage lassen sich Kunststoff-Spritzgussteile inklusive vielf\u00e4ltigster Oberfl\u00e4chenveredelungen im Two-in-One-Verfahren erzeugen. Und Sie k\u00f6nnen unser Technikum vollumf\u00e4nglich nutzen \u2013 f\u00fcr Produkttests, Kleinserien, Sonderauftr\u00e4ge, sowie Forschungs- und Entwicklungsarbeiten. Die Werkzeugaufnahme ist so gro\u00dfz\u00fcgig dimensioniert, dass unterschiedlichste [&hellip;]<\/p>\n","protected":false},"author":4,"featured_media":957,"parent":692,"menu_order":0,"comment_status":"closed","ping_status":"closed","template":"wp-custom-template-seitentemplate-technikum","meta":{"_acf_changed":false,"footnotes":""},"class_list":["post-694","page","type-page","status-publish","has-post-thumbnail","hentry"],"acf":[],"_links":{"self":[{"href":"https:\/\/www.votteler.com\/de\/wp-json\/wp\/v2\/pages\/694","targetHints":{"allow":["GET"]}}],"collection":[{"href":"https:\/\/www.votteler.com\/de\/wp-json\/wp\/v2\/pages"}],"about":[{"href":"https:\/\/www.votteler.com\/de\/wp-json\/wp\/v2\/types\/page"}],"author":[{"embeddable":true,"href":"https:\/\/www.votteler.com\/de\/wp-json\/wp\/v2\/users\/4"}],"replies":[{"embeddable":true,"href":"https:\/\/www.votteler.com\/de\/wp-json\/wp\/v2\/comments?post=694"}],"version-history":[{"count":8,"href":"https:\/\/www.votteler.com\/de\/wp-json\/wp\/v2\/pages\/694\/revisions"}],"predecessor-version":[{"id":4237,"href":"https:\/\/www.votteler.com\/de\/wp-json\/wp\/v2\/pages\/694\/revisions\/4237"}],"up":[{"embeddable":true,"href":"https:\/\/www.votteler.com\/de\/wp-json\/wp\/v2\/pages\/692"}],"wp:featuredmedia":[{"embeddable":true,"href":"https:\/\/www.votteler.com\/de\/wp-json\/wp\/v2\/media\/957"}],"wp:attachment":[{"href":"https:\/\/www.votteler.com\/de\/wp-json\/wp\/v2\/media?parent=694"}],"curies":[{"name":"wp","href":"https:\/\/api.w.org\/{rel}","templated":true}]}}