{"id":696,"date":"2024-02-26T10:56:59","date_gmt":"2024-02-26T09:56:59","guid":{"rendered":"https:\/\/www.votteler.com\/?page_id=696"},"modified":"2024-12-04T14:16:29","modified_gmt":"2024-12-04T13:16:29","slug":"karriere","status":"publish","type":"page","link":"https:\/\/www.votteler.com\/de\/karriere\/","title":{"rendered":"Karriere bei Votteler"},"content":{"rendered":"\n<h3 class=\"wp-block-heading\">Karriere bei Votteler<\/h3>\n\n\n\n<p>Bei uns treffen Tradition und Innovation aufeinander. Mit \u00fcber 110 Jahren Erfahrung in der Entwicklung und Veredelung von Oberfl\u00e4chen bieten wir Ihnen nicht nur einen Job, sondern eine langfristige Perspektive in einem familiengef\u00fchrten Unternehmen. Egal, ob Einsteiger, Aufsteiger oder \u00dcberflieger &#8211; wir sind immer auf der Suche nach Au\u00dfenseitern mit Herz und Verstand, die unser Team bereichern und gemeinsam mit uns die Zukunft der Oberfl\u00e4chen gestalten m\u00f6chten. <\/p>\n\n\n\n<p>Entdecken Sie die Vielfalt unserer Karriere- und Weiterentwicklungsm\u00f6glichkeiten und finden Sie heraus, wie Sie mit uns Ihre beruflichen Ziele erreichen k\u00f6nnen! <\/p>\n\n\n\n<div class=\"wp-block-group has-global-padding is-layout-constrained wp-block-group-is-layout-constrained\">\n<div class=\"wp-block-columns is-layout-flex wp-container-core-columns-is-layout-23151c8b wp-block-columns-is-layout-flex\" style=\"margin-top:5em;margin-bottom:5em\">\n<div class=\"wp-block-column is-layout-flow wp-block-column-is-layout-flow\" style=\"flex-basis:50%\">\n<p>Bei Votteler legen wir gro\u00dfen Wert darauf, wie wir miteinander umgehen. Unsere Werte sind das Herzst\u00fcck unserer Unternehmenskultur:<\/p>\n\n\n\n<ul class=\"wp-block-list\">\n<li><mark style=\"background-color:rgba(0, 0, 0, 0)\" class=\"has-inline-color has-custom-primary-blue-color\">Au\u00dfenseiter mit Herz und Verstand:<\/mark> Wir sch\u00e4tzen Vielfalt und Individualit\u00e4t und wissen, dass unterschiedliche Perspektiven Innovation f\u00f6rdern.<\/li>\n\n\n\n<li><mark style=\"background-color:rgba(0, 0, 0, 0)\" class=\"has-inline-color has-custom-primary-blue-color\">Teamgeist:<strong> <\/strong><\/mark>Zusammen sind wir stark. Wir arbeiten Hand in Hand und unterst\u00fctzen uns gegenseitig, um gemeinsame Ziele zu erreichen.<\/li>\n\n\n\n<li><mark style=\"background-color:rgba(0, 0, 0, 0)\" class=\"has-inline-color has-custom-primary-blue-color\">Offenheit und Kritikf\u00e4higkeit: <\/mark>Wir schaffen eine Atmosph\u00e4re des offenen Austauschs, in der konstruktive Kritik willkommen ist und wir voneinander lernen k\u00f6nnen.<\/li>\n\n\n\n<li><mark style=\"background-color:rgba(0, 0, 0, 0)\" class=\"has-inline-color has-custom-primary-blue-color\">Transparenz:<\/mark><strong> <\/strong>Wir kommunizieren offen und ehrlich und schaffen Vertrauen durch Transparenz in unserem Handeln.<\/li>\n\n\n\n<li><mark style=\"background-color:rgba(0, 0, 0, 0)\" class=\"has-inline-color has-custom-primary-blue-color\">Wirtschaftlichkeit: <\/mark>Wir handeln verantwortungsbewusst und effizient, um langfristigen Erfolg zu sichern.<\/li>\n\n\n\n<li><mark style=\"background-color:rgba(0, 0, 0, 0)\" class=\"has-inline-color has-custom-primary-blue-color\">Zielorientiertes, konsequentes und rechtskonformes Handeln: <\/mark>Wir setzen klare Ziele, arbeiten konsequent an ihrer Umsetzung und halten uns dabei stets an geltende Gesetze und Richtlinien.<\/li>\n<\/ul>\n\n\n\n<p>Wenn Sie sich mit unseren Werten identifizieren k\u00f6nnen und Teil eines dynamischen Teams werden m\u00f6chten, das gemeinsam Erfolge feiert, dann bewerben Sie sich jetzt! Wir freuen uns darauf, Sie kennenzulernen und gemeinsam mit Ihnen die Zukunft der Oberfl\u00e4chenveredelungen zu gestalten.<\/p>\n<\/div>\n\n\n\n<div class=\"wp-block-column is-layout-flow wp-block-column-is-layout-flow\" style=\"flex-basis:50%\">\n<h3 class=\"wp-block-heading\"> Stellenangebote<\/h3>\n\n\n  <a href=\"https:\/\/www.votteler.com\/de\/job\/auszubildender-chemikant-m-w-d\/\" class=\"best-case-list\">Azubi gesucht: Chemikant (w|m|d)<\/a>\n  <a href=\"https:\/\/www.votteler.com\/de\/job\/azubi-gesucht-fachkraft-fuer-lagerlogistik-m-w-d\/\" class=\"best-case-list\">Azubi gesucht: Fachkraft f\u00fcr Lagerlogistik (w|m|d)<\/a>\n  <a href=\"https:\/\/www.votteler.com\/de\/job\/auszubildende-produktionsfachkraft-chemie-m-w-d\/\" class=\"best-case-list\">Azubi gesucht: Produktionsfachkraft Chemie (w|m|d)<\/a>\n  <a href=\"https:\/\/www.votteler.com\/de\/job\/azubi-gesucht-lacklaborant-wmd\/\" class=\"best-case-list\">Azubi gesucht: Lacklaborant (w|m|d)<\/a>\n\n\n\n<p><\/p>\n<\/div>\n<\/div>\n<\/div>\n","protected":false},"excerpt":{"rendered":"<p>Karriere bei Votteler Bei uns treffen Tradition und Innovation aufeinander. Mit \u00fcber 110 Jahren Erfahrung in der Entwicklung und Veredelung von Oberfl\u00e4chen bieten wir Ihnen nicht nur einen Job, sondern eine langfristige Perspektive in einem familiengef\u00fchrten Unternehmen. Egal, ob Einsteiger, Aufsteiger oder \u00dcberflieger &#8211; wir sind immer auf der Suche nach Au\u00dfenseitern mit Herz und [&hellip;]<\/p>\n","protected":false},"author":4,"featured_media":924,"parent":0,"menu_order":0,"comment_status":"closed","ping_status":"closed","template":"wp-custom-template-seitentemplate-unternehmen","meta":{"_acf_changed":false,"footnotes":""},"class_list":["post-696","page","type-page","status-publish","has-post-thumbnail","hentry"],"acf":[],"_links":{"self":[{"href":"https:\/\/www.votteler.com\/de\/wp-json\/wp\/v2\/pages\/696","targetHints":{"allow":["GET"]}}],"collection":[{"href":"https:\/\/www.votteler.com\/de\/wp-json\/wp\/v2\/pages"}],"about":[{"href":"https:\/\/www.votteler.com\/de\/wp-json\/wp\/v2\/types\/page"}],"author":[{"embeddable":true,"href":"https:\/\/www.votteler.com\/de\/wp-json\/wp\/v2\/users\/4"}],"replies":[{"embeddable":true,"href":"https:\/\/www.votteler.com\/de\/wp-json\/wp\/v2\/comments?post=696"}],"version-history":[{"count":45,"href":"https:\/\/www.votteler.com\/de\/wp-json\/wp\/v2\/pages\/696\/revisions"}],"predecessor-version":[{"id":4344,"href":"https:\/\/www.votteler.com\/de\/wp-json\/wp\/v2\/pages\/696\/revisions\/4344"}],"wp:featuredmedia":[{"embeddable":true,"href":"https:\/\/www.votteler.com\/de\/wp-json\/wp\/v2\/media\/924"}],"wp:attachment":[{"href":"https:\/\/www.votteler.com\/de\/wp-json\/wp\/v2\/media?parent=696"}],"curies":[{"name":"wp","href":"https:\/\/api.w.org\/{rel}","templated":true}]}}