{"id":698,"date":"2024-02-26T10:58:24","date_gmt":"2024-02-26T09:58:24","guid":{"rendered":"https:\/\/www.votteler.com\/?page_id=698"},"modified":"2024-09-04T12:53:43","modified_gmt":"2024-09-04T10:53:43","slug":"unternehmen","status":"publish","type":"page","link":"https:\/\/www.votteler.com\/de\/unternehmen\/","title":{"rendered":"Unternehmen"},"content":{"rendered":"\n<div class=\"wp-block-columns are-vertically-aligned-top is-layout-flex wp-container-core-columns-is-layout-28f84493 wp-block-columns-is-layout-flex\">\n<div class=\"wp-block-column is-vertically-aligned-top is-layout-flow wp-block-column-is-layout-flow\">\n<h3 class=\"wp-block-heading\">Wenn man etwas besser kann, dann muss man es auch besser machen!<\/h3>\n\n\n\n<p>Unsere Wurzeln reichen in den Schwarzwald zur\u00fcck, wo wir vor \u00fcber 110 Jahren mit Holzschnitzereien begannen und sp\u00e4ter deren Veredelung meisterten. Heute entwickeln wir am Stammsitz in Korntal-M\u00fcnchingen wegweisende Oberfl\u00e4chentechnologien f\u00fcr unterschiedlichste Werkstoffe in den verschiedensten Industrien.<\/p>\n\n\n\n<p>In den fast f\u00fcnf Generationen, die wir erfolgreich am Markt und in vielen<br>Branchen unterwegs sind, mussten wir uns etliche Male neu erfinden, um<br>wettbewerbsf\u00e4hig zu bleiben. Als Familienunternehmen hat uns das langfristige<br>und zukunftsorientierte Denken und Handeln dabei immer geholfen. Mit der Gr\u00fcndung einer Stiftung haben wir die Nachhaltigkeit unserer Unternehmenskultur f\u00fcr die n\u00e4chsten einhundert Jahre gesichert.<\/p>\n\n\n\n<p>Neben unserer kompromisslosen Verpflichtung zur Nachhaltigkeit folgen wir weiteren Prinzipien, die uns erfolgreich gemacht haben. Dazu geh\u00f6rt unsere konsequent hohe und gleichbleibende Qualit\u00e4t. F\u00fcr uns Au\u00dfenseiter gibt es kein &#8222;heute so und morgen so&#8220;. Konstanz bietet Sicherheit und erleichtert unser Leben. Zertifizierungen sind f\u00fcr uns dabei kein l\u00e4stiges \u00dcbel, sondern integraler Bestandteil unserer Arbeitsweise, die Sicherheit und Raum f\u00fcr Innovation schafft.<\/p>\n\n\n\n<h3 class=\"wp-block-heading\">Unsere Werte haben Tradition.<\/h3>\n\n\n\n<ul class=\"wp-block-list\">\n<li>Rechtskonformes Handeln<\/li>\n\n\n\n<li>Offene Kommunikation<\/li>\n\n\n\n<li>Transparenz<\/li>\n\n\n\n<li>Kritikf\u00e4higkeit<\/li>\n\n\n\n<li>Zielfokussierung<\/li>\n\n\n\n<li>Wirtschaftlichkeit<\/li>\n\n\n\n<li>Konsequentes Handeln<\/li>\n\n\n\n<li>Teamgeist<\/li>\n\n\n\n<li>Selbstreflexion<\/li>\n<\/ul>\n<\/div>\n\n\n\n<div class=\"wp-block-column is-vertically-aligned-top has-base-background-color has-background is-layout-flow wp-block-column-is-layout-flow\" style=\"border-style:none;border-width:0px\">\n<p><\/p>\n\n\n\n<figure class=\"wp-block-pullquote has-primary-color has-text-color has-background has-link-color wp-elements-578517474da52b9f6a246921be44bce9\" style=\"border-style:none;border-width:0px;background:linear-gradient(135deg,rgb(223,224,221) 0%,rgb(255,252,245) 51%,rgb(205,194,176) 100%);margin-top:0;margin-right:0;margin-bottom:0;margin-left:0;padding-right:var(--wp--preset--spacing--30);padding-left:var(--wp--preset--spacing--30);font-style:normal;font-weight:500\"><blockquote><p>Wir wollen&nbsp;langfristig qualitativ hochwertige, robuste und nachhaltige Oberfl\u00e4chenveredelungen anbieten und dabei Probleme l\u00f6sen, bevor sie entstehen.<\/p><\/blockquote><\/figure>\n\n\n\n<figure class=\"wp-block-image aligncenter size-large\"><img loading=\"lazy\" decoding=\"async\" width=\"1024\" height=\"683\" src=\"https:\/\/www.votteler.com\/wp-content\/uploads\/2024\/07\/Votteler-9883-1024x683.jpg\" alt=\"\" class=\"wp-image-3631\" srcset=\"https:\/\/www.votteler.com\/wp-content\/uploads\/2024\/07\/Votteler-9883-1024x683.jpg 1024w, https:\/\/www.votteler.com\/wp-content\/uploads\/2024\/07\/Votteler-9883-300x200.jpg 300w, https:\/\/www.votteler.com\/wp-content\/uploads\/2024\/07\/Votteler-9883-768x512.jpg 768w, https:\/\/www.votteler.com\/wp-content\/uploads\/2024\/07\/Votteler-9883-1536x1024.jpg 1536w, https:\/\/www.votteler.com\/wp-content\/uploads\/2024\/07\/Votteler-9883-2048x1365.jpg 2048w\" sizes=\"auto, (max-width: 1024px) 100vw, 1024px\" \/><\/figure>\n<\/div>\n<\/div>\n\n\n\n<p>Unsere Kritikf\u00e4higkeit, offene Kommunikation, zielorientiertes Handeln und Einhaltung rechtlicher Rahmenbedingungen gehen oft \u00fcber die Anforderungen von Zertifizierungen hinaus. Wir streben st\u00e4ndig nach mehr Wissen und kennen die Anlagen unserer Kunden oft besser als sie selbst, weshalb wir gerne als Berater fungieren. Unser Anspruch an einzigartige Oberfl\u00e4chen erfordert umfassende Prozesskenntnisse, nicht nur Materialqualit\u00e4t. Wir lieben es, das Design-Ingenieur-Dilemma zu l\u00f6sen: Wenn ein Designer eine innovative Oberfl\u00e4che entwirft und der Ingenieur sie umsetzt, sind wir in unserem Element. So entstand unsere <a href=\"https:\/\/www.votteler.com\/de\/branchen\/rim\/\">RIM-Two-In-One-Shot-Technologie<\/a>. Geht nicht, gibt&#8217;s bei uns nicht. Wenn es einen Prozess noch nicht gibt, erfinden wir ihn. Aus Two-Shot haben wir im RIM-Bereich Two-In-One-Shot gemacht, um neue M\u00f6glichkeiten f\u00fcr bessere Oberfl\u00e4chen zu schaffen. Mit einer eigens entwickelten <a href=\"https:\/\/www.votteler.com\/de\/technikum\/rim-technikum\/\">Spritzgussmaschine<\/a> haben wir den Prozess perfektioniert. Andere nennen das Innovation, wir nennen es erweiterte Oberfl\u00e4chenveredelung und bessere Wirtschaftlichkeit.<\/p>\n\n\n\n<div class=\"wp-block-cover alignfull is-light has-parallax wp-duotone-000000-1e4e9d-1\" style=\"margin-top:30px;margin-bottom:30px;min-height:339px;aspect-ratio:unset;\"><span aria-hidden=\"true\" class=\"wp-block-cover__background has-contrast-background-color has-background-dim-30 has-background-dim\"><\/span><div class=\"wp-block-cover__image-background wp-image-1597 has-parallax\" style=\"background-position:50% 50%;background-image:url(https:\/\/www.votteler.com\/wp-content\/uploads\/2024\/03\/03_unternehmen.jpg)\"><\/div><div class=\"wp-block-cover__inner-container has-global-padding is-layout-constrained wp-container-core-cover-is-layout-aff55d57 wp-block-cover-is-layout-constrained\">\n<div class=\"wp-block-columns is-layout-flex wp-container-core-columns-is-layout-28f84493 wp-block-columns-is-layout-flex\">\n<div class=\"wp-block-column has-global-padding is-layout-constrained wp-container-core-column-is-layout-79ca9124 wp-block-column-is-layout-constrained\">\n<h2 class=\"wp-block-heading has-text-align-left has-white-color has-text-color\" style=\"font-size:clamp(1.976em, 1.976rem + ((1vw - 0.2em) * 2.258), 3.5em);font-style:normal;font-weight:600;letter-spacing:0px;line-height:1.3;text-transform:none\">Wir sind Votteler. Ihr Partner f\u00fcr perfekte Au\u00dfenseiten seit 1907.<\/h2>\n<\/div>\n\n\n\n<div class=\"wp-block-column is-layout-flow wp-block-column-is-layout-flow\">\n<p><\/p>\n\n\n\n<p class=\"has-base-color has-text-color has-link-color has-medium-font-size wp-elements-d9172629418c5714abf2a145022600ac\" style=\"font-style:normal;font-weight:500\">Neben unternehmerischer Weitsicht legen wir gr\u00f6\u00dften Wert auf ein wertsch\u00e4tzendes Miteinander. Dazu geh\u00f6rt f\u00fcr uns ein offener, ehrlicher und fairer Umgang. Wir achten die Pers\u00f6nlichkeit unseres Gegen\u00fcbers sowie die Sitten und Br\u00e4uche anderer L\u00e4nder. Gesetze und Richtlinien sind f\u00fcr uns bindend. Unser Umgang mit nat\u00fcrlichen und endlichen Ressourcen ist von Umsicht und Nachhaltigkeit gepr\u00e4gt.&nbsp;<\/p>\n<\/div>\n<\/div>\n<\/div><\/div>\n\n\n\n<div class=\"wp-block-columns is-layout-flex wp-container-core-columns-is-layout-28f84493 wp-block-columns-is-layout-flex\">\n<div class=\"wp-block-column is-layout-flow wp-container-core-column-is-layout-f5bb311e wp-block-column-is-layout-flow\">\n<h3 class=\"wp-block-heading has-primary-color has-text-color has-link-color wp-elements-7e1815177e0f10b5ca2e35c5b500a87f\">Als Experte f\u00fcr qualitativ hochwertige Oberfl\u00e4chenl\u00f6sungen stehen wir f\u00fcr &#8230; <\/h3>\n\n\n\n<div class=\"wp-block-columns is-layout-flex wp-container-core-columns-is-layout-74aa2b33 wp-block-columns-is-layout-flex\">\n<div class=\"wp-block-column has-base-color has-text-color has-background has-link-color wp-elements-add25e4125b89c2e18b31bfbff626cab is-layout-flow wp-block-column-is-layout-flow\" style=\"background:linear-gradient(135deg,rgb(30,78,157) 0%,rgb(35,86,175) 100%);padding-top:30px;padding-right:30px;padding-bottom:30px;padding-left:30px\">\n<p style=\"font-style:normal;font-weight:500\">Innovationskraft, durch Pioniergeist, Innovationsf\u00fchrerschaft, Design &amp; Ingenieurskunst.<br><\/p>\n<\/div>\n\n\n\n<div class=\"wp-block-column has-base-color has-text-color has-background has-link-color wp-elements-d3a0aad43a5a0054ff782e688f58da56 is-layout-flow wp-block-column-is-layout-flow\" style=\"background:linear-gradient(233deg,rgb(30,78,157) 0%,rgb(35,86,175) 100%);padding-top:30px;padding-right:30px;padding-bottom:30px;padding-left:30px\">\n<p style=\"font-style:normal;font-weight:500\">Wirtschaftlichkeit, durch individuelle L\u00f6sungen und effiziente Prozesse.<\/p>\n<\/div>\n<\/div>\n\n\n\n<div class=\"wp-block-columns is-layout-flex wp-container-core-columns-is-layout-7a388f84 wp-block-columns-is-layout-flex\" style=\"margin-top:10px;margin-bottom:10px\">\n<div class=\"wp-block-column has-base-color has-text-color has-background has-link-color wp-elements-e05160f0c127691f3c1ff8dd96d6eaa6 has-global-padding is-layout-constrained wp-container-core-column-is-layout-edcd9cee wp-block-column-is-layout-constrained\" style=\"background:linear-gradient(135deg,rgb(30,78,157) 0%,rgb(35,86,175) 100%);padding-top:30px;padding-right:30px;padding-bottom:30px;padding-left:30px\">\n<p class=\"has-base-color has-text-color has-link-color wp-elements-ad11705e5b23048e2b68b9ff9531b099\" style=\"font-style:normal;font-weight:500\">\u00d6kologie, durch Systeme mit geringen Emissionen, den Verzicht auf eine Kennzeichnungspflicht, niedrige&nbsp;Ausschussraten und den sorgsamen Umgang mit Ressourcen.<\/p>\n<\/div>\n\n\n\n<div class=\"wp-block-column has-base-color has-text-color has-background has-link-color wp-elements-d1d64468e28984e3c05b57eb924fc247 is-layout-flow wp-block-column-is-layout-flow\" style=\"background:linear-gradient(224deg,rgb(30,78,157) 0%,rgb(35,86,175) 100%);padding-top:30px;padding-right:30px;padding-bottom:30px;padding-left:30px\">\n<p style=\"font-style:normal;font-weight:500\">Tradition, durch langj\u00e4hrige Partnerschaften, vertrauensvolle Kundenbeziehungen mittelst\u00e4ndische Flexibilit\u00e4t und nachhaltiges Handeln.<\/p>\n<\/div>\n<\/div>\n<\/div>\n<\/div>\n\n\n\n<div class=\"wp-block-columns is-layout-flex wp-container-core-columns-is-layout-28f84493 wp-block-columns-is-layout-flex\">\n<div class=\"wp-block-column is-layout-flow wp-block-column-is-layout-flow\" style=\"flex-basis:50%\">\n<div class=\"wp-block-group has-global-padding is-layout-constrained wp-block-group-is-layout-constrained\">\n<div class=\"wp-block-columns is-layout-flex wp-container-core-columns-is-layout-28f84493 wp-block-columns-is-layout-flex\">\n<div class=\"wp-block-column is-layout-flow wp-block-column-is-layout-flow\" style=\"flex-basis:100%\">\n<div class=\"wp-block-group has-global-padding is-layout-constrained wp-block-group-is-layout-constrained\">\n<h3 class=\"wp-block-heading\">Werden Sie ein Au\u00dfenseiter mit Insider-L\u00f6sungen! <\/h3>\n\n\n\n<p>Sie machen die Welt gerne bunter? Bei uns treffen kreative K\u00f6pfe auf innovative L\u00f6sungen und gemeinsam gestalten wir die Zukunft von Holz und Automotive. Join us! Alle derzeit freien Stellen f\u00fcr Einsteiger, Aufsteiger und \u00dcberflieger finden Sie hier:<\/p>\n\n\n\n<div class=\"wp-block-buttons is-layout-flex wp-block-buttons-is-layout-flex\">\n<div class=\"wp-block-button\"><a class=\"wp-block-button__link wp-element-button\" href=\"https:\/\/www.votteler.com\/karriere\/\">Karriere<\/a><\/div>\n<\/div>\n<\/div>\n<\/div>\n<\/div>\n<\/div>\n<\/div>\n\n\n\n<div class=\"wp-block-column is-layout-flow wp-block-column-is-layout-flow\" style=\"flex-basis:50%\">\n<figure class=\"wp-block-image size-large\"><img loading=\"lazy\" decoding=\"async\" width=\"1024\" height=\"510\" src=\"https:\/\/www.votteler.com\/wp-content\/uploads\/2024\/02\/01_karriere-1024x510.png\" alt=\"Karriere bei Votteler\" class=\"wp-image-924\" srcset=\"https:\/\/www.votteler.com\/wp-content\/uploads\/2024\/02\/01_karriere-1024x510.png 1024w, https:\/\/www.votteler.com\/wp-content\/uploads\/2024\/02\/01_karriere-300x149.png 300w, https:\/\/www.votteler.com\/wp-content\/uploads\/2024\/02\/01_karriere-768x382.png 768w, https:\/\/www.votteler.com\/wp-content\/uploads\/2024\/02\/01_karriere-1536x765.png 1536w, https:\/\/www.votteler.com\/wp-content\/uploads\/2024\/02\/01_karriere.png 1920w\" sizes=\"auto, (max-width: 1024px) 100vw, 1024px\" \/><\/figure>\n<\/div>\n<\/div>\n","protected":false},"excerpt":{"rendered":"<p>Wenn man etwas besser kann, dann muss man es auch besser machen! Unsere Wurzeln reichen in den Schwarzwald zur\u00fcck, wo wir vor \u00fcber 110 Jahren mit Holzschnitzereien begannen und sp\u00e4ter deren Veredelung meisterten. Heute entwickeln wir am Stammsitz in Korntal-M\u00fcnchingen wegweisende Oberfl\u00e4chentechnologien f\u00fcr unterschiedlichste Werkstoffe in den verschiedensten Industrien. In den fast f\u00fcnf Generationen, die [&hellip;]<\/p>\n","protected":false},"author":4,"featured_media":3643,"parent":0,"menu_order":0,"comment_status":"closed","ping_status":"closed","template":"wp-custom-template-seitentemplate-unternehmen","meta":{"_acf_changed":false,"footnotes":""},"class_list":["post-698","page","type-page","status-publish","has-post-thumbnail","hentry"],"acf":[],"_links":{"self":[{"href":"https:\/\/www.votteler.com\/de\/wp-json\/wp\/v2\/pages\/698","targetHints":{"allow":["GET"]}}],"collection":[{"href":"https:\/\/www.votteler.com\/de\/wp-json\/wp\/v2\/pages"}],"about":[{"href":"https:\/\/www.votteler.com\/de\/wp-json\/wp\/v2\/types\/page"}],"author":[{"embeddable":true,"href":"https:\/\/www.votteler.com\/de\/wp-json\/wp\/v2\/users\/4"}],"replies":[{"embeddable":true,"href":"https:\/\/www.votteler.com\/de\/wp-json\/wp\/v2\/comments?post=698"}],"version-history":[{"count":61,"href":"https:\/\/www.votteler.com\/de\/wp-json\/wp\/v2\/pages\/698\/revisions"}],"predecessor-version":[{"id":4293,"href":"https:\/\/www.votteler.com\/de\/wp-json\/wp\/v2\/pages\/698\/revisions\/4293"}],"wp:featuredmedia":[{"embeddable":true,"href":"https:\/\/www.votteler.com\/de\/wp-json\/wp\/v2\/media\/3643"}],"wp:attachment":[{"href":"https:\/\/www.votteler.com\/de\/wp-json\/wp\/v2\/media?parent=698"}],"curies":[{"name":"wp","href":"https:\/\/api.w.org\/{rel}","templated":true}]}}