{"id":700,"date":"2024-02-26T10:59:32","date_gmt":"2024-02-26T09:59:32","guid":{"rendered":"https:\/\/www.votteler.com\/?page_id=700"},"modified":"2025-06-10T15:06:26","modified_gmt":"2025-06-10T13:06:26","slug":"standorte","status":"publish","type":"page","link":"https:\/\/www.votteler.com\/de\/unternehmen\/standorte\/","title":{"rendered":"Standorte"},"content":{"rendered":"\n<div class=\"wp-block-columns is-layout-flex wp-container-core-columns-is-layout-28f84493 wp-block-columns-is-layout-flex\">\n<div class=\"wp-block-column is-layout-flow wp-block-column-is-layout-flow\">\n<p><strong>Deutschland<\/strong><br>VOTTELER Lackfabrik GmbH &amp; Co. KG<\/p>\n\n\n\n<p>Hausanschrift:<br>Schwieberdinger Stra\u00dfe 97\/102<br>70825 Korntal-M\u00fcnchingen<br>Deutschland<\/p>\n\n\n\n<p>Postanschrift:<br>70822 Korntal-M\u00fcnchingen<br>Deutschland<\/p>\n\n\n\n<p>Telefon:&nbsp;+49 711 98 04-5<br>Telefax:&nbsp;+49 711 98 04-642<br>E-Mail:&nbsp;d.info@votteler.com<\/p>\n\n\n\n<div class=\"wp-block-buttons is-layout-flex wp-block-buttons-is-layout-flex\">\n<div class=\"wp-block-button has-custom-width wp-block-button__width-50\"><a class=\"wp-block-button__link has-base-color has-text-color has-link-color wp-element-button\" href=\"https:\/\/www.votteler.com\/anfrage\/\">Jetzt Kontakt aufnehmen<\/a><\/div>\n<\/div>\n<\/div>\n\n\n\n<div class=\"wp-block-column is-layout-flow wp-block-column-is-layout-flow\">\n<p><strong>\u00d6sterreich<\/strong><br>VOTTELER Lacktechnik GmbH<br>Malvenstra\u00dfe 7<br>4600 Wels<br>\u00d6sterreich<\/p>\n\n\n\n<p>Telefon:&nbsp;+43 7242 7 59-0<br>Telefax:&nbsp;+43 7242 7 59-113<br>E-Mail:&nbsp;at.info@votteler.com<\/p>\n\n\n\n<div class=\"wp-block-buttons is-layout-flex wp-block-buttons-is-layout-flex\">\n<div class=\"wp-block-button has-custom-width wp-block-button__width-50\"><a class=\"wp-block-button__link wp-element-button\" href=\"https:\/\/www.votteler.at\" target=\"_blank\" rel=\"noreferrer noopener\">VOTTELER Website \u00d6sterreich besuchen<\/a><\/div>\n<\/div>\n<\/div>\n\n\n\n<div class=\"wp-block-column is-layout-flow wp-block-column-is-layout-flow\">\n<p><strong>Schweiz<\/strong><br>VOTTELER AG Lackfabrik<br>Wiler Strasse 3<br>9536 Schwarzenbach\/SG<br>Schweiz<\/p>\n\n\n\n<p>Telefon:&nbsp;+47 71 929 52-82<br>Telefax:&nbsp;+47 71 929 52-84<br>E-Mail:&nbsp;info@votteler.ch<\/p>\n\n\n\n<div class=\"wp-block-buttons is-layout-flex wp-block-buttons-is-layout-flex\">\n<div class=\"wp-block-button has-custom-width wp-block-button__width-50\"><a class=\"wp-block-button__link wp-element-button\" href=\"https:\/\/www.votteler.ch\" target=\"_blank\" rel=\"noreferrer noopener\">VOTTELER Website Schweiz besuchen<\/a><\/div>\n<\/div>\n<\/div>\n<\/div>\n\n\n\n<p><\/p>\n","protected":false},"excerpt":{"rendered":"<p>DeutschlandVOTTELER Lackfabrik GmbH &amp; Co. KG Hausanschrift:Schwieberdinger Stra\u00dfe 97\/10270825 Korntal-M\u00fcnchingenDeutschland Postanschrift:70822 Korntal-M\u00fcnchingenDeutschland Telefon:&nbsp;+49 711 98 04-5Telefax:&nbsp;+49 711 98 04-642E-Mail:&nbsp;d.info@votteler.com \u00d6sterreichVOTTELER Lacktechnik GmbHMalvenstra\u00dfe 74600 Wels\u00d6sterreich Telefon:&nbsp;+43 7242 7 59-0Telefax:&nbsp;+43 7242 7 59-113E-Mail:&nbsp;at.info@votteler.com SchweizVOTTELER AG LackfabrikWiler Strasse 39536 Schwarzenbach\/SGSchweiz Telefon:&nbsp;+47 71 929 52-82Telefax:&nbsp;+47 71 929 52-84E-Mail:&nbsp;info@votteler.ch<\/p>\n","protected":false},"author":4,"featured_media":1839,"parent":698,"menu_order":0,"comment_status":"closed","ping_status":"closed","template":"wp-custom-template-seitentemplate-unternehmen","meta":{"_acf_changed":false,"footnotes":""},"class_list":["post-700","page","type-page","status-publish","has-post-thumbnail","hentry"],"acf":[],"_links":{"self":[{"href":"https:\/\/www.votteler.com\/de\/wp-json\/wp\/v2\/pages\/700","targetHints":{"allow":["GET"]}}],"collection":[{"href":"https:\/\/www.votteler.com\/de\/wp-json\/wp\/v2\/pages"}],"about":[{"href":"https:\/\/www.votteler.com\/de\/wp-json\/wp\/v2\/types\/page"}],"author":[{"embeddable":true,"href":"https:\/\/www.votteler.com\/de\/wp-json\/wp\/v2\/users\/4"}],"replies":[{"embeddable":true,"href":"https:\/\/www.votteler.com\/de\/wp-json\/wp\/v2\/comments?post=700"}],"version-history":[{"count":8,"href":"https:\/\/www.votteler.com\/de\/wp-json\/wp\/v2\/pages\/700\/revisions"}],"predecessor-version":[{"id":4384,"href":"https:\/\/www.votteler.com\/de\/wp-json\/wp\/v2\/pages\/700\/revisions\/4384"}],"up":[{"embeddable":true,"href":"https:\/\/www.votteler.com\/de\/wp-json\/wp\/v2\/pages\/698"}],"wp:featuredmedia":[{"embeddable":true,"href":"https:\/\/www.votteler.com\/de\/wp-json\/wp\/v2\/media\/1839"}],"wp:attachment":[{"href":"https:\/\/www.votteler.com\/de\/wp-json\/wp\/v2\/media?parent=700"}],"curies":[{"name":"wp","href":"https:\/\/api.w.org\/{rel}","templated":true}]}}