{"id":706,"date":"2024-02-26T11:06:56","date_gmt":"2024-02-26T10:06:56","guid":{"rendered":"https:\/\/www.votteler.com\/?page_id=706"},"modified":"2024-07-19T12:04:23","modified_gmt":"2024-07-19T10:04:23","slug":"gruppe","status":"publish","type":"page","link":"https:\/\/www.votteler.com\/de\/gruppe\/","title":{"rendered":"Gruppe"},"content":{"rendered":"\n<h2 class=\"wp-block-heading\">Oberfl\u00e4chen behandelt man mit<br>Respekt \u2014 und mit erstklassigen Lacken,<br>Beizen und \u00d6len von Votteler.<\/h2>\n\n\n\n<p>Die Au\u00dfenseite ist das erste, was wir zu Gesicht bekommen. Was uns ins Auge f\u00e4llt, was wir werten und im besten Fall als wertvoll erachten. Deshalb muss hier alles stimmen. F\u00fcr erstklassige Au\u00dfenseiten geben wir alles \u2013 manchmal sogar ein bisschen mehr. Das macht uns zu Au\u00dfenseitern. Wir stecken all unsere Erfahrung und unser Herzblut in jeden einzelnen Tropfen Lack, Beize und \u00d6l. Das werden Sie merken \u2013 beim Anmischen, beim Verarbeiten, im Kontakt mit unseren Experten und an den strahlenden Augen Ihrer Kunden. Und darauf sind wir stolz.<\/p>\n\n\n\n<h2 class=\"wp-block-heading\">Was uns zu echten<br>Au\u00dfenseitern macht.<\/h2>\n\n\n\n<ul class=\"wp-block-list\">\n<li>Lackkompetenz seit 1907<\/li>\n\n\n\n<li>Entwicklung branchenspezifischer Speziall\u00f6sungen<\/li>\n\n\n\n<li>Prozessorientiertes Technikum f\u00fcr jede Anwendung und Applikation<\/li>\n\n\n\n<li>Gepr\u00fcfte Verarbeitungssicherheit<\/li>\n\n\n\n<li>Erf\u00fcllung aller relevanten Zertifizierungen<\/li>\n\n\n\n<li>Kompromisslos hohe Qualit\u00e4t zum fairen Preis<\/li>\n<\/ul>\n\n\n\n<p><strong>Ob Votteler das richtige f\u00fcr Ihre Branche ist?&nbsp;<a href=\"https:\/\/www.votteler.com\/branchen\">Hier<\/a>&nbsp;finden Sie es heraus.<\/strong><\/p>\n","protected":false},"excerpt":{"rendered":"<p>Oberfl\u00e4chen behandelt man mitRespekt \u2014 und mit erstklassigen Lacken,Beizen und \u00d6len von Votteler. Die Au\u00dfenseite ist das erste, was wir zu Gesicht bekommen. Was uns ins Auge f\u00e4llt, was wir werten und im besten Fall als wertvoll erachten. Deshalb muss hier alles stimmen. F\u00fcr erstklassige Au\u00dfenseiten geben wir alles \u2013 manchmal sogar ein bisschen mehr. [&hellip;]<\/p>\n","protected":false},"author":4,"featured_media":0,"parent":0,"menu_order":0,"comment_status":"closed","ping_status":"closed","template":"","meta":{"_acf_changed":false,"footnotes":""},"class_list":["post-706","page","type-page","status-publish","hentry"],"acf":[],"_links":{"self":[{"href":"https:\/\/www.votteler.com\/de\/wp-json\/wp\/v2\/pages\/706","targetHints":{"allow":["GET"]}}],"collection":[{"href":"https:\/\/www.votteler.com\/de\/wp-json\/wp\/v2\/pages"}],"about":[{"href":"https:\/\/www.votteler.com\/de\/wp-json\/wp\/v2\/types\/page"}],"author":[{"embeddable":true,"href":"https:\/\/www.votteler.com\/de\/wp-json\/wp\/v2\/users\/4"}],"replies":[{"embeddable":true,"href":"https:\/\/www.votteler.com\/de\/wp-json\/wp\/v2\/comments?post=706"}],"version-history":[{"count":1,"href":"https:\/\/www.votteler.com\/de\/wp-json\/wp\/v2\/pages\/706\/revisions"}],"predecessor-version":[{"id":707,"href":"https:\/\/www.votteler.com\/de\/wp-json\/wp\/v2\/pages\/706\/revisions\/707"}],"wp:attachment":[{"href":"https:\/\/www.votteler.com\/de\/wp-json\/wp\/v2\/media?parent=706"}],"curies":[{"name":"wp","href":"https:\/\/api.w.org\/{rel}","templated":true}]}}