{"id":708,"date":"2024-02-26T11:08:35","date_gmt":"2024-02-26T10:08:35","guid":{"rendered":"https:\/\/www.votteler.com\/?page_id=708"},"modified":"2024-12-17T17:12:32","modified_gmt":"2024-12-17T16:12:32","slug":"impressum","status":"publish","type":"page","link":"https:\/\/www.votteler.com\/de\/impressum\/","title":{"rendered":"Impressum"},"content":{"rendered":"\n<h1 class=\"wp-block-heading\">Impressum<\/h1>\n\n\n\n<h4 class=\"wp-block-heading\">Die folgenden Angaben beziehen sich auf den Anbieter dieses Internetauftritts:<\/h4>\n\n\n\n<h5 class=\"wp-block-heading\"><br>Votteler Lackfabrik GmbH &amp; Co. KG<\/h5>\n\n\n\n<p>Schwieberdinger Str. 97\/102<br>D-70825 Korntal-M\u00fcnchingen<br>Germany<\/p>\n\n\n\n<p>Telefonnummer: +49 711 9804 5<br>E-Mail: d.info@votteler.com<\/p>\n\n\n\n<p><strong>Komplement\u00e4rgesellschaft<\/strong><br>Votteler Lackfabrik Verwaltungsgesellschaft mbH<\/p>\n\n\n\n<p><strong>Gesch\u00e4ftsf\u00fchrerin<\/strong><br>Stephanie Raisch<\/p>\n\n\n\n<p><strong>Registereintragungen<\/strong><br>Registergericht: Amtsgericht Stuttgart<br>Handelsregisternummer: HRA 201386<\/p>\n\n\n\n<p><strong>Umsatzsteueridentifikationsnummer<\/strong><br>DE 146000652<\/p>\n\n\n\n<p><br><strong>Folgende Auslandsgesellschaften der Votteler Lackfabrik GmbH &amp; Co. KG besitzen eigene Rechtspers\u00f6nlichkeit<\/strong><br>Name, Sitz und Anschrift<br>Votteler AG Lackfabrik<br>Wiler Str. 3<br>CH-9536 Schwarzenbach<\/p>\n\n\n\n<p>Telefonnummer: +41 71 929 52 82<br>Telefax: +41 71 929 52 84<br>E-Mail: info@votteler.ch<\/p>\n\n\n\n<p><strong>Gesch\u00e4ftsf\u00fchrer<\/strong><br>Herr Stefan Koller<\/p>\n\n\n\n<p><br><strong>Registereintragungen<\/strong><br>Sitz: CH-9243 Jonschwil<br>Firmenummer: CH-320.3.015.982-1<\/p>\n\n\n\n<p><strong>Mehrwertsteuernummer<\/strong><br>172 923<\/p>\n\n\n\n<p><br><strong>Name, Sitz und Anschrift<\/strong><br>Votteler Lacktechnik GmbH<br>Gro\u00dfhandel mit Lacken<\/p>\n\n\n\n<p>UID-Nr.: ATU 25215601<br>FN: 38157p<br>FB-Gericht: LG Wels<br>Sitz: 4600 Wels<br>&nbsp;<\/p>\n\n\n\n<p><\/p>\n","protected":false},"excerpt":{"rendered":"<p>Impressum Die folgenden Angaben beziehen sich auf den Anbieter dieses Internetauftritts: Votteler Lackfabrik GmbH &amp; Co. KG Schwieberdinger Str. 97\/102D-70825 Korntal-M\u00fcnchingenGermany Telefonnummer: +49 711 9804 5E-Mail: d.info@votteler.com Komplement\u00e4rgesellschaftVotteler Lackfabrik Verwaltungsgesellschaft mbH Gesch\u00e4ftsf\u00fchrerinStephanie Raisch RegistereintragungenRegistergericht: Amtsgericht StuttgartHandelsregisternummer: HRA 201386 UmsatzsteueridentifikationsnummerDE 146000652 Folgende Auslandsgesellschaften der Votteler Lackfabrik GmbH &amp; Co. KG besitzen eigene Rechtspers\u00f6nlichkeitName, Sitz und AnschriftVotteler [&hellip;]<\/p>\n","protected":false},"author":4,"featured_media":0,"parent":0,"menu_order":0,"comment_status":"closed","ping_status":"closed","template":"","meta":{"_acf_changed":false,"footnotes":""},"class_list":["post-708","page","type-page","status-publish","hentry"],"acf":[],"_links":{"self":[{"href":"https:\/\/www.votteler.com\/de\/wp-json\/wp\/v2\/pages\/708","targetHints":{"allow":["GET"]}}],"collection":[{"href":"https:\/\/www.votteler.com\/de\/wp-json\/wp\/v2\/pages"}],"about":[{"href":"https:\/\/www.votteler.com\/de\/wp-json\/wp\/v2\/types\/page"}],"author":[{"embeddable":true,"href":"https:\/\/www.votteler.com\/de\/wp-json\/wp\/v2\/users\/4"}],"replies":[{"embeddable":true,"href":"https:\/\/www.votteler.com\/de\/wp-json\/wp\/v2\/comments?post=708"}],"version-history":[{"count":13,"href":"https:\/\/www.votteler.com\/de\/wp-json\/wp\/v2\/pages\/708\/revisions"}],"predecessor-version":[{"id":4355,"href":"https:\/\/www.votteler.com\/de\/wp-json\/wp\/v2\/pages\/708\/revisions\/4355"}],"wp:attachment":[{"href":"https:\/\/www.votteler.com\/de\/wp-json\/wp\/v2\/media?parent=708"}],"curies":[{"name":"wp","href":"https:\/\/api.w.org\/{rel}","templated":true}]}}