{"id":710,"date":"2024-02-26T11:10:07","date_gmt":"2024-02-26T10:10:07","guid":{"rendered":"https:\/\/www.votteler.com\/?page_id=710"},"modified":"2024-07-19T12:04:24","modified_gmt":"2024-07-19T10:04:24","slug":"hinweisgeberschutzgesetz","status":"publish","type":"page","link":"https:\/\/www.votteler.com\/de\/hinweisgeberschutzgesetz\/","title":{"rendered":"Hinweisgeberschutzgesetz"},"content":{"rendered":"\n<h1 class=\"wp-block-heading\">Hinweisgeberschutzgesetz<\/h1>\n\n\n\n<h3 class=\"wp-block-heading\">Meldestelle der Votteler Lackfabrik GmbH &amp; Co. KG<\/h3>\n\n\n\n<p><br>Die Votteler Lackfabrik GmbH &amp; Co. KG betreibt ein vertrauliches Hinweisportal nach \u00a7\u00a7 12 ff. HinSchG. Alle Mitarbeiter oder Gesch\u00e4ftspartner, die m\u00f6gliche Verst\u00f6\u00dfe der Votteler Lackfabrik GmbH &amp; Co. KG oder anderer Konzerngesellschaften gegen Strafvorschriften, andere gesetzliche Vorgaben, interne Richtlinien, unsere Verhaltensgrunds\u00e4tze oder sonstiges abtr\u00e4gliches Verhalten melden m\u00f6chten, d\u00fcrfen einen Hinweis an den Compliance Verantwortlichen der Votteler Lackfabrik GmbH &amp; Co. KG geben. Der Compliance Verantwortliche ist nach \u00a7\u00a7 8, 9 HinSchG zur Vertraulichkeit verpflichtet.<br><br>Bitte vergewissern Sie sich, dass Sie nicht gegen gesetzliche Bestimmungen wie den Datenschutz versto\u00dfen, wenn Sie unsere freiwillige Meldestelle nutzen. Teilen Sie nur und genauso viele Daten mit wie n\u00f6tig. Bedenken Sie bitte, bevor Sie Verd\u00e4chtiges melden, dass Ihr Hinweis zu schwerwiegenden Folgen f\u00fcr die Betroffenen f\u00fchren kann.<br><br>Bitte geben Sie keine personenbezogenen Daten wie beispielsweise Ihre Beziehung zum Verd\u00e4chtigen oder Ihren Namen an, falls Sie anonym bleiben m\u00f6chten. Geben Sie dann keine Tatsachen an, die zu Ihnen zur\u00fcckverfolgt werden k\u00f6nnen. Wir bitten Sie jedoch um Angabe Ihrer Personalien, weil wir dann R\u00fcckfragen stellen und das Problem wahrscheinlich effektiver l\u00f6sen k\u00f6nnen. Die Schutzklauseln der \u00a7\u00a7 33 bis 38 HinSchG sind f\u00fcr alle Beteiligten anwendbar.<br><br>Bitte nutzen Sie unsere Meldestelle nicht f\u00fcr Kundenanfragen, sonstige Beschwerden oder um Fragen zu Dienstleistungen oder Produkten der Votteler Lackfabrik GmbH &amp; Co. KG. Aufgrund der Verschwiegenheitspflicht d\u00fcrfen diese nicht weitergeleitet werden.<\/p>\n\n\n\n<p>Zur\u00a0<a href=\"https:\/\/hint.kameon.de\/?rp=7ebe6f02-1dac-45e6-bd70-b0cf2f5c3c93\">Meldestelle<\/a>.<br>\u00a0<\/p>\n\n\n\n<p>Stand: Dezember 2023<br>&nbsp;<\/p>\n","protected":false},"excerpt":{"rendered":"<p>Hinweisgeberschutzgesetz Meldestelle der Votteler Lackfabrik GmbH &amp; Co. KG Die Votteler Lackfabrik GmbH &amp; Co. KG betreibt ein vertrauliches Hinweisportal nach \u00a7\u00a7 12 ff. HinSchG. Alle Mitarbeiter oder Gesch\u00e4ftspartner, die m\u00f6gliche Verst\u00f6\u00dfe der Votteler Lackfabrik GmbH &amp; Co. KG oder anderer Konzerngesellschaften gegen Strafvorschriften, andere gesetzliche Vorgaben, interne Richtlinien, unsere Verhaltensgrunds\u00e4tze oder sonstiges abtr\u00e4gliches Verhalten [&hellip;]<\/p>\n","protected":false},"author":4,"featured_media":0,"parent":0,"menu_order":0,"comment_status":"closed","ping_status":"closed","template":"","meta":{"_acf_changed":false,"footnotes":""},"class_list":["post-710","page","type-page","status-publish","hentry"],"acf":[],"_links":{"self":[{"href":"https:\/\/www.votteler.com\/de\/wp-json\/wp\/v2\/pages\/710","targetHints":{"allow":["GET"]}}],"collection":[{"href":"https:\/\/www.votteler.com\/de\/wp-json\/wp\/v2\/pages"}],"about":[{"href":"https:\/\/www.votteler.com\/de\/wp-json\/wp\/v2\/types\/page"}],"author":[{"embeddable":true,"href":"https:\/\/www.votteler.com\/de\/wp-json\/wp\/v2\/users\/4"}],"replies":[{"embeddable":true,"href":"https:\/\/www.votteler.com\/de\/wp-json\/wp\/v2\/comments?post=710"}],"version-history":[{"count":5,"href":"https:\/\/www.votteler.com\/de\/wp-json\/wp\/v2\/pages\/710\/revisions"}],"predecessor-version":[{"id":3792,"href":"https:\/\/www.votteler.com\/de\/wp-json\/wp\/v2\/pages\/710\/revisions\/3792"}],"wp:attachment":[{"href":"https:\/\/www.votteler.com\/de\/wp-json\/wp\/v2\/media?parent=710"}],"curies":[{"name":"wp","href":"https:\/\/api.w.org\/{rel}","templated":true}]}}